{"id":636154,"date":"2025-03-22T03:30:16","date_gmt":"2025-03-22T02:30:16","guid":{"rendered":"https:\/\/shop.kustom.ch\/?post_type=product&#038;p=636154"},"modified":"2026-03-27T14:26:55","modified_gmt":"2026-03-27T13:26:55","slug":"adv-charge-perforated-tank-top-w","status":"publish","type":"product","link":"https:\/\/shop.kustom.ch\/it\/prodotto\/adv-charge-perforated-tank-top-w\/","title":{"rendered":"ADV Charge Canotta traforata W"},"content":{"rendered":"<p>La canotta traforata ADV Tone \u00e8 un top da allenamento altamente funzionale progettato per la maggior parte degli allenamenti ad alta intensit\u00e0.<\/p>\n<p>Questa canotta per l'allenamento avanzato \u00e8 realizzata in tessuto jersey elasticizzato e ad asciugatura rapida che garantisce un efficiente trasporto dell'umidit\u00e0 durante l'attivit\u00e0 fisica intensa. Il design ergonomico del capo, unito all'elevata elasticit\u00e0, garantisce un'eccellente libert\u00e0 di movimento e un comfort ottimale. Inoltre, la canotta \u00e8 dotata di aperture di ventilazione perforate sul davanti e sul retro per una migliore regolazione della temperatura corporea.<\/p>\n<p>- Morbido tessuto elasticizzato in poliammide ed elastan riciclati<br \/>\n- Ventilazione perforata sul davanti e sul retro<br \/>\n- Taglio normale<\/p>\n<p>Materiale: 85% poliestere 15% elastan<\/p>","protected":false},"excerpt":{"rendered":"<p>Das ADV Tone Perforated Tank Top ist ein hochfunktionelles Trainingsoberteil, das f\u00fcr die meisten Arten hochintensiver Workouts entwickelt wurde. Dieses fortschrittliche Trainings-Tanktop besteht aus einem dehnbaren und schnelltrocknenden Jersey-Stoff, der bei intensiven k\u00f6rperlichen Aktivit\u00e4ten f\u00fcr einen effizienten Feuchtigkeitstransport sorgt. Das ergonomische Design des Kleidungsst\u00fccks in Kombination mit seiner hohen Elastizit\u00e4t gew\u00e4hrleistet hervorragende Bewegungsfreiheit und optimalen [&hellip;]<\/p>\n","protected":false},"featured_media":624877,"template":"","meta":[],"product_brand":[],"product_cat":[4202],"product_tag":[],"class_list":{"0":"post-636154","1":"product","2":"type-product","3":"status-publish","4":"has-post-thumbnail","6":"product_cat-tank-tops","7":"pa_brand-craft-retail-sportswear","8":"pa_brand-type-sportswear","9":"pa_filter-color-beige","10":"pa_filter-color-schwarz","11":"pa_filter-color-weiss","13":"first","14":"instock","15":"sale","16":"taxable","17":"shipping-taxable","18":"purchasable","19":"product-type-variable","20":"add-to-wishlist-before_image"},"exclude_global_add_ons":[],"addons":[],"acf":[],"_links":{"self":[{"href":"https:\/\/shop.kustom.ch\/it\/wp-json\/wp\/v2\/product\/636154"}],"collection":[{"href":"https:\/\/shop.kustom.ch\/it\/wp-json\/wp\/v2\/product"}],"about":[{"href":"https:\/\/shop.kustom.ch\/it\/wp-json\/wp\/v2\/types\/product"}],"wp:featuredmedia":[{"embeddable":true,"href":"https:\/\/shop.kustom.ch\/it\/wp-json\/wp\/v2\/media\/624877"}],"wp:attachment":[{"href":"https:\/\/shop.kustom.ch\/it\/wp-json\/wp\/v2\/media?parent=636154"}],"wp:term":[{"taxonomy":"product_brand","embeddable":true,"href":"https:\/\/shop.kustom.ch\/it\/wp-json\/wp\/v2\/product_brand?post=636154"},{"taxonomy":"product_cat","embeddable":true,"href":"https:\/\/shop.kustom.ch\/it\/wp-json\/wp\/v2\/product_cat?post=636154"},{"taxonomy":"product_tag","embeddable":true,"href":"https:\/\/shop.kustom.ch\/it\/wp-json\/wp\/v2\/product_tag?post=636154"}],"curies":[{"name":"wp","href":"https:\/\/api.w.org\/{rel}","templated":true}]}}