{"id":636152,"date":"2025-03-22T03:30:16","date_gmt":"2025-03-22T02:30:16","guid":{"rendered":"https:\/\/shop.kustom.ch\/?post_type=product&#038;p=636152"},"modified":"2026-03-27T14:23:49","modified_gmt":"2026-03-27T13:23:49","slug":"adv-bike-subz-ls-jersey-m","status":"publish","type":"product","link":"https:\/\/shop.kustom.ch\/it\/prodotto\/adv-bike-subz-ls-jersey-m\/","title":{"rendered":"Adv Bike SubZ LS Maglia M"},"content":{"rendered":"<p>La maglia ADV SubZ LS \u00e8 una calda maglia da ciclismo a maniche lunghe con interno spazzolato, pensata per le uscite intensive nelle fresche giornate autunnali e invernali.<\/p>\n<p>Questa maglia da ciclismo avanzata \u00e8 realizzata in un morbido tessuto di poliestere riciclato con una struttura a griglia all'interno che trattiene l'aria per un maggiore isolamento e calore. La maglia \u00e8 inoltre dotata di una cerniera anteriore a tutta lunghezza, quattro tasche posteriori e una pinza elastica in silicone nella parte inferiore della schiena per una vestibilit\u00e0 aderente e sicura. Questo capo versatile pu\u00f2 essere utilizzato sia come strato esterno a temperature pi\u00f9 miti sia come strato intermedio sotto una giacca da ciclismo in condizioni pi\u00f9 fredde.<\/p>\n<p>- Tessuto morbido ed elastico realizzato in poliestere riciclato<br \/>\n- Interno spazzolato con struttura a griglia per un maggiore isolamento<br \/>\n- Pinza elastica in silicone sull'orlo inferiore della schiena<br \/>\n- Quattro tasche posteriori (una con zip)<br \/>\n- Vestibilit\u00e0 stretta<\/p>\n<p>Materiale: Corpo: 91% poliestere riciclato, 9% elastan<\/p>","protected":false},"excerpt":{"rendered":"<p>Das ADV SubZ LS Jersey ist ein warmes Langarm-Fahrradtrikot mit geb\u00fcrsteter Innenseite, das f\u00fcr intensive Fahrten an k\u00fchlen Herbst- und Wintertagen entwickelt wurde. Dieses fortschrittliche Fahrradtrikot besteht aus einem weichen, recycelten Polyesterstoff mit Rasterstruktur auf der Innenseite, die Luft einschliesst f\u00fcr zus\u00e4tzliche Isolierung und W\u00e4rme. Das Trikot verf\u00fcgt ausserdem \u00fcber einen durchgehenden Frontreissverschluss, vier R\u00fcckentaschen [&hellip;]<\/p>\n","protected":false},"featured_media":480357,"template":"","meta":[],"product_brand":[],"product_cat":[4201],"product_tag":[],"class_list":{"0":"post-636152","1":"product","2":"type-product","3":"status-publish","4":"has-post-thumbnail","6":"product_cat-t-shirts","7":"pa_brand-craft-retail-sportswear","8":"pa_brand-type-sportswear","9":"pa_filter-color-blau","11":"first","12":"instock","13":"sale","14":"taxable","15":"shipping-taxable","16":"purchasable","17":"product-type-variable","18":"add-to-wishlist-before_image"},"exclude_global_add_ons":[],"addons":[],"acf":[],"_links":{"self":[{"href":"https:\/\/shop.kustom.ch\/it\/wp-json\/wp\/v2\/product\/636152"}],"collection":[{"href":"https:\/\/shop.kustom.ch\/it\/wp-json\/wp\/v2\/product"}],"about":[{"href":"https:\/\/shop.kustom.ch\/it\/wp-json\/wp\/v2\/types\/product"}],"wp:featuredmedia":[{"embeddable":true,"href":"https:\/\/shop.kustom.ch\/it\/wp-json\/wp\/v2\/media\/480357"}],"wp:attachment":[{"href":"https:\/\/shop.kustom.ch\/it\/wp-json\/wp\/v2\/media?parent=636152"}],"wp:term":[{"taxonomy":"product_brand","embeddable":true,"href":"https:\/\/shop.kustom.ch\/it\/wp-json\/wp\/v2\/product_brand?post=636152"},{"taxonomy":"product_cat","embeddable":true,"href":"https:\/\/shop.kustom.ch\/it\/wp-json\/wp\/v2\/product_cat?post=636152"},{"taxonomy":"product_tag","embeddable":true,"href":"https:\/\/shop.kustom.ch\/it\/wp-json\/wp\/v2\/product_tag?post=636152"}],"curies":[{"name":"wp","href":"https:\/\/api.w.org\/{rel}","templated":true}]}}