{"id":636144,"date":"2025-03-22T03:30:11","date_gmt":"2025-03-22T02:30:11","guid":{"rendered":"https:\/\/shop.kustom.ch\/?post_type=product&#038;p=636144"},"modified":"2026-03-27T13:52:49","modified_gmt":"2026-03-27T12:52:49","slug":"adv-bike-subz-insulate-bib-tights-w","status":"publish","type":"product","link":"https:\/\/shop.kustom.ch\/it\/prodotto\/adv-bike-subz-insulate-bib-tights-w\/","title":{"rendered":"Adv Bike SubZ Insulate Bib Tights W"},"content":{"rendered":"<p>La calzamaglia ADV Bike SubZ Insulate \u00e8 una calzamaglia calda progettata per la guida intensiva in condizioni invernali fredde.<\/p>\n<p>Questi pantaloncini tecnicamente avanzati sono caratterizzati da un doppio strato di tessuto sul davanti e da un interno spazzolato per offrire calore e comfort eccellenti nelle gelide giornate invernali. Presentano inoltre una sezione pettorale in rete per una ventilazione efficiente, una cerniera all'estremit\u00e0 delle gambe per una facile vestizione, dettagli riflettenti e il C2 Pad Women per un comfort ottimale nelle lunghe uscite.<\/p>\n<p>- Doppio strato di tessuto sulla parte anteriore delle gambe<br \/>\n- Interno spazzolato<br \/>\n- Soluzione di trasporto a rete<br \/>\n- Zip a fondo gamba<br \/>\n- Dettagli e stampe riflettenti<br \/>\n- C2 Pad Donne<\/p>\n<p>Materiale: Corpo: 82% poliestere riciclato, 18% elastan. Spalline: 95% poliestere riciclato, 5% elastan.<\/p>","protected":false},"excerpt":{"rendered":"<p>Die ADV Bike SubZ Insulate Bib Tights sind warme Tr\u00e4gerhosen, die f\u00fcr intensive Fahrten bei kalten Winterbedingungen entwickelt wurden. Diese technisch fortschrittlichen Tr\u00e4gerhosen verf\u00fcgen \u00fcber doppelte Stoffschichten an der Vorderseite und eine geb\u00fcrstete Innenseite, um an frostigen Wintertagen hervorragende W\u00e4rme und Komfort zu bieten. Ausserdem sind sie mit einem Mesh-Tr\u00e4gerteil f\u00fcr effiziente Bel\u00fcftung, einem Reissverschluss [&hellip;]<\/p>\n","protected":false},"featured_media":624842,"template":"","meta":[],"product_brand":[],"product_cat":[4198,4190],"product_tag":[],"class_list":{"0":"post-636144","1":"product","2":"type-product","3":"status-publish","4":"has-post-thumbnail","6":"product_cat-shorts","7":"product_cat-leggings","8":"pa_brand-craft-retail-sportswear","9":"pa_brand-type-sportswear","10":"pa_filter-color-schwarz","12":"first","13":"instock","14":"sale","15":"taxable","16":"shipping-taxable","17":"purchasable","18":"product-type-variable","19":"add-to-wishlist-before_image"},"exclude_global_add_ons":[],"addons":[],"acf":[],"_links":{"self":[{"href":"https:\/\/shop.kustom.ch\/it\/wp-json\/wp\/v2\/product\/636144"}],"collection":[{"href":"https:\/\/shop.kustom.ch\/it\/wp-json\/wp\/v2\/product"}],"about":[{"href":"https:\/\/shop.kustom.ch\/it\/wp-json\/wp\/v2\/types\/product"}],"wp:featuredmedia":[{"embeddable":true,"href":"https:\/\/shop.kustom.ch\/it\/wp-json\/wp\/v2\/media\/624842"}],"wp:attachment":[{"href":"https:\/\/shop.kustom.ch\/it\/wp-json\/wp\/v2\/media?parent=636144"}],"wp:term":[{"taxonomy":"product_brand","embeddable":true,"href":"https:\/\/shop.kustom.ch\/it\/wp-json\/wp\/v2\/product_brand?post=636144"},{"taxonomy":"product_cat","embeddable":true,"href":"https:\/\/shop.kustom.ch\/it\/wp-json\/wp\/v2\/product_cat?post=636144"},{"taxonomy":"product_tag","embeddable":true,"href":"https:\/\/shop.kustom.ch\/it\/wp-json\/wp\/v2\/product_tag?post=636144"}],"curies":[{"name":"wp","href":"https:\/\/api.w.org\/{rel}","templated":true}]}}