{"id":636120,"date":"2025-03-22T03:24:05","date_gmt":"2025-03-22T02:24:05","guid":{"rendered":"https:\/\/shop.kustom.ch\/?post_type=product&#038;p=636120"},"modified":"2026-03-27T14:48:21","modified_gmt":"2026-03-27T13:48:21","slug":"ability-sweat-wristband","status":"publish","type":"product","link":"https:\/\/shop.kustom.ch\/it\/prodotto\/ability-sweat-wristband\/","title":{"rendered":"Polsino Ability Sweat"},"content":{"rendered":"<p>Ability Sweat Wristband \u00e8 una polsiera funzionale, perfetta per gli sport con racchetta come il tennis e il padel e per la corsa su lunghe distanze in condizioni di caldo. La polsiera \u00e8 realizzata in spugna di cotone organico che assorbe bene il sudore ed \u00e8 morbida al tatto per un comfort ottimale. Perfetta per essere marchiata con il logo del club, dello sponsor o dell'azienda.<\/p>\n<p>- Spugna in cotone biologico<br \/>\n- Design chiaro<\/p>\n<p>Materiale: 80% cotone organico, 15% elastan, 5% poliammide<\/p>","protected":false},"excerpt":{"rendered":"<p>Ability Sweat Wristband ist ein funktionelles Armband, das sich perfekt f\u00fcr Schl\u00e4gersportarten wie Tennis und Padel sowie f\u00fcr Langstreckenl\u00e4ufe bei heissen Bedingungen eignet. Das Armband besteht aus Frottee aus Bio-Baumwolle, das Schweiss hervorragend aufnimmt und sich weich anf\u00fchlt und so optimalen Komfort bietet. Perfekt f\u00fcr das Branding mit Vereins-, Sponsoren- oder Firmenlogos. \u2022 Frottee aus [&hellip;]<\/p>\n","protected":false},"featured_media":624818,"template":"","meta":[],"product_brand":[],"product_cat":[4209],"product_tag":[],"class_list":{"0":"post-636120","1":"product","2":"type-product","3":"status-publish","4":"has-post-thumbnail","6":"product_cat-zubehoer","7":"pa_brand-craft-teamwear","8":"pa_brand-type-sportswear","9":"pa_filter-color-schwarz","10":"pa_filter-color-weiss","12":"first","13":"instock","14":"sale","15":"taxable","16":"shipping-taxable","17":"purchasable","18":"product-type-variable","19":"add-to-wishlist-before_image"},"exclude_global_add_ons":[],"addons":[],"acf":[],"_links":{"self":[{"href":"https:\/\/shop.kustom.ch\/it\/wp-json\/wp\/v2\/product\/636120"}],"collection":[{"href":"https:\/\/shop.kustom.ch\/it\/wp-json\/wp\/v2\/product"}],"about":[{"href":"https:\/\/shop.kustom.ch\/it\/wp-json\/wp\/v2\/types\/product"}],"wp:featuredmedia":[{"embeddable":true,"href":"https:\/\/shop.kustom.ch\/it\/wp-json\/wp\/v2\/media\/624818"}],"wp:attachment":[{"href":"https:\/\/shop.kustom.ch\/it\/wp-json\/wp\/v2\/media?parent=636120"}],"wp:term":[{"taxonomy":"product_brand","embeddable":true,"href":"https:\/\/shop.kustom.ch\/it\/wp-json\/wp\/v2\/product_brand?post=636120"},{"taxonomy":"product_cat","embeddable":true,"href":"https:\/\/shop.kustom.ch\/it\/wp-json\/wp\/v2\/product_cat?post=636120"},{"taxonomy":"product_tag","embeddable":true,"href":"https:\/\/shop.kustom.ch\/it\/wp-json\/wp\/v2\/product_tag?post=636120"}],"curies":[{"name":"wp","href":"https:\/\/api.w.org\/{rel}","templated":true}]}}