{"id":636062,"date":"2025-03-22T03:23:35","date_gmt":"2025-03-22T02:23:35","guid":{"rendered":"https:\/\/shop.kustom.ch\/?post_type=product&#038;p=636062"},"modified":"2026-03-27T13:20:07","modified_gmt":"2026-03-27T12:20:07","slug":"ability-skirt-jr","status":"publish","type":"product","link":"https:\/\/shop.kustom.ch\/it\/prodotto\/ability-skirt-jr\/","title":{"rendered":"Gonna Ability Jr"},"content":{"rendered":"<p>L'Ability Skirt \u00e8 una gonna da gioco e da allenamento altamente funzionale, pensata per gli sport di racchetta come il tennis e il padel.<\/p>\n<p>La gonna \u00e8 realizzata in un tessuto di poliestere funzionale ed elastico che offre un eccellente trasporto dell'umidit\u00e0 e libert\u00e0 di movimento. La calzamaglia interna con una tasca in rete elastica su ogni gamba consente di riporre in modo sicuro le palline da tennis durante gli incontri pi\u00f9 intensi. Inoltre, la calzamaglia presenta prese d'aria perforate sul retro per una migliore circolazione dell'aria e un'ampia fascia in vita per un comfort ottimale. Perfetta per essere marchiata con il logo del club, dello sponsor o dell'azienda.<\/p>\n<p>- Tessuto leggero ed elasticizzato realizzato in poliestere riciclato ed elastan<br \/>\n- Collant interni elasticizzati e altamente funzionali<br \/>\n- Traforato sul retro<br \/>\n- Tasca in rete elastica su ogni gamba<br \/>\n- Ampia fascia elastica in vita<br \/>\n- Design chiaro<\/p>\n<p>Materiale: Corpo: 88% poliestere riciclato, 12% elastan. Fodera: 77% poliestere riciclato, 23% elastan<\/p>","protected":false},"excerpt":{"rendered":"<p>Der Ability Skirt ist ein hochfunktioneller Spiel- und Trainingsrock, der auf Schl\u00e4gersportarten wie Tennis und Padel zugeschnitten ist. Der Rock besteht aus einem funktionellen und elastischen Polyestergewebe, das einen hervorragenden Feuchtigkeitstransport und Bewegungsfreiheit bietet. Innentights mit einer elastischen Power-Mesh-Tasche an jedem Bein erm\u00f6glichen die sichere Aufbewahrung von Tennisb\u00e4llen w\u00e4hrend intensiver Ballwechsel. Dar\u00fcber hinaus verf\u00fcgt der [&hellip;]<\/p>\n","protected":false},"featured_media":624786,"template":"","meta":[],"product_brand":[],"product_cat":[4194],"product_tag":[],"class_list":{"0":"post-636062","1":"product","2":"type-product","3":"status-publish","4":"has-post-thumbnail","6":"product_cat-roecke","7":"pa_brand-craft-teamwear","8":"pa_brand-type-sportswear","9":"pa_filter-color-schwarz","10":"pa_filter-color-weiss","12":"first","13":"instock","14":"sale","15":"taxable","16":"shipping-taxable","17":"purchasable","18":"product-type-variable","19":"add-to-wishlist-before_image"},"exclude_global_add_ons":[],"addons":[],"acf":[],"_links":{"self":[{"href":"https:\/\/shop.kustom.ch\/it\/wp-json\/wp\/v2\/product\/636062"}],"collection":[{"href":"https:\/\/shop.kustom.ch\/it\/wp-json\/wp\/v2\/product"}],"about":[{"href":"https:\/\/shop.kustom.ch\/it\/wp-json\/wp\/v2\/types\/product"}],"wp:featuredmedia":[{"embeddable":true,"href":"https:\/\/shop.kustom.ch\/it\/wp-json\/wp\/v2\/media\/624786"}],"wp:attachment":[{"href":"https:\/\/shop.kustom.ch\/it\/wp-json\/wp\/v2\/media?parent=636062"}],"wp:term":[{"taxonomy":"product_brand","embeddable":true,"href":"https:\/\/shop.kustom.ch\/it\/wp-json\/wp\/v2\/product_brand?post=636062"},{"taxonomy":"product_cat","embeddable":true,"href":"https:\/\/shop.kustom.ch\/it\/wp-json\/wp\/v2\/product_cat?post=636062"},{"taxonomy":"product_tag","embeddable":true,"href":"https:\/\/shop.kustom.ch\/it\/wp-json\/wp\/v2\/product_tag?post=636062"}],"curies":[{"name":"wp","href":"https:\/\/api.w.org\/{rel}","templated":true}]}}