{"id":636060,"date":"2025-03-22T03:23:35","date_gmt":"2025-03-22T02:23:35","guid":{"rendered":"https:\/\/shop.kustom.ch\/?post_type=product&#038;p=636060"},"modified":"2026-03-27T13:13:58","modified_gmt":"2026-03-27T12:13:58","slug":"ability-shorts-m","status":"publish","type":"product","link":"https:\/\/shop.kustom.ch\/it\/prodotto\/ability-shorts-m\/","title":{"rendered":"Pantaloncini Ability M"},"content":{"rendered":"<p>Gli Ability Shorts sono pantaloncini da gioco e da allenamento altamente funzionali, pensati per gli sport con racchetta come il tennis e il padel.<\/p>\n<p>I pantaloncini sono realizzati in un tessuto di poliestere funzionale ed elastico che offre un'eccezionale traspirazione e libert\u00e0 di movimento. Le tasche elasticizzate in power mesh consentono di riporre le palline da tennis in modo sicuro durante gli incontri pi\u00f9 intensi, mentre i dettagli traforati sul retro migliorano la ventilazione. Inoltre, i pantaloncini sono dotati di un elastico in vita con cordoncino per una vestibilit\u00e0 personalizzata. Perfetti per essere marchiati con il logo del club, dello sponsor o dell'azienda.<\/p>\n<p>- Tessuto leggero ed elasticizzato realizzato in poliestere riciclato ed elastan<br \/>\n- Due tasche elastiche in rete (due palline da tennis per tasca)<br \/>\n- Dettagli traforati sul retro<br \/>\n- Vita elastica con coulisse<br \/>\n- Spacchi laterali<br \/>\n- Gamba 7 pollici in taglia M<br \/>\n- Design chiaro<\/p>\n<p>Materiale: 88% poliestere riciclato, 12% elastan<\/p>","protected":false},"excerpt":{"rendered":"<p>Ability Shorts sind hochfunktionelle Spiel- und Trainingsshorts, die auf Schl\u00e4gersportarten wie Tennis und Padel zugeschnitten sind. Die Shorts bestehen aus einem funktionellen und elastischen Polyestergewebe, das einen aussergew\u00f6hnlichen Feuchtigkeitstransport und Bewegungsfreiheit bietet. Elastische Power-Mesh-Taschen erm\u00f6glichen die sichere Aufbewahrung von Tennisb\u00e4llen bei intensiven Ballwechseln, w\u00e4hrend perforierte Details auf der R\u00fcckseite f\u00fcr eine verbesserte Bel\u00fcftung sorgen. Dar\u00fcber [&hellip;]<\/p>\n","protected":false},"featured_media":624741,"template":"","meta":[],"product_brand":[],"product_cat":[4198],"product_tag":[],"class_list":{"0":"post-636060","1":"product","2":"type-product","3":"status-publish","4":"has-post-thumbnail","6":"product_cat-shorts","7":"pa_brand-craft-teamwear","8":"pa_brand-type-sportswear","9":"pa_filter-color-blau","10":"pa_filter-color-schwarz","11":"pa_filter-color-weiss","13":"first","14":"instock","15":"sale","16":"taxable","17":"shipping-taxable","18":"purchasable","19":"product-type-variable","20":"add-to-wishlist-before_image"},"exclude_global_add_ons":[],"addons":[],"acf":[],"_links":{"self":[{"href":"https:\/\/shop.kustom.ch\/it\/wp-json\/wp\/v2\/product\/636060"}],"collection":[{"href":"https:\/\/shop.kustom.ch\/it\/wp-json\/wp\/v2\/product"}],"about":[{"href":"https:\/\/shop.kustom.ch\/it\/wp-json\/wp\/v2\/types\/product"}],"wp:featuredmedia":[{"embeddable":true,"href":"https:\/\/shop.kustom.ch\/it\/wp-json\/wp\/v2\/media\/624741"}],"wp:attachment":[{"href":"https:\/\/shop.kustom.ch\/it\/wp-json\/wp\/v2\/media?parent=636060"}],"wp:term":[{"taxonomy":"product_brand","embeddable":true,"href":"https:\/\/shop.kustom.ch\/it\/wp-json\/wp\/v2\/product_brand?post=636060"},{"taxonomy":"product_cat","embeddable":true,"href":"https:\/\/shop.kustom.ch\/it\/wp-json\/wp\/v2\/product_cat?post=636060"},{"taxonomy":"product_tag","embeddable":true,"href":"https:\/\/shop.kustom.ch\/it\/wp-json\/wp\/v2\/product_tag?post=636060"}],"curies":[{"name":"wp","href":"https:\/\/api.w.org\/{rel}","templated":true}]}}