{"id":636006,"date":"2025-03-22T03:23:04","date_gmt":"2025-03-22T02:23:04","guid":{"rendered":"https:\/\/shop.kustom.ch\/?post_type=product&#038;p=636006"},"modified":"2026-03-27T13:53:06","modified_gmt":"2026-03-27T12:53:06","slug":"ability-practice-backpack-24l","status":"publish","type":"product","link":"https:\/\/shop.kustom.ch\/it\/prodotto\/ability-practice-backpack-24l\/","title":{"rendered":"Zaino Ability Practice 24L"},"content":{"rendered":"<p>L'Ability Practice Backpack \u00e8 uno zaino resistente che pu\u00f2 essere facilmente integrato dalle sessioni di allenamento alla vita quotidiana.<\/p>\n<p>Questo zaino versatile, realizzato in resistente materiale poliestere, ha uno scomparto principale che pu\u00f2 contenere facilmente l'attrezzatura per l'allenamento o gli oggetti di uso quotidiano. \u00c8 inoltre dotato di una pratica tasca laterale per tenere a portata di mano la borraccia. Inoltre, gli spallacci e la parte posteriore sono leggermente imbottiti per un maggiore comfort. Perfetta per essere marchiata con il logo del club, dello sponsor o dell'azienda.<\/p>\n<p>- Materiale resistente in poliestere riciclato<br \/>\n- Spallacci e parte posteriore leggermente imbottiti<br \/>\n- Tasca laterale per bottiglia d'acqua<br \/>\n- Dettagli riflettenti<br \/>\n- Design chiaro<br \/>\n- H48 x L30 x L17,5 cm<br \/>\n- Volume: 24 litri<\/p>\n<p>Materiale: poliestere riciclato 100%<\/p>","protected":false},"excerpt":{"rendered":"<p>Der Ability Practice Backpack ist ein strapazierf\u00e4higer Rucksack, der sich problemlos von Ihren Trainingseinheiten in Ihren Alltag integrieren l\u00e4sst. Dieser vielseitige Rucksack aus strapazierf\u00e4higem Polyestermaterial verf\u00fcgt \u00fcber ein Hauptfach, in dem Trainingsausr\u00fcstung oder Alltagsgegenst\u00e4nde problemlos Platz finden. Ausserdem verf\u00fcgt er \u00fcber eine praktische Seitentasche, in der Sie Ihre Wasserflasche immer griffbereit haben. Dar\u00fcber hinaus sind [&hellip;]<\/p>\n","protected":false},"featured_media":624713,"template":"","meta":[],"product_brand":[],"product_cat":[4195],"product_tag":[],"class_list":{"0":"post-636006","1":"product","2":"type-product","3":"status-publish","4":"has-post-thumbnail","6":"product_cat-rucksaecke-taschen","7":"pa_brand-craft-teamwear","8":"pa_brand-type-sportswear","9":"pa_filter-color-blau","10":"pa_filter-color-gruen","11":"pa_filter-color-rot","12":"pa_filter-color-schwarz","14":"first","15":"instock","16":"sale","17":"taxable","18":"shipping-taxable","19":"purchasable","20":"product-type-variable","21":"add-to-wishlist-before_image"},"exclude_global_add_ons":[],"addons":[],"acf":[],"_links":{"self":[{"href":"https:\/\/shop.kustom.ch\/it\/wp-json\/wp\/v2\/product\/636006"}],"collection":[{"href":"https:\/\/shop.kustom.ch\/it\/wp-json\/wp\/v2\/product"}],"about":[{"href":"https:\/\/shop.kustom.ch\/it\/wp-json\/wp\/v2\/types\/product"}],"wp:featuredmedia":[{"embeddable":true,"href":"https:\/\/shop.kustom.ch\/it\/wp-json\/wp\/v2\/media\/624713"}],"wp:attachment":[{"href":"https:\/\/shop.kustom.ch\/it\/wp-json\/wp\/v2\/media?parent=636006"}],"wp:term":[{"taxonomy":"product_brand","embeddable":true,"href":"https:\/\/shop.kustom.ch\/it\/wp-json\/wp\/v2\/product_brand?post=636006"},{"taxonomy":"product_cat","embeddable":true,"href":"https:\/\/shop.kustom.ch\/it\/wp-json\/wp\/v2\/product_cat?post=636006"},{"taxonomy":"product_tag","embeddable":true,"href":"https:\/\/shop.kustom.ch\/it\/wp-json\/wp\/v2\/product_tag?post=636006"}],"curies":[{"name":"wp","href":"https:\/\/api.w.org\/{rel}","templated":true}]}}