{"id":635973,"date":"2025-03-22T03:22:28","date_gmt":"2025-03-22T02:22:28","guid":{"rendered":"https:\/\/shop.kustom.ch\/?post_type=product&#038;p=635973"},"modified":"2026-03-27T13:59:59","modified_gmt":"2026-03-27T12:59:59","slug":"ability-gear-bag","status":"publish","type":"product","link":"https:\/\/shop.kustom.ch\/it\/prodotto\/ability-gear-bag\/","title":{"rendered":"Borsa per attrezzi Ability"},"content":{"rendered":"<p>L'Ability Gear Bag \u00e8 una borsa sportiva spaziosa che pu\u00f2 contenere molte attrezzature e equipaggiamenti come maglie da gioco, pantaloncini da gioco e calzini. La maniglia telescopica e le robuste ruote facilitano il trasporto della borsa, mentre i numerosi piccoli scomparti e compartimenti assicurano una sistemazione intelligente di indumenti e gadget. La borsa \u00e8 realizzata in poliestere e cloruro di polivinile per una durata eccellente.<\/p>\n<p>- Materiale resistente in poliestere riciclato e cloruro di polivinile (PVC)<br \/>\n- Ruote resistenti e leggere<br \/>\n- Scomparti interni in rete per una conservazione intelligente<br \/>\n- Due tasche con zip<br \/>\n- Il manico telescopico facilita l'estrazione della borsa.<br \/>\n- Maniglie a tracolla resistenti per un facile trasporto<br \/>\n- Chiusure lampo a 2 vie<br \/>\n- 75x35x35 cm<br \/>\n- 95 L<\/p>\n<p>Materiale: materiale superiore: 100% poliestere riciclato. Materiale esterno: cloruro di polivinile 100%. Fodera: poliestere 100%<\/p>","protected":false},"excerpt":{"rendered":"<p>Der Ability Gear Bag ist eine ger\u00e4umige Sporttasche, in die jede Menge Ausr\u00fcstung und Ausr\u00fcstung wie Spieltrikots, Spielshorts und Stutzen passt. Der Teleskopgriff und die robusten R\u00e4der erleichtern das Ziehen der Tasche, w\u00e4hrend die vielen kleinen F\u00e4cher und Kammern f\u00fcr die intelligente Aufbewahrung von Kleidung und Gadgets sorgen. Die Tasche besteht aus Polyester und Polyvinylchlorid [&hellip;]<\/p>\n","protected":false},"featured_media":480913,"template":"","meta":[],"product_brand":[],"product_cat":[4195],"product_tag":[],"class_list":{"0":"post-635973","1":"product","2":"type-product","3":"status-publish","4":"has-post-thumbnail","6":"product_cat-rucksaecke-taschen","7":"pa_brand-craft-teamwear","8":"pa_brand-type-sportswear","9":"pa_filter-color-schwarz","11":"first","12":"instock","13":"sale","14":"taxable","15":"shipping-taxable","16":"purchasable","17":"product-type-variable","18":"add-to-wishlist-before_image"},"exclude_global_add_ons":[],"addons":[],"acf":[],"_links":{"self":[{"href":"https:\/\/shop.kustom.ch\/it\/wp-json\/wp\/v2\/product\/635973"}],"collection":[{"href":"https:\/\/shop.kustom.ch\/it\/wp-json\/wp\/v2\/product"}],"about":[{"href":"https:\/\/shop.kustom.ch\/it\/wp-json\/wp\/v2\/types\/product"}],"wp:featuredmedia":[{"embeddable":true,"href":"https:\/\/shop.kustom.ch\/it\/wp-json\/wp\/v2\/media\/480913"}],"wp:attachment":[{"href":"https:\/\/shop.kustom.ch\/it\/wp-json\/wp\/v2\/media?parent=635973"}],"wp:term":[{"taxonomy":"product_brand","embeddable":true,"href":"https:\/\/shop.kustom.ch\/it\/wp-json\/wp\/v2\/product_brand?post=635973"},{"taxonomy":"product_cat","embeddable":true,"href":"https:\/\/shop.kustom.ch\/it\/wp-json\/wp\/v2\/product_cat?post=635973"},{"taxonomy":"product_tag","embeddable":true,"href":"https:\/\/shop.kustom.ch\/it\/wp-json\/wp\/v2\/product_tag?post=635973"}],"curies":[{"name":"wp","href":"https:\/\/api.w.org\/{rel}","templated":true}]}}