{"id":635913,"date":"2025-03-22T03:22:02","date_gmt":"2025-03-22T02:22:02","guid":{"rendered":"https:\/\/shop.kustom.ch\/?post_type=product&#038;p=635913"},"modified":"2026-03-27T13:46:12","modified_gmt":"2026-03-27T12:46:12","slug":"ability-compression-s-l-w","status":"publish","type":"product","link":"https:\/\/shop.kustom.ch\/it\/prodotto\/ability-compression-s-l-w\/","title":{"rendered":"Capacit\u00e0 di compressione S\/L W"},"content":{"rendered":"<p>Ability Compression SL \u00e8 una maglietta a compressione senza maniche che si indossa sotto la maglia da gioco negli sport di squadra come il calcio e il basket per migliorare la funzionalit\u00e0, le prestazioni e il comfort.<\/p>\n<p>Quando ci si sente bene, si ottengono grandi prestazioni. Questa maglietta a compressione senza maniche \u00e8 realizzata con un tessuto avanzato di controllo del corpo che concentra la potenza muscolare e aiuta a ottimizzare la postura. Il risultato \u00e8 una sensazione unica in cui si percepisce come il corpo sia tenuto insieme come un insieme potente e pronto a dare il meglio di s\u00e9. Una scelta perfetta per l'allenamento e sotto la maglia da gara in vari sport di squadra.<\/p>\n<p>- Tessuto elastico e funzionale realizzato in poliammide ed elastan<br \/>\n- Compressione leggera<br \/>\n- Design ergonomico<br \/>\n- Vestibilit\u00e0 stretta<\/p>\n<p>Materiale: 91% poliammide riciclata, 9% elastan<\/p>","protected":false},"excerpt":{"rendered":"<p>Ability Compression SL ist ein \u00e4rmelloses Kompressions-T-Shirt, das bei Mannschaftssportarten wie Fussball und Basketball unter dem Spieltrikot getragen wird und f\u00fcr verbesserte Funktion, Leistung und Komfort sorgt. Wenn Sie sich gut f\u00fchlen, leisten Sie Grossartiges. Dieses \u00e4rmellose Kompressions-T-Shirt besteht aus modernem Body-Control-Gewebe, das die Muskelkraft b\u00fcndelt und zu einer optimalen K\u00f6rperhaltung beitr\u00e4gt. Das Ergebnis ist [&hellip;]<\/p>\n","protected":false},"featured_media":624617,"template":"","meta":[],"product_brand":[],"product_cat":[4206],"product_tag":[],"class_list":{"0":"post-635913","1":"product","2":"type-product","3":"status-publish","4":"has-post-thumbnail","6":"product_cat-underwear","7":"pa_brand-craft-teamwear","8":"pa_brand-type-sportswear","9":"pa_filter-color-schwarz","10":"pa_filter-color-weiss","12":"first","13":"instock","14":"sale","15":"taxable","16":"shipping-taxable","17":"purchasable","18":"product-type-variable","19":"add-to-wishlist-before_image"},"exclude_global_add_ons":[],"addons":[],"acf":[],"_links":{"self":[{"href":"https:\/\/shop.kustom.ch\/it\/wp-json\/wp\/v2\/product\/635913"}],"collection":[{"href":"https:\/\/shop.kustom.ch\/it\/wp-json\/wp\/v2\/product"}],"about":[{"href":"https:\/\/shop.kustom.ch\/it\/wp-json\/wp\/v2\/types\/product"}],"wp:featuredmedia":[{"embeddable":true,"href":"https:\/\/shop.kustom.ch\/it\/wp-json\/wp\/v2\/media\/624617"}],"wp:attachment":[{"href":"https:\/\/shop.kustom.ch\/it\/wp-json\/wp\/v2\/media?parent=635913"}],"wp:term":[{"taxonomy":"product_brand","embeddable":true,"href":"https:\/\/shop.kustom.ch\/it\/wp-json\/wp\/v2\/product_brand?post=635913"},{"taxonomy":"product_cat","embeddable":true,"href":"https:\/\/shop.kustom.ch\/it\/wp-json\/wp\/v2\/product_cat?post=635913"},{"taxonomy":"product_tag","embeddable":true,"href":"https:\/\/shop.kustom.ch\/it\/wp-json\/wp\/v2\/product_tag?post=635913"}],"curies":[{"name":"wp","href":"https:\/\/api.w.org\/{rel}","templated":true}]}}