{"id":635850,"date":"2025-03-22T03:17:23","date_gmt":"2025-03-22T02:17:23","guid":{"rendered":"https:\/\/shop.kustom.ch\/?post_type=product&#038;p=635850"},"modified":"2026-03-27T13:21:54","modified_gmt":"2026-03-27T12:21:54","slug":"ability-3-4-tights-uni","status":"publish","type":"product","link":"https:\/\/shop.kustom.ch\/it\/prodotto\/ability-3-4-tights-uni\/","title":{"rendered":"Ability 3\/4 Collant Uni"},"content":{"rendered":"<p>Ability 3\/4 Tights \u00e8 una calzamaglia funzionale per l'allenamento e la partita, pensata per la natura dinamica della pallacanestro, in grado di supportare le virate veloci, i salti esplosivi e i movimenti ininterrotti sul campo.<\/p>\n<p>Quando ci si sente bene, si ottengono grandi prestazioni. Questa calzamaglia da basket altamente funzionale \u00e8 realizzata in un tessuto elasticizzato a 4 vie che offre una leggera compressione per aiutarvi a rimanere concentrati e pronti a dare il meglio di voi. Realizzata in poliammide ed elastan riciclati, la calzamaglia offre un'eccellente gestione della temperatura corporea e libert\u00e0 di movimento. La lunghezza a 3\/4 assicura la giusta postura e la giusta sensazione. <\/p>\n<p>- Tessuto elasticizzato a 4 vie in poliammide ed elastan riciclati<br \/>\n- Compressione leggera<br \/>\n- Lunghezza 3\/4<br \/>\n- Design ergonomico<br \/>\n- Vita modellata<\/p>\n<p>Materiale: 91% poliammide riciclata, 9% elastan<\/p>","protected":false},"excerpt":{"rendered":"<p>Ability 3\/4 Tights sind funktionelle Trainings- und Spieltagstights, die auf die dynamische Natur des Basketballs zugeschnitten sind und Unterst\u00fctzung f\u00fcr schnelle Wendungen, explosive Spr\u00fcnge und ununterbrochene Bewegungen \u00fcber das Spielfeld bieten. Wenn Sie sich gut f\u00fchlen, leisten Sie Grossartiges. Diese hochfunktionellen Basketball-Tights bestehen aus einem 4-Wege-Stretchgewebe, das eine leichte Kompression bietet und Ihnen hilft, konzentriert [&hellip;]<\/p>\n","protected":false},"featured_media":624480,"template":"","meta":[],"product_brand":[],"product_cat":[4206],"product_tag":[],"class_list":{"0":"post-635850","1":"product","2":"type-product","3":"status-publish","4":"has-post-thumbnail","6":"product_cat-underwear","7":"pa_brand-craft-teamwear","8":"pa_brand-type-sportswear","9":"pa_filter-color-schwarz","10":"pa_filter-color-weiss","12":"first","13":"instock","14":"sale","15":"taxable","16":"shipping-taxable","17":"purchasable","18":"product-type-variable","19":"add-to-wishlist-before_image"},"exclude_global_add_ons":[],"addons":[],"acf":[],"_links":{"self":[{"href":"https:\/\/shop.kustom.ch\/it\/wp-json\/wp\/v2\/product\/635850"}],"collection":[{"href":"https:\/\/shop.kustom.ch\/it\/wp-json\/wp\/v2\/product"}],"about":[{"href":"https:\/\/shop.kustom.ch\/it\/wp-json\/wp\/v2\/types\/product"}],"wp:featuredmedia":[{"embeddable":true,"href":"https:\/\/shop.kustom.ch\/it\/wp-json\/wp\/v2\/media\/624480"}],"wp:attachment":[{"href":"https:\/\/shop.kustom.ch\/it\/wp-json\/wp\/v2\/media?parent=635850"}],"wp:term":[{"taxonomy":"product_brand","embeddable":true,"href":"https:\/\/shop.kustom.ch\/it\/wp-json\/wp\/v2\/product_brand?post=635850"},{"taxonomy":"product_cat","embeddable":true,"href":"https:\/\/shop.kustom.ch\/it\/wp-json\/wp\/v2\/product_cat?post=635850"},{"taxonomy":"product_tag","embeddable":true,"href":"https:\/\/shop.kustom.ch\/it\/wp-json\/wp\/v2\/product_tag?post=635850"}],"curies":[{"name":"wp","href":"https:\/\/api.w.org\/{rel}","templated":true}]}}