{"id":623388,"date":"2025-03-20T05:08:27","date_gmt":"2025-03-20T04:08:27","guid":{"rendered":"https:\/\/shop.kustom.ch\/?post_type=product&#038;p=623388"},"modified":"2026-03-30T07:27:15","modified_gmt":"2026-03-30T06:27:15","slug":"hakro-worker-performanceshorts-eco","status":"publish","type":"product","link":"https:\/\/shop.kustom.ch\/it\/prodotto\/hakro-worker-performanceshorts-eco\/","title":{"rendered":"HAKRO Pantaloncini da lavoro ECO"},"content":{"rendered":"<p>Pantaloncini estremamente resistenti e funzionali, con elastico in vita grazie a robusti inserti in maglia sui lati. Bottone di sicurezza, cerniera, passanti per cintura, nastro riflettente cucito e vestibilit\u00e0 ergonomica preformata. Due tasche a fessura, con ulteriore tasca di sicurezza con zip a destra. Due tasche posteriori con ricamo, la destra con patta e chiusura a velcro. Due tasche cargo con divisori multifunzionali, chiudibili con pattine e cerniere. Tasca applicata per il righello sul lato destro. Tutte le tasche applicate sono in CORDURA\u00ae e tutte le cerniere in YKK\u00ae. Materiale particolarmente resistente composto da cotone, poliestere riciclato certificato GRS ed elastan. Vestibilit\u00e0 regolare.<\/p>\n<p>- Materiale: raso (tessuto) realizzato con 74 % di poliestere (riciclato), 21 % di cotone (organico) e 5 % di elastolefina (XLANCE\u00ae), rifiniture in 100 % di CORDURA\u00ae.<br \/>\n- Peso: 285 g\/m\u00b2<br \/>\n- Caratteristiche: prelavaggio, facile da lavare, adatto alla lavanderia industriale secondo la norma DIN EN ISO 15797.<br \/>\n- Vestibilit\u00e0: regolare<br \/>\n- Marchio: Fair Wear Leader, Prodotto certificato ClimatePartner, OEKO-TEX\u00ae STANDARD 100, Global Recycled Standard (GRS), Green Button<br \/>\n- Temperatura di lavaggio: 60 \u00b0C<br \/>\n- Taglie: XS-6XL<\/p>","protected":false},"excerpt":{"rendered":"<p>Extrem strapazierf\u00e4hige und funktionelle Shorts mit dehnbarem Hosenbund durch robuste Strickeins\u00e4tze an den Seiten. Sicherheitsknopf, Reissverschluss, G\u00fcrtelschlaufen, eingen\u00e4hte Reflexb\u00e4nder und ergonomisch vorgeformte Passform. Zwei Einschubtaschen, rechts mit zus\u00e4tzlicher Sicherheits-Reissverschlusstasche. Zwei Ges\u00e4sstaschen mit Stickerei, rechts mit Patte und Klettverschluss. Zwei Cargotaschen mit multifunktionellen Unterteilungen, verschliessbar mit Patten und Reissverschl\u00fcssen. Aufgesetzte Zollstocktasche auf der rechten Seite. Alle [&hellip;]<\/p>\n","protected":false},"featured_media":623404,"template":"","meta":[],"product_brand":[],"product_cat":[4185],"product_tag":[],"class_list":{"0":"post-623388","1":"product","2":"type-product","3":"status-publish","4":"has-post-thumbnail","6":"product_cat-hosen","7":"pa_brand-hakro","8":"pa_brand-type-workwear","9":"pa_filter-color-blau","10":"pa_filter-color-grau","11":"pa_filter-color-gruen","12":"pa_filter-color-schwarz","14":"first","15":"instock","16":"sale","17":"taxable","18":"shipping-taxable","19":"purchasable","20":"product-type-variable","21":"add-to-wishlist-before_image"},"exclude_global_add_ons":[],"addons":[],"acf":[],"_links":{"self":[{"href":"https:\/\/shop.kustom.ch\/it\/wp-json\/wp\/v2\/product\/623388"}],"collection":[{"href":"https:\/\/shop.kustom.ch\/it\/wp-json\/wp\/v2\/product"}],"about":[{"href":"https:\/\/shop.kustom.ch\/it\/wp-json\/wp\/v2\/types\/product"}],"wp:featuredmedia":[{"embeddable":true,"href":"https:\/\/shop.kustom.ch\/it\/wp-json\/wp\/v2\/media\/623404"}],"wp:attachment":[{"href":"https:\/\/shop.kustom.ch\/it\/wp-json\/wp\/v2\/media?parent=623388"}],"wp:term":[{"taxonomy":"product_brand","embeddable":true,"href":"https:\/\/shop.kustom.ch\/it\/wp-json\/wp\/v2\/product_brand?post=623388"},{"taxonomy":"product_cat","embeddable":true,"href":"https:\/\/shop.kustom.ch\/it\/wp-json\/wp\/v2\/product_cat?post=623388"},{"taxonomy":"product_tag","embeddable":true,"href":"https:\/\/shop.kustom.ch\/it\/wp-json\/wp\/v2\/product_tag?post=623388"}],"curies":[{"name":"wp","href":"https:\/\/api.w.org\/{rel}","templated":true}]}}