{"id":623140,"date":"2025-03-20T05:06:45","date_gmt":"2025-03-20T04:06:45","guid":{"rendered":"https:\/\/shop.kustom.ch\/?post_type=product&#038;p=623140"},"modified":"2026-03-30T07:26:38","modified_gmt":"2026-03-30T06:26:38","slug":"hakro-damen-funktionshose-x-stretch","status":"publish","type":"product","link":"https:\/\/shop.kustom.ch\/it\/prodotto\/hakro-damen-funktionshose-x-stretch\/","title":{"rendered":"HAKRO pantaloni funzionali da donna X-Stretch"},"content":{"rendered":"<p>Pantaloni leggeri e funzionali con vita elastica grazie al robusto inserto in maglia sul retro. Bottone di sicurezza, zip, passanti per la cintura, nastro riflettente cucito e vestibilit\u00e0 ergonomica preformata. Due tasche a fessura con zip, due tasche posteriori con ricamo e tasca con zip sulla destra. Tasca sulla coscia della gamba destra e due prese d'aria, ciascuna con zip e garage con zip. Tutte le cerniere sono YKK\u00ae. Materiale elastico, resistente e traspirante a 4 vie. Disponibile anche come modello unisex. Vestibilit\u00e0 regolare.<\/p>\n<p>- Materiale: materiale (tessuto) elasticizzato a 4 vie composto da 91 poliammide % (nylon) e 9 elastan %<br \/>\n- Peso: 175 g\/m\u00b2<br \/>\n- Caratteristiche: traspirante, idrorepellente<br \/>\n- Vestibilit\u00e0: regolare<br \/>\n- Marchio: Fair Wear Leader, prodotto certificato ClimatePartner, OEKO-TEX\u00ae STANDARD 100<br \/>\n- Temperatura di lavaggio: 40 \u00b0C<br \/>\n- Taglie: XS-6XL<\/p>","protected":false},"excerpt":{"rendered":"<p>Leichte und funktionelle Hose mit dehnbarem Hosenbund durch robusten Strickeinsatz hinten. Sicherheitsknopf, Reissverschluss, G\u00fcrtelschlaufen, eingen\u00e4hte Reflexb\u00e4nder und ergonomisch vorgeformte Passform. Zwei Einschubtaschen mit Reissverschluss, zwei Ges\u00e4sstaschen mit Stickerei und Reissverschlusstasche rechts. Oberschenkeltasche am rechten Bein und zwei Bel\u00fcftungen, jeweils mit Reissverschluss und Reissverschlussgarage. Alle Reissverschl\u00fcsse von YKK\u00ae. Elastisches, strapazierf\u00e4higes und atmungsaktives 4-Wege-Stretchmaterial. Verf\u00fcgbar auch als [&hellip;]<\/p>\n","protected":false},"featured_media":623185,"template":"","meta":[],"product_brand":[],"product_cat":[4185],"product_tag":[],"class_list":{"0":"post-623140","1":"product","2":"type-product","3":"status-publish","4":"has-post-thumbnail","6":"product_cat-hosen","7":"pa_brand-hakro","8":"pa_brand-type-workwear","9":"pa_filter-color-blau","10":"pa_filter-color-grau","11":"pa_filter-color-gruen","12":"pa_filter-color-schwarz","14":"first","15":"instock","16":"sale","17":"taxable","18":"shipping-taxable","19":"purchasable","20":"product-type-variable","21":"add-to-wishlist-before_image"},"exclude_global_add_ons":[],"addons":[],"acf":[],"_links":{"self":[{"href":"https:\/\/shop.kustom.ch\/it\/wp-json\/wp\/v2\/product\/623140"}],"collection":[{"href":"https:\/\/shop.kustom.ch\/it\/wp-json\/wp\/v2\/product"}],"about":[{"href":"https:\/\/shop.kustom.ch\/it\/wp-json\/wp\/v2\/types\/product"}],"wp:featuredmedia":[{"embeddable":true,"href":"https:\/\/shop.kustom.ch\/it\/wp-json\/wp\/v2\/media\/623185"}],"wp:attachment":[{"href":"https:\/\/shop.kustom.ch\/it\/wp-json\/wp\/v2\/media?parent=623140"}],"wp:term":[{"taxonomy":"product_brand","embeddable":true,"href":"https:\/\/shop.kustom.ch\/it\/wp-json\/wp\/v2\/product_brand?post=623140"},{"taxonomy":"product_cat","embeddable":true,"href":"https:\/\/shop.kustom.ch\/it\/wp-json\/wp\/v2\/product_cat?post=623140"},{"taxonomy":"product_tag","embeddable":true,"href":"https:\/\/shop.kustom.ch\/it\/wp-json\/wp\/v2\/product_tag?post=623140"}],"curies":[{"name":"wp","href":"https:\/\/api.w.org\/{rel}","templated":true}]}}