{"id":623026,"date":"2025-03-20T05:05:48","date_gmt":"2025-03-20T04:05:48","guid":{"rendered":"https:\/\/shop.kustom.ch\/?post_type=product&#038;p=623026"},"modified":"2026-03-30T07:26:09","modified_gmt":"2026-03-30T06:26:09","slug":"hakro-damen-5-pocket-jeansskort-x-stretch-eco","status":"publish","type":"product","link":"https:\/\/shop.kustom.ch\/it\/prodotto\/hakro-damen-5-pocket-jeansskort-x-stretch-eco\/","title":{"rendered":"Jeans 5 tasche HAKRO da donna corti X-Stretch ECO"},"content":{"rendered":"<p>Resistente gonna a 5 tasche in denim elasticizzato, con pantaloncini integrati. Passanti per cintura, toppa sulla vita posteriore e cerniera laterale YKK\u00ae. Rivetti con scritta HAKRO. Ricamo sulle tasche posteriori e sul taschino portamonete. Denim in cotone-poliestere morbido, prelavato, resistente ed elastico con elastan. Vestibilit\u00e0 regolare.<\/p>\n<p>- Materiale: denim (tessuto) in cotone 71 %, poliestere 28 % (riciclato, REPREVE\u00ae) ed elastan 1 %, pantaloncini interni: materiale elasticizzato a 4 vie 91 % poliammide (nylon) e 9 % elastan<br \/>\n- Peso: 410 g\/m\u00b2 (12,1 oz)<br \/>\n- Caratteristiche: facile da trattare, lavato all'ozono<br \/>\n- Vestibilit\u00e0: regolare<br \/>\n- Marchio: Fair Wear Leader, Prodotto certificato ClimatePartner, OEKO-TEX\u00ae STANDARD 100, Sostenere l'iniziativa Cotone prodotto in Africa<br \/>\n- Temperatura di lavaggio: 40 \u00b0C<br \/>\n- Taglie: XS-3XL<\/p>","protected":false},"excerpt":{"rendered":"<p>Strapazierf\u00e4higer 5-Pocket-Stretch-Jeansskort, Rock mit integrierter Short. G\u00fcrtelschlaufen, Patch am hinteren Bund und seitlicher Reissverschluss von YKK\u00ae. Nieten mit HAKRO Schriftzug. Stickerei auf den Ges\u00e4sstaschen und an der M\u00fcnztasche. Weicher, vorgewaschener, strapazierf\u00e4higer und elastischer Baumwoll-Polyester-Denim mit Elasthan. Normale Passform: Regular Fit. \u2022 Material: Denim (Gewebe) aus 71 % Baumwolle, 28 % Polyester (recycelt, REPREVE\u00ae) und 1 [&hellip;]<\/p>\n","protected":false},"featured_media":623081,"template":"","meta":[],"product_brand":[],"product_cat":[4185],"product_tag":[],"class_list":{"0":"post-623026","1":"product","2":"type-product","3":"status-publish","4":"has-post-thumbnail","6":"product_cat-hosen","7":"pa_brand-hakro","8":"pa_brand-type-workwear","9":"pa_filter-color-blau","10":"pa_filter-color-schwarz","11":"pa_filter-color-weiss","13":"first","14":"instock","15":"sale","16":"taxable","17":"shipping-taxable","18":"purchasable","19":"product-type-variable","20":"add-to-wishlist-before_image"},"exclude_global_add_ons":[],"addons":[],"acf":[],"_links":{"self":[{"href":"https:\/\/shop.kustom.ch\/it\/wp-json\/wp\/v2\/product\/623026"}],"collection":[{"href":"https:\/\/shop.kustom.ch\/it\/wp-json\/wp\/v2\/product"}],"about":[{"href":"https:\/\/shop.kustom.ch\/it\/wp-json\/wp\/v2\/types\/product"}],"wp:featuredmedia":[{"embeddable":true,"href":"https:\/\/shop.kustom.ch\/it\/wp-json\/wp\/v2\/media\/623081"}],"wp:attachment":[{"href":"https:\/\/shop.kustom.ch\/it\/wp-json\/wp\/v2\/media?parent=623026"}],"wp:term":[{"taxonomy":"product_brand","embeddable":true,"href":"https:\/\/shop.kustom.ch\/it\/wp-json\/wp\/v2\/product_brand?post=623026"},{"taxonomy":"product_cat","embeddable":true,"href":"https:\/\/shop.kustom.ch\/it\/wp-json\/wp\/v2\/product_cat?post=623026"},{"taxonomy":"product_tag","embeddable":true,"href":"https:\/\/shop.kustom.ch\/it\/wp-json\/wp\/v2\/product_tag?post=623026"}],"curies":[{"name":"wp","href":"https:\/\/api.w.org\/{rel}","templated":true}]}}