{"id":623025,"date":"2025-03-20T05:05:48","date_gmt":"2025-03-20T04:05:48","guid":{"rendered":"https:\/\/shop.kustom.ch\/?post_type=product&#038;p=623025"},"modified":"2026-03-30T07:26:07","modified_gmt":"2026-03-30T06:26:07","slug":"hakro-5-pocket-jeanshose-x-stretch-eco","status":"publish","type":"product","link":"https:\/\/shop.kustom.ch\/it\/prodotto\/hakro-5-pocket-jeanshose-x-stretch-eco\/","title":{"rendered":"HAKRO Jeans 5 tasche X-Stretch ECO"},"content":{"rendered":"<p>Jeans elasticizzati a 5 tasche con passanti per cintura, abbottonatura e toppa sulla vita posteriore. Bottoni e rivetti con scritta HAKRO. Ricamo sulle tasche posteriori, sul fondo della cerniera e sul taschino portamonete. Cuciture esterne inferiori delle gambe bordate con tessuto di rivestimento, in modo che i pantaloni possano essere indossati anche arrotolati. Denim di cotone-poliestere morbido, prelavato, resistente ed elastico con elastan. Disponibile anche come modello da donna. Vestibilit\u00e0 regolare.<\/p>\n<p>- Materiale: Denim (tessuto) realizzato con 71 % di cotone, 28 % di poliestere (riciclato, REPREVE\u00ae) e 1 % di elastan<br \/>\n- Peso: 410 g\/m\u00b2 (12,1 oz)<br \/>\n- Caratteristiche: facile da trattare, lavato all'ozono<br \/>\n- Vestibilit\u00e0: regolare<br \/>\n- Marchio: Fair Wear Leader, Prodotto certificato ClimatePartner, OEKO-TEX\u00ae STANDARD 100, Sostenere l'iniziativa Cotone prodotto in Africa<br \/>\n- Temperatura di lavaggio: 40 \u00b0C<br \/>\n- Taglie: XS-6XL<\/p>","protected":false},"excerpt":{"rendered":"<p>Strapazierf\u00e4hige 5-Pocket-Stretch-Jeanshose mit G\u00fcrtelschlaufen, Knopfleiste und Patch am hinteren Bund. Kn\u00f6pfe und Nieten mit HAKRO Schriftzug. Stickerei auf den Ges\u00e4sstaschen, am Reissverschlussuntertritt und an der M\u00fcnztasche. Untere Aussenbeinn\u00e4hte mit Futterstoff gepaspelt, so dass die Hose auch gekrempelt getragen werden kann. Weicher, vorgewaschener, strapazierf\u00e4higer und elastischer Baumwoll-Polyester-Denim mit Elasthan. Verf\u00fcgbar auch als Damenmodell. Normale Passform: Regular [&hellip;]<\/p>\n","protected":false},"featured_media":623047,"template":"","meta":[],"product_brand":[],"product_cat":[4185],"product_tag":[],"class_list":{"0":"post-623025","1":"product","2":"type-product","3":"status-publish","4":"has-post-thumbnail","6":"product_cat-hosen","7":"pa_brand-hakro","8":"pa_brand-type-workwear","9":"pa_filter-color-blau","10":"pa_filter-color-schwarz","11":"pa_filter-color-weiss","13":"first","14":"instock","15":"sale","16":"taxable","17":"shipping-taxable","18":"purchasable","19":"product-type-variable","20":"add-to-wishlist-before_image"},"exclude_global_add_ons":[],"addons":[],"acf":[],"_links":{"self":[{"href":"https:\/\/shop.kustom.ch\/it\/wp-json\/wp\/v2\/product\/623025"}],"collection":[{"href":"https:\/\/shop.kustom.ch\/it\/wp-json\/wp\/v2\/product"}],"about":[{"href":"https:\/\/shop.kustom.ch\/it\/wp-json\/wp\/v2\/types\/product"}],"wp:featuredmedia":[{"embeddable":true,"href":"https:\/\/shop.kustom.ch\/it\/wp-json\/wp\/v2\/media\/623047"}],"wp:attachment":[{"href":"https:\/\/shop.kustom.ch\/it\/wp-json\/wp\/v2\/media?parent=623025"}],"wp:term":[{"taxonomy":"product_brand","embeddable":true,"href":"https:\/\/shop.kustom.ch\/it\/wp-json\/wp\/v2\/product_brand?post=623025"},{"taxonomy":"product_cat","embeddable":true,"href":"https:\/\/shop.kustom.ch\/it\/wp-json\/wp\/v2\/product_cat?post=623025"},{"taxonomy":"product_tag","embeddable":true,"href":"https:\/\/shop.kustom.ch\/it\/wp-json\/wp\/v2\/product_tag?post=623025"}],"curies":[{"name":"wp","href":"https:\/\/api.w.org\/{rel}","templated":true}]}}