{"id":622759,"date":"2025-03-20T05:04:08","date_gmt":"2025-03-20T04:04:08","guid":{"rendered":"https:\/\/shop.kustom.ch\/?post_type=product&#038;p=622759"},"modified":"2026-03-30T07:25:30","modified_gmt":"2026-03-30T06:25:30","slug":"hakro-damen-performanceskort-eco","status":"publish","type":"product","link":"https:\/\/shop.kustom.ch\/it\/prodotto\/hakro-damen-performanceskort-eco\/","title":{"rendered":"HAKRO pantaloncini corti da donna ECO"},"content":{"rendered":"<p>Gonna molto resistente e funzionale, con pantaloncini integrati. Vita elastica con robusto inserto in maglia sul retro. Zip laterale e passanti per cintura. Due tasche a fessura con zip e garage con zip, due tasche posteriori con ricamo e tasca con zip a destra. Tutte le cerniere sono YKK\u00ae. Materiale particolarmente resistente composto da cotone, poliestere riciclato certificato GRS ed elastolefina. Vestibilit\u00e0 regolare.<\/p>\n<p>- Materiale: raso (tessuto) realizzato con 74 % di poliestere (riciclato), 21 % di cotone (organico) e 5 % di elastolefina (XLANCE\u00ae), pantaloncini interni alla gonna: materiale elasticizzato a 4 vie realizzato con 91 % di poliammide (nylon) e 9 % di elastan<br \/>\n- Peso: 285 g\/m\u00b2<br \/>\n- Caratteristiche: adatto alla lavanderia industriale secondo la norma DIN EN ISO 15797, prelavato, facile da lavare.<br \/>\n- Vestibilit\u00e0: regolare<br \/>\n- Marchio: Fair Wear Leader, Prodotto certificato ClimatePartner, OEKO-TEX\u00ae STANDARD 100, Global Recycled Standard (GRS), Green Button<br \/>\n- Temperatura di lavaggio: 60 \u00b0C<br \/>\n- Taglie: XS-6XL<\/p>","protected":false},"excerpt":{"rendered":"<p>Sehr strapazierf\u00e4higer, funktioneller Skort, Rock mit integrierter Short. Dehnbarer Hosenbund durch robusten Strickeinsatz hinten. Seitlicher Reissverschluss und G\u00fcrtelschlaufen. Zwei Einschubtaschen mit Reissverschluss und Reissverschlussgarage, zwei Ges\u00e4sstaschen mit Stickerei und Reissverschlusstasche rechts. Alle Reissverschl\u00fcsse von YKK\u00ae. Besonders strapazierf\u00e4higer Materialmix aus Baumwolle, GRS-zertifiziertem, recyceltem Polyester und Elastolefin. Normale Passform: Regular Fit. \u2022 Material: Satin (Gewebe) aus 74 [&hellip;]<\/p>\n","protected":false},"featured_media":622805,"template":"","meta":[],"product_brand":[],"product_cat":[4185],"product_tag":[],"class_list":{"0":"post-622759","1":"product","2":"type-product","3":"status-publish","4":"has-post-thumbnail","6":"product_cat-hosen","7":"pa_brand-hakro","8":"pa_brand-type-workwear","9":"pa_filter-color-blau","10":"pa_filter-color-grau","11":"pa_filter-color-gruen","12":"pa_filter-color-schwarz","13":"pa_filter-color-weiss","15":"first","16":"instock","17":"sale","18":"taxable","19":"shipping-taxable","20":"purchasable","21":"product-type-variable","22":"add-to-wishlist-before_image"},"exclude_global_add_ons":[],"addons":[],"acf":[],"_links":{"self":[{"href":"https:\/\/shop.kustom.ch\/it\/wp-json\/wp\/v2\/product\/622759"}],"collection":[{"href":"https:\/\/shop.kustom.ch\/it\/wp-json\/wp\/v2\/product"}],"about":[{"href":"https:\/\/shop.kustom.ch\/it\/wp-json\/wp\/v2\/types\/product"}],"wp:featuredmedia":[{"embeddable":true,"href":"https:\/\/shop.kustom.ch\/it\/wp-json\/wp\/v2\/media\/622805"}],"wp:attachment":[{"href":"https:\/\/shop.kustom.ch\/it\/wp-json\/wp\/v2\/media?parent=622759"}],"wp:term":[{"taxonomy":"product_brand","embeddable":true,"href":"https:\/\/shop.kustom.ch\/it\/wp-json\/wp\/v2\/product_brand?post=622759"},{"taxonomy":"product_cat","embeddable":true,"href":"https:\/\/shop.kustom.ch\/it\/wp-json\/wp\/v2\/product_cat?post=622759"},{"taxonomy":"product_tag","embeddable":true,"href":"https:\/\/shop.kustom.ch\/it\/wp-json\/wp\/v2\/product_tag?post=622759"}],"curies":[{"name":"wp","href":"https:\/\/api.w.org\/{rel}","templated":true}]}}