{"id":621883,"date":"2025-03-20T04:58:47","date_gmt":"2025-03-20T03:58:47","guid":{"rendered":"https:\/\/shop.kustom.ch\/?post_type=product&#038;p=621883"},"modified":"2026-03-30T07:22:06","modified_gmt":"2026-03-30T06:22:06","slug":"hakro-sweatshirt-contrast-mikralinar-eco","status":"publish","type":"product","link":"https:\/\/shop.kustom.ch\/it\/prodotto\/hakro-sweatshirt-contrast-mikralinar-eco\/","title":{"rendered":"HAKRO Felpa MIKRALINAR\u00ae ECO a contrasto"},"content":{"rendered":"<p>Felpa particolarmente resistente con inserti neri a contrasto sui fianchi, sulle spalle e sulle maniche, nonch\u00e9 collo e polsini delle maniche a costine a contrasto (nero: contrasto in grigio carbone). Colletto in leasing per una facile etichettatura nelle lavanderie commerciali e cinghie di sospensione nell'orlo. Materiale per la sudorazione di medio peso in MIKRALINAR\u00ae ECO, il mix di materiali performanti di HAKRO composto da cotone e poliestere riciclato certificato GRS. Non spazzolato all'interno (French terry). Polsini rinforzati con elastan per mantenere la forma. Vestibilit\u00e0 regolare.<\/p>\n<p>- Materiale: MIKRALINAR\u00ae ECO, materiale felpato in spugna francese (tessuto a maglia) composto da 50 cotone % e 50 poliestere % (riciclato)<br \/>\n- Peso: 300 g\/m\u00b2<br \/>\n- Caratteristiche: prelavaggio, facile da lavare, adatto alla lavanderia industriale secondo la norma DIN EN ISO 15797.<br \/>\n- Vestibilit\u00e0: regolare<br \/>\n- Marchio: Fair Wear Leader, Prodotto certificato ClimatePartner, OEKO-TEX\u00ae STANDARD 100, Global Recycled Standard (GRS), Green Button<br \/>\n- Temperatura di lavaggio: 60 \u00b0C<br \/>\n- Taglie: 2XS-6XL<\/p>","protected":false},"excerpt":{"rendered":"<p>Besonders strapazierf\u00e4higes Sweatshirt mit Eins\u00e4tzen in Kontrastfarbe Schwarz an den Seiten, Schultern und \u00c4rmeln, sowie kontrastfarbigen, gerippten Hals- und \u00c4rmelb\u00fcndchen (Schwarz: Kontrast in Farbe Karbongrau). Leasingkoller zur einfachen Kennzeichnung in der gewerblichen W\u00e4scherei und Aufh\u00e4ngeb\u00e4nder im Saum. Mittelschweres Sweatmaterial aus MIKRALINAR\u00ae ECO, dem HAKRO Performance-Materialmix aus Baumwolle und GRS-zertifiziertem, recyceltem Polyester. Innenseite nicht angeraut (French-Terry). [&hellip;]<\/p>\n","protected":false},"featured_media":621914,"template":"","meta":[],"product_brand":[],"product_cat":[4191],"product_tag":[],"class_list":{"0":"post-621883","1":"product","2":"type-product","3":"status-publish","4":"has-post-thumbnail","6":"product_cat-longsleeves-sweatshirts","7":"pa_brand-hakro","8":"pa_brand-type-workwear","9":"pa_filter-color-blau","10":"pa_filter-color-grau","11":"pa_filter-color-gruen","12":"pa_filter-color-rot","13":"pa_filter-color-schwarz","14":"pa_filter-color-weiss","16":"first","17":"instock","18":"sale","19":"taxable","20":"shipping-taxable","21":"purchasable","22":"product-type-variable","23":"add-to-wishlist-before_image"},"exclude_global_add_ons":[],"addons":[],"acf":[],"_links":{"self":[{"href":"https:\/\/shop.kustom.ch\/it\/wp-json\/wp\/v2\/product\/621883"}],"collection":[{"href":"https:\/\/shop.kustom.ch\/it\/wp-json\/wp\/v2\/product"}],"about":[{"href":"https:\/\/shop.kustom.ch\/it\/wp-json\/wp\/v2\/types\/product"}],"wp:featuredmedia":[{"embeddable":true,"href":"https:\/\/shop.kustom.ch\/it\/wp-json\/wp\/v2\/media\/621914"}],"wp:attachment":[{"href":"https:\/\/shop.kustom.ch\/it\/wp-json\/wp\/v2\/media?parent=621883"}],"wp:term":[{"taxonomy":"product_brand","embeddable":true,"href":"https:\/\/shop.kustom.ch\/it\/wp-json\/wp\/v2\/product_brand?post=621883"},{"taxonomy":"product_cat","embeddable":true,"href":"https:\/\/shop.kustom.ch\/it\/wp-json\/wp\/v2\/product_cat?post=621883"},{"taxonomy":"product_tag","embeddable":true,"href":"https:\/\/shop.kustom.ch\/it\/wp-json\/wp\/v2\/product_tag?post=621883"}],"curies":[{"name":"wp","href":"https:\/\/api.w.org\/{rel}","templated":true}]}}