{"id":620968,"date":"2025-03-20T03:36:49","date_gmt":"2025-03-20T02:36:49","guid":{"rendered":"https:\/\/shop.kustom.ch\/?post_type=product&#038;p=620968"},"modified":"2026-03-30T07:16:01","modified_gmt":"2026-03-30T06:16:01","slug":"hakro-damen-poloshirt-contrast-mikralinar-eco","status":"publish","type":"product","link":"https:\/\/shop.kustom.ch\/it\/prodotto\/hakro-damen-poloshirt-contrast-mikralinar-eco\/","title":{"rendered":"Polo HAKRO da donna a contrasto MIKRALINAR\u00ae ECO"},"content":{"rendered":"<p>Polo particolarmente resistente con abbottonatura a quattro fori e inserti in nero a contrasto su fianchi, spalle, maniche e colletto, nonch\u00e9 polsini a coste a contrasto (nero: contrasto in grigio carbone). Spacchi laterali a doppia chiusura, nastro per il collo e colletto con leasing per una facile etichettatura nelle lavanderie commerciali e cinghie di sospensione sull'orlo. Piqu\u00e9 particolarmente facile da pulire e funzionale, realizzato in MIKRALINAR\u00ae ECO, il mix di materiali performanti di HAKRO composto da cotone e poliestere riciclato certificato GRS. Disponibile anche come modello unisex con abbottonatura a tre fori. Vestibilit\u00e0 regolare.<\/p>\n<p>- Materiale: MIKRALINAR\u00ae ECO, piqu\u00e9 composto da 50 cotone % e 50 poliestere % (riciclato)<br \/>\n- Peso: 200 g\/m\u00b2<br \/>\n- Caratteristiche: prelavaggio, facile da lavare, adatto alla lavanderia industriale secondo la norma DIN EN ISO 15797.<br \/>\n- Vestibilit\u00e0: regolare<br \/>\n- Marchio: Fair Wear Leader, Prodotto certificato ClimatePartner, OEKO-TEX\u00ae STANDARD 100, Global Recycled Standard (GRS), Green Button<br \/>\n- Temperatura di lavaggio: 60 \u00b0C<br \/>\n- Taglie: 2XS-6XL<\/p>","protected":false},"excerpt":{"rendered":"<p>Besonders strapazierf\u00e4higes Poloshirt mit Vier-Loch Knopfleiste und Eins\u00e4tzen in Kontrastfarbe Schwarz an den Seiten, Schultern, \u00c4rmeln und am Kragen sowie kontrastfarbigen, gerippten \u00c4rmelb\u00fcndchen (Schwarz: Kontrast in Farbe Karbongrau). Doppelt geriegelte Seitenschlitze, Nackenband und Leasingkoller zur einfachen Kennzeichnung in der gewerblichen W\u00e4scherei und Aufh\u00e4ngeb\u00e4nder im Saum. Besonders pflegeleichtes und funktionelles Piqu\u00e9 aus MIKRALINAR\u00ae ECO, dem HAKRO [&hellip;]<\/p>\n","protected":false},"featured_media":621006,"template":"","meta":[],"product_brand":[],"product_cat":[4193],"product_tag":[],"class_list":{"0":"post-620968","1":"product","2":"type-product","3":"status-publish","4":"has-post-thumbnail","6":"product_cat-polos","7":"pa_brand-hakro","8":"pa_brand-type-workwear","9":"pa_filter-color-blau","10":"pa_filter-color-grau","11":"pa_filter-color-gruen","12":"pa_filter-color-rot","13":"pa_filter-color-schwarz","14":"pa_filter-color-weiss","16":"first","17":"instock","18":"sale","19":"taxable","20":"shipping-taxable","21":"purchasable","22":"product-type-variable","23":"add-to-wishlist-before_image"},"exclude_global_add_ons":[],"addons":[],"acf":[],"_links":{"self":[{"href":"https:\/\/shop.kustom.ch\/it\/wp-json\/wp\/v2\/product\/620968"}],"collection":[{"href":"https:\/\/shop.kustom.ch\/it\/wp-json\/wp\/v2\/product"}],"about":[{"href":"https:\/\/shop.kustom.ch\/it\/wp-json\/wp\/v2\/types\/product"}],"wp:featuredmedia":[{"embeddable":true,"href":"https:\/\/shop.kustom.ch\/it\/wp-json\/wp\/v2\/media\/621006"}],"wp:attachment":[{"href":"https:\/\/shop.kustom.ch\/it\/wp-json\/wp\/v2\/media?parent=620968"}],"wp:term":[{"taxonomy":"product_brand","embeddable":true,"href":"https:\/\/shop.kustom.ch\/it\/wp-json\/wp\/v2\/product_brand?post=620968"},{"taxonomy":"product_cat","embeddable":true,"href":"https:\/\/shop.kustom.ch\/it\/wp-json\/wp\/v2\/product_cat?post=620968"},{"taxonomy":"product_tag","embeddable":true,"href":"https:\/\/shop.kustom.ch\/it\/wp-json\/wp\/v2\/product_tag?post=620968"}],"curies":[{"name":"wp","href":"https:\/\/api.w.org\/{rel}","templated":true}]}}