{"id":620902,"date":"2025-03-20T03:36:32","date_gmt":"2025-03-20T02:36:32","guid":{"rendered":"https:\/\/shop.kustom.ch\/?post_type=product&#038;p=620902"},"modified":"2026-03-30T07:15:46","modified_gmt":"2026-03-30T06:15:46","slug":"hakro-damen-zip-longsleeve-pique-mikralinar-eco","status":"publish","type":"product","link":"https:\/\/shop.kustom.ch\/it\/prodotto\/hakro-damen-zip-longsleeve-pique-mikralinar-eco\/","title":{"rendered":"HAKRO manica lunga con zip da donna in piqu\u00e9 MIKRALINAR\u00ae ECO"},"content":{"rendered":"<p>Manica lunga con zip particolarmente resistente con cuciture ergonomiche. Fascia in vita in materiale principale su orlo e maniche. Zip click-down di alta qualit\u00e0 YKK\u00ae in nero. Colletto a scomparsa per una facile etichettatura nelle lavanderie commerciali e cinghie di sospensione nell'orlo. Piqu\u00e9 particolarmente facile da pulire e funzionale, realizzato in MIKRALINAR\u00ae ECO, il mix di materiali performanti HAKRO di cotone e poliestere riciclato certificato GRS. Disponibile anche come modello unisex. Vestibilit\u00e0 regolare.<\/p>\n<p>- Materiale: MIKRALINAR\u00ae ECO, piqu\u00e9 composto da 50 cotone % e 50 poliestere % (riciclato)<br \/>\n- Peso: 200 g\/m\u00b2<br \/>\n- Caratteristiche: prelavaggio, facile da lavare, adatto alla lavanderia industriale secondo la norma DIN EN ISO 15797.<br \/>\n- Vestibilit\u00e0: regolare<br \/>\n- Marchio: Fair Wear Leader, Prodotto certificato ClimatePartner, OEKO-TEX\u00ae STANDARD 100, Sostenere l'iniziativa Cotone prodotto in Africa, Global Recycled Standard (GRS), Green Button<br \/>\n- Temperatura di lavaggio: 60 \u00b0C<br \/>\n- Taglie: 2XS-6XL<\/p>","protected":false},"excerpt":{"rendered":"<p>Besonders strapazierf\u00e4higes Zip-Longsleeve mit ergonomischer Nahtf\u00fchrung. Bund aus Hauptmaterial an Saum &amp; \u00c4rmeln. Hochwertiger Click-down-Reissverschluss von YKK\u00ae in Schwarz. Leasingkoller zur einfachen Kennzeichnung in der gewerblichen W\u00e4scherei und Aufh\u00e4ngeb\u00e4nder im Saum. Besonders pflegeleichtes und funktionelles Piqu\u00e9 aus MIKRALINAR\u00ae ECO, dem HAKRO Performance-Materialmix aus Baumwolle und GRS-zertifiziertem, recyceltem Polyester. Verf\u00fcgbar auch als Unisexmodell. Normale Passform: Regular [&hellip;]<\/p>\n","protected":false},"featured_media":620944,"template":"","meta":[],"product_brand":[],"product_cat":[4193],"product_tag":[],"class_list":{"0":"post-620902","1":"product","2":"type-product","3":"status-publish","4":"has-post-thumbnail","6":"product_cat-polos","7":"pa_brand-hakro","8":"pa_brand-type-workwear","9":"pa_filter-color-blau","10":"pa_filter-color-grau","11":"pa_filter-color-gruen","12":"pa_filter-color-schwarz","13":"pa_filter-color-weiss","15":"first","16":"instock","17":"sale","18":"taxable","19":"shipping-taxable","20":"purchasable","21":"product-type-variable","22":"add-to-wishlist-before_image"},"exclude_global_add_ons":[],"addons":[],"acf":[],"_links":{"self":[{"href":"https:\/\/shop.kustom.ch\/it\/wp-json\/wp\/v2\/product\/620902"}],"collection":[{"href":"https:\/\/shop.kustom.ch\/it\/wp-json\/wp\/v2\/product"}],"about":[{"href":"https:\/\/shop.kustom.ch\/it\/wp-json\/wp\/v2\/types\/product"}],"wp:featuredmedia":[{"embeddable":true,"href":"https:\/\/shop.kustom.ch\/it\/wp-json\/wp\/v2\/media\/620944"}],"wp:attachment":[{"href":"https:\/\/shop.kustom.ch\/it\/wp-json\/wp\/v2\/media?parent=620902"}],"wp:term":[{"taxonomy":"product_brand","embeddable":true,"href":"https:\/\/shop.kustom.ch\/it\/wp-json\/wp\/v2\/product_brand?post=620902"},{"taxonomy":"product_cat","embeddable":true,"href":"https:\/\/shop.kustom.ch\/it\/wp-json\/wp\/v2\/product_cat?post=620902"},{"taxonomy":"product_tag","embeddable":true,"href":"https:\/\/shop.kustom.ch\/it\/wp-json\/wp\/v2\/product_tag?post=620902"}],"curies":[{"name":"wp","href":"https:\/\/api.w.org\/{rel}","templated":true}]}}