{"id":620478,"date":"2025-03-20T03:33:50","date_gmt":"2025-03-20T02:33:50","guid":{"rendered":"https:\/\/shop.kustom.ch\/?post_type=product&#038;p=620478"},"modified":"2026-03-30T07:12:30","modified_gmt":"2026-03-30T06:12:30","slug":"hakro-damen-kapuzen-tecjacke-eco","status":"publish","type":"product","link":"https:\/\/shop.kustom.ch\/it\/prodotto\/hakro-damen-kapuzen-tecjacke-eco\/","title":{"rendered":"Giacca tec HAKRO da donna con cappuccio ECO"},"content":{"rendered":"<p>Giacca funzionale dal taglio sportivo con doppia cucitura sul cappuccio. Zip frontale con garage per zip e tasche a fessura con zip. Tutte le cerniere YKK\u00ae click-down in nero. Materiale elasticizzato di facile manutenzione e rapida asciugatura in fibra funzionale TRIACTIVE con poliestere riciclato certificato GRS. Interno spazzolato per un elevato isolamento termico. Disponibile anche come modello unisex. Vestibilit\u00e0 regolare.<\/p>\n<p>- Materiale: TRIACTIVE, pile interlock (tessuto a maglia) composto da 95 poliestere % (riciclato) e 5 elastan %<br \/>\n- Peso: 230 g\/m\u00b2<br \/>\n- Caratteristiche: facile da trattare, traspirante, anti-pilling<br \/>\n- Vestibilit\u00e0: regolare<br \/>\n- Marchio: Fair Wear Leader, Prodotto certificato ClimatePartner, OEKO-TEX\u00ae STANDARD 100, Global Recycled Standard (GRS), Green Button<br \/>\n- Temperatura di lavaggio: 30 \u00b0C<br \/>\n- Taglie: XS-3XL<\/p>","protected":false},"excerpt":{"rendered":"<p>Funktionelle, sportiv geschnittene Jacke mit Zweinaht-Verarbeitung an der Kapuze. Frontreissverschluss mit Reissverschlussgarage und Einschubtaschen mit Reissverschl\u00fcssen. Alle Click-Down-Reissverschl\u00fcsse von YKK\u00ae in Schwarz. Pflegeleichtes und schnelltrocknendes Stretchmaterial aus der Funktionsfaser TRIACTIVE mit GRS-zertifiziertem, recyceltem Polyester. Angeraute Innenseite f\u00fcr hohe W\u00e4rmeisolation. Verf\u00fcgbar auch als Unisexmodell. Normale Passform: Regular Fit. \u2022 Material: TRIACTIVE, Interlock-Fleece (Maschenware) aus 95 % [&hellip;]<\/p>\n","protected":false},"featured_media":620503,"template":"","meta":[],"product_brand":[],"product_cat":[4186],"product_tag":[],"class_list":{"0":"post-620478","1":"product","2":"type-product","3":"status-publish","4":"has-post-thumbnail","6":"product_cat-jacken","7":"pa_brand-hakro","8":"pa_brand-type-workwear","9":"pa_filter-color-blau","10":"pa_filter-color-grau","11":"pa_filter-color-schwarz","13":"first","14":"instock","15":"sale","16":"taxable","17":"shipping-taxable","18":"purchasable","19":"product-type-variable","20":"add-to-wishlist-before_image"},"exclude_global_add_ons":[],"addons":[],"acf":[],"_links":{"self":[{"href":"https:\/\/shop.kustom.ch\/it\/wp-json\/wp\/v2\/product\/620478"}],"collection":[{"href":"https:\/\/shop.kustom.ch\/it\/wp-json\/wp\/v2\/product"}],"about":[{"href":"https:\/\/shop.kustom.ch\/it\/wp-json\/wp\/v2\/types\/product"}],"wp:featuredmedia":[{"embeddable":true,"href":"https:\/\/shop.kustom.ch\/it\/wp-json\/wp\/v2\/media\/620503"}],"wp:attachment":[{"href":"https:\/\/shop.kustom.ch\/it\/wp-json\/wp\/v2\/media?parent=620478"}],"wp:term":[{"taxonomy":"product_brand","embeddable":true,"href":"https:\/\/shop.kustom.ch\/it\/wp-json\/wp\/v2\/product_brand?post=620478"},{"taxonomy":"product_cat","embeddable":true,"href":"https:\/\/shop.kustom.ch\/it\/wp-json\/wp\/v2\/product_cat?post=620478"},{"taxonomy":"product_tag","embeddable":true,"href":"https:\/\/shop.kustom.ch\/it\/wp-json\/wp\/v2\/product_tag?post=620478"}],"curies":[{"name":"wp","href":"https:\/\/api.w.org\/{rel}","templated":true}]}}