{"id":619560,"date":"2025-03-20T03:28:22","date_gmt":"2025-03-20T02:28:22","guid":{"rendered":"https:\/\/shop.kustom.ch\/?post_type=product&#038;p=619560"},"modified":"2026-03-30T07:06:17","modified_gmt":"2026-03-30T06:06:17","slug":"hakro-damen-pullover-merino-wolle","status":"publish","type":"product","link":"https:\/\/shop.kustom.ch\/it\/prodotto\/hakro-damen-pullover-merino-wolle\/","title":{"rendered":"HAKRO maglione da donna in lana merino"},"content":{"rendered":"<p>Maglia a maglia fine particolarmente elegante con scollo rotondo. Design di alta qualit\u00e0, completamente modellato, con polsini a coste. Qualit\u00e0 della maglia di facile manutenzione, realizzata in filato merino. Disponibile anche come modello unisex. Vestibilit\u00e0 regolare.<\/p>\n<p>- Materiale: maglia fine in lana 100 % (Merino)<br \/>\n- Caratteristiche: facile da pulire<br \/>\n- Vestibilit\u00e0: regolare<br \/>\n- Marchio: Fair Wear Leader, prodotto certificato ClimatePartner, OEKO-TEX\u00ae STANDARD 100<br \/>\n- Temperatura di lavaggio: 30 \u00b0C<br \/>\n- Taglie: XS-3XL<\/p>\n<p><a href=\"http:\/\/media.hakro.com\/productsheets\/productsheet_0146_de.pdf\" target=\"_blank\" rel=\"noopener\"><u>Aprire la scheda tecnica del prodotto<\/u><\/a><\/p>","protected":false},"excerpt":{"rendered":"<p>Besonders edler Feinstrickpullover mit Rundhalsausschnitt. Hochwertige Fully-fashioned-Ausf\u00fchrung mit Rippstrickb\u00fcndchen. Pflegeleichte Strickqualit\u00e4t aus Merino-Garn. Verf\u00fcgbar auch als Unisexmodell. Normale Passform: Regular Fit. \u2022 Material: Feinstrick aus 100 % Wolle (Merino) \u2022 Eigenschaft: pflegeleicht \u2022 Passform: Regular Fit \u2022 Siegel: Fair Wear Leader, ClimatePartner zertifiziertes Produkt, OEKO-TEX\u00ae STANDARD 100 \u2022 Waschtemperatur: 30 \u00b0C \u2022 Gr\u00f6ssen: XS-3XL Produktdatenblatt [&hellip;]<\/p>\n","protected":false},"featured_media":619586,"template":"","meta":[],"product_brand":[],"product_cat":[4184],"product_tag":[],"class_list":{"0":"post-619560","1":"product","2":"type-product","3":"status-publish","4":"has-post-thumbnail","6":"product_cat-hoodies-pullover","7":"pa_brand-hakro","8":"pa_brand-type-workwear","9":"pa_filter-color-blau","10":"pa_filter-color-grau","11":"pa_filter-color-schwarz","13":"first","14":"instock","15":"sale","16":"taxable","17":"shipping-taxable","18":"purchasable","19":"product-type-variable","20":"add-to-wishlist-before_image"},"exclude_global_add_ons":[],"addons":[],"acf":[],"_links":{"self":[{"href":"https:\/\/shop.kustom.ch\/it\/wp-json\/wp\/v2\/product\/619560"}],"collection":[{"href":"https:\/\/shop.kustom.ch\/it\/wp-json\/wp\/v2\/product"}],"about":[{"href":"https:\/\/shop.kustom.ch\/it\/wp-json\/wp\/v2\/types\/product"}],"wp:featuredmedia":[{"embeddable":true,"href":"https:\/\/shop.kustom.ch\/it\/wp-json\/wp\/v2\/media\/619586"}],"wp:attachment":[{"href":"https:\/\/shop.kustom.ch\/it\/wp-json\/wp\/v2\/media?parent=619560"}],"wp:term":[{"taxonomy":"product_brand","embeddable":true,"href":"https:\/\/shop.kustom.ch\/it\/wp-json\/wp\/v2\/product_brand?post=619560"},{"taxonomy":"product_cat","embeddable":true,"href":"https:\/\/shop.kustom.ch\/it\/wp-json\/wp\/v2\/product_cat?post=619560"},{"taxonomy":"product_tag","embeddable":true,"href":"https:\/\/shop.kustom.ch\/it\/wp-json\/wp\/v2\/product_tag?post=619560"}],"curies":[{"name":"wp","href":"https:\/\/api.w.org\/{rel}","templated":true}]}}