{"id":619505,"date":"2025-03-20T03:27:58","date_gmt":"2025-03-20T02:27:58","guid":{"rendered":"https:\/\/shop.kustom.ch\/?post_type=product&#038;p=619505"},"modified":"2026-03-30T07:06:15","modified_gmt":"2026-03-30T06:06:15","slug":"hakro-pullover-premium-baumwolle","status":"publish","type":"product","link":"https:\/\/shop.kustom.ch\/it\/prodotto\/hakro-pullover-premium-baumwolle\/","title":{"rendered":"Pullover HAKRO in cotone pregiato"},"content":{"rendered":"<p>Maglia di alta qualit\u00e0 a maglia fine con scollo rotondo in un design completamente modellato e polsini a coste. Tessuto in maglia di cotone di facile manutenzione. Disponibile anche come modello da donna. Vestibilit\u00e0 regolare.<\/p>\n<p>- Materiale: maglia fine in cotone 100 %<br \/>\n- Caratteristiche: facile da pulire<br \/>\n- Vestibilit\u00e0: regolare<br \/>\n- Marchio: Fair Wear Leader, prodotto certificato ClimatePartner, OEKO-TEX\u00ae STANDARD 100<br \/>\n- Temperatura di lavaggio: 40 \u00b0C<br \/>\n- Taglie: XS-3XL<\/p>","protected":false},"excerpt":{"rendered":"<p>Hochwertiger Feinstrickpullover mit Rundhalsausschnitt in Fully-fashioned-Ausf\u00fchrung und Rippstrickb\u00fcndchen. Pflegeleichte Strickqualit\u00e4t aus Baumwolle. Verf\u00fcgbar auch als Damenmodell. Normale Passform: Regular Fit. \u2022 Material: Feinstrick aus 100 % Baumwolle \u2022 Eigenschaft: pflegeleicht \u2022 Passform: Regular Fit \u2022 Siegel: Fair Wear Leader, ClimatePartner zertifiziertes Produkt, OEKO-TEX\u00ae STANDARD 100 \u2022 Waschtemperatur: 40 \u00b0C \u2022 Gr\u00f6ssen: XS-3XL<\/p>","protected":false},"featured_media":619559,"template":"","meta":[],"product_brand":[],"product_cat":[4184],"product_tag":[],"class_list":{"0":"post-619505","1":"product","2":"type-product","3":"status-publish","4":"has-post-thumbnail","6":"product_cat-hoodies-pullover","7":"pa_brand-hakro","8":"pa_brand-type-workwear","9":"pa_filter-color-blau","10":"pa_filter-color-grau","11":"pa_filter-color-schwarz","13":"first","14":"instock","15":"sale","16":"taxable","17":"shipping-taxable","18":"purchasable","19":"product-type-variable","20":"add-to-wishlist-before_image"},"exclude_global_add_ons":[],"addons":[],"acf":[],"_links":{"self":[{"href":"https:\/\/shop.kustom.ch\/it\/wp-json\/wp\/v2\/product\/619505"}],"collection":[{"href":"https:\/\/shop.kustom.ch\/it\/wp-json\/wp\/v2\/product"}],"about":[{"href":"https:\/\/shop.kustom.ch\/it\/wp-json\/wp\/v2\/types\/product"}],"wp:featuredmedia":[{"embeddable":true,"href":"https:\/\/shop.kustom.ch\/it\/wp-json\/wp\/v2\/media\/619559"}],"wp:attachment":[{"href":"https:\/\/shop.kustom.ch\/it\/wp-json\/wp\/v2\/media?parent=619505"}],"wp:term":[{"taxonomy":"product_brand","embeddable":true,"href":"https:\/\/shop.kustom.ch\/it\/wp-json\/wp\/v2\/product_brand?post=619505"},{"taxonomy":"product_cat","embeddable":true,"href":"https:\/\/shop.kustom.ch\/it\/wp-json\/wp\/v2\/product_cat?post=619505"},{"taxonomy":"product_tag","embeddable":true,"href":"https:\/\/shop.kustom.ch\/it\/wp-json\/wp\/v2\/product_tag?post=619505"}],"curies":[{"name":"wp","href":"https:\/\/api.w.org\/{rel}","templated":true}]}}