{"id":618788,"date":"2025-03-12T02:54:59","date_gmt":"2025-03-12T01:54:59","guid":{"rendered":"https:\/\/shop.kustom.ch\/?post_type=product&#038;p=618788"},"modified":"2025-05-06T11:02:47","modified_gmt":"2025-05-06T10:02:47","slug":"equal-pro-korfball","status":"publish","type":"product","link":"https:\/\/shop.kustom.ch\/it\/prodotto\/equal-pro-korfball\/","title":{"rendered":"Equal Pro Korfball"},"content":{"rendered":"<p>Korfball certificato e resistente per qualsiasi ambiente di gioco.<br \/>\nPallone da torneo ufficialmente certificato per le partite di korfball professionistico; ideale per qualsiasi superficie di gioco, sia interna che esterna; ottima presa grazie alla speciale struttura della superficie; particolarmente resistente e durevole; lavorazione di alta qualit\u00e0 e bilanciamento perfetto per passaggi e tecniche di lancio precisi; si adatta comodamente alla mano grazie al design ergonomico<\/p>","protected":false},"excerpt":{"rendered":"<p>Zertifizierter, strapazierf\u00e4higer Korfball f\u00fcr jede Spielumgebung. Offiziell zertifizierter Turnierball f\u00fcr professionelle Korfball-Spiele; Ideal f\u00fcr jede Spielfl\u00e4che geeignet \u2013 Indoor und Outdoor; Hervorragende Griffigkeit dank spezieller Oberfl\u00e4chenstruktur; Besonders langlebig und strapazierf\u00e4hig; Hochwertige Verarbeitung und perfekte Balance f\u00fcr pr\u00e4zise P\u00e4sse und Wurftechniken; Liegt dank des ergonomischen Designs angenehm in der Hand<\/p>","protected":false},"featured_media":618791,"template":"","meta":[],"product_brand":[],"product_cat":[4175,4209],"product_tag":[],"class_list":{"0":"post-618788","1":"product","2":"type-product","3":"status-publish","4":"has-post-thumbnail","6":"product_cat-baelle","7":"product_cat-zubehoer","8":"pa_brand-erima","9":"pa_brand-type-sportswear","10":"pa_filter-color-orange","12":"first","13":"instock","14":"sale","15":"taxable","16":"shipping-taxable","17":"purchasable","18":"product-type-variable","19":"add-to-wishlist-before_image"},"exclude_global_add_ons":[],"addons":[],"acf":[],"_links":{"self":[{"href":"https:\/\/shop.kustom.ch\/it\/wp-json\/wp\/v2\/product\/618788"}],"collection":[{"href":"https:\/\/shop.kustom.ch\/it\/wp-json\/wp\/v2\/product"}],"about":[{"href":"https:\/\/shop.kustom.ch\/it\/wp-json\/wp\/v2\/types\/product"}],"wp:featuredmedia":[{"embeddable":true,"href":"https:\/\/shop.kustom.ch\/it\/wp-json\/wp\/v2\/media\/618791"}],"wp:attachment":[{"href":"https:\/\/shop.kustom.ch\/it\/wp-json\/wp\/v2\/media?parent=618788"}],"wp:term":[{"taxonomy":"product_brand","embeddable":true,"href":"https:\/\/shop.kustom.ch\/it\/wp-json\/wp\/v2\/product_brand?post=618788"},{"taxonomy":"product_cat","embeddable":true,"href":"https:\/\/shop.kustom.ch\/it\/wp-json\/wp\/v2\/product_cat?post=618788"},{"taxonomy":"product_tag","embeddable":true,"href":"https:\/\/shop.kustom.ch\/it\/wp-json\/wp\/v2\/product_tag?post=618788"}],"curies":[{"name":"wp","href":"https:\/\/api.w.org\/{rel}","templated":true}]}}