{"id":618711,"date":"2025-03-12T02:53:54","date_gmt":"2025-03-12T01:53:54","guid":{"rendered":"https:\/\/shop.kustom.ch\/?post_type=product&#038;p=618711"},"modified":"2026-03-31T12:50:55","modified_gmt":"2026-03-31T11:50:55","slug":"armband","status":"publish","type":"product","link":"https:\/\/shop.kustom.ch\/it\/prodotto\/armband\/","title":{"rendered":"Bracciale"},"content":{"rendered":"<p>Fascia da braccio versatile.<br \/>\nAdatto a pi\u00f9 taglie grazie al materiale elasticizzato; scritta ERIMA; ideale per la personalizzazione<br \/>\n65% cotone, 13% poliestere, 22% elastan; 65% cotone, 13% poliestere, 22% elastan; ; ; ; ;<\/p>","protected":false},"excerpt":{"rendered":"<p>Vielseitig einsetzbare Armbinde. Dank elastischem Material f\u00fcr mehrere Gr\u00f6ssen geeignet; ERIMA-Schriftzug; Ideale Veredelungsm\u00f6glichkeiten 65% Baumwolle, 13% Polyester, 22% Elasthan; 65% Baumwolle, 13% Polyester, 22% Elasthan; ; ; ; ; ;<\/p>","protected":false},"featured_media":618750,"template":"","meta":[],"product_brand":[],"product_cat":[4209],"product_tag":[],"class_list":{"0":"post-618711","1":"product","2":"type-product","3":"status-publish","4":"has-post-thumbnail","6":"product_cat-zubehoer","7":"pa_brand-erima","8":"pa_brand-type-sportswear","9":"pa_filter-color-gelb","10":"pa_filter-color-orange","11":"pa_filter-color-schwarz","12":"pa_filter-color-weiss","14":"first","15":"instock","16":"sale","17":"taxable","18":"shipping-taxable","19":"purchasable","20":"product-type-variable","21":"add-to-wishlist-before_image"},"exclude_global_add_ons":[],"addons":[],"acf":[],"_links":{"self":[{"href":"https:\/\/shop.kustom.ch\/it\/wp-json\/wp\/v2\/product\/618711"}],"collection":[{"href":"https:\/\/shop.kustom.ch\/it\/wp-json\/wp\/v2\/product"}],"about":[{"href":"https:\/\/shop.kustom.ch\/it\/wp-json\/wp\/v2\/types\/product"}],"wp:featuredmedia":[{"embeddable":true,"href":"https:\/\/shop.kustom.ch\/it\/wp-json\/wp\/v2\/media\/618750"}],"wp:attachment":[{"href":"https:\/\/shop.kustom.ch\/it\/wp-json\/wp\/v2\/media?parent=618711"}],"wp:term":[{"taxonomy":"product_brand","embeddable":true,"href":"https:\/\/shop.kustom.ch\/it\/wp-json\/wp\/v2\/product_brand?post=618711"},{"taxonomy":"product_cat","embeddable":true,"href":"https:\/\/shop.kustom.ch\/it\/wp-json\/wp\/v2\/product_cat?post=618711"},{"taxonomy":"product_tag","embeddable":true,"href":"https:\/\/shop.kustom.ch\/it\/wp-json\/wp\/v2\/product_tag?post=618711"}],"curies":[{"name":"wp","href":"https:\/\/api.w.org\/{rel}","templated":true}]}}