{"id":618646,"date":"2025-03-12T02:52:16","date_gmt":"2025-03-12T01:52:16","guid":{"rendered":"https:\/\/shop.kustom.ch\/?post_type=product&#038;p=618646"},"modified":"2026-03-31T12:50:02","modified_gmt":"2026-03-31T11:50:02","slug":"six-wings-backpack","status":"publish","type":"product","link":"https:\/\/shop.kustom.ch\/it\/prodotto\/six-wings-backpack\/","title":{"rendered":"Zaino SIX WINGS"},"content":{"rendered":"<p>Compagno elegante per lo sport e l'abbigliamento quotidiano.<br \/>\nLo zaino senza scomparto inferiore; design nero semplice; scomparto anteriore con tasca divisa per l'organizzazione; scomparto posteriore con scomparto separato per il computer portatile e piccola tasca interna con cerniera; scomparto anteriore con fodera in pile per la massima protezione di smartphone e simili; due tasche laterali in rete, ideali per le bottiglie da bere; schienale e spallacci comodamente imbottiti; poliestere invertito resistente all'acqua sul lato inferiore; dimensioni (L x P x A) circa 45x31x14,5 cm; volume circa 21 litri<br \/>\n100% Poliestere<\/p>","protected":false},"excerpt":{"rendered":"<p>Stylischer Begleiter f\u00fcr Sport und Alltag. Der Rucksack ohne Bodenfach; Schlichtes schwarzes Design; Vorderes Fach mit unterteilter Organizertasche; Hinteres Fach mit separatem Laptop Fach und kleiner Innentasche mit Reissverschluss; Frontfach mit Fleece-Futter f\u00fcr maximalen Schutz von Smartphone &amp; Co.; Zwei seitliche Mesh-Taschen, ideal f\u00fcr Trinkflaschen; Angenehm gepolsterte R\u00fcckseite und Schultergurte; Water resistent reverse Polyester an [&hellip;]<\/p>\n","protected":false},"featured_media":618671,"template":"","meta":[],"product_brand":[],"product_cat":[4195,4209],"product_tag":[],"class_list":{"0":"post-618646","1":"product","2":"type-product","3":"status-publish","4":"has-post-thumbnail","6":"product_cat-rucksaecke-taschen","7":"product_cat-zubehoer","8":"pa_brand-erima","9":"pa_brand-type-sportswear","10":"pa_filter-color-schwarz","12":"first","13":"instock","14":"sale","15":"taxable","16":"shipping-taxable","17":"purchasable","18":"product-type-variable","19":"add-to-wishlist-before_image"},"exclude_global_add_ons":[],"addons":[],"acf":[],"_links":{"self":[{"href":"https:\/\/shop.kustom.ch\/it\/wp-json\/wp\/v2\/product\/618646"}],"collection":[{"href":"https:\/\/shop.kustom.ch\/it\/wp-json\/wp\/v2\/product"}],"about":[{"href":"https:\/\/shop.kustom.ch\/it\/wp-json\/wp\/v2\/types\/product"}],"wp:featuredmedia":[{"embeddable":true,"href":"https:\/\/shop.kustom.ch\/it\/wp-json\/wp\/v2\/media\/618671"}],"wp:attachment":[{"href":"https:\/\/shop.kustom.ch\/it\/wp-json\/wp\/v2\/media?parent=618646"}],"wp:term":[{"taxonomy":"product_brand","embeddable":true,"href":"https:\/\/shop.kustom.ch\/it\/wp-json\/wp\/v2\/product_brand?post=618646"},{"taxonomy":"product_cat","embeddable":true,"href":"https:\/\/shop.kustom.ch\/it\/wp-json\/wp\/v2\/product_cat?post=618646"},{"taxonomy":"product_tag","embeddable":true,"href":"https:\/\/shop.kustom.ch\/it\/wp-json\/wp\/v2\/product_tag?post=618646"}],"curies":[{"name":"wp","href":"https:\/\/api.w.org\/{rel}","templated":true}]}}