{"id":618644,"date":"2025-03-12T02:52:15","date_gmt":"2025-03-12T01:52:15","guid":{"rendered":"https:\/\/shop.kustom.ch\/?post_type=product&#038;p=618644"},"modified":"2026-03-31T12:49:59","modified_gmt":"2026-03-31T11:49:59","slug":"travel-line-trolleybag-with-bottomcase","status":"publish","type":"product","link":"https:\/\/shop.kustom.ch\/it\/prodotto\/travel-line-trolleybag-with-bottomcase\/","title":{"rendered":"LINEA VIAGGIO Trolley con fondo a valigetta"},"content":{"rendered":"<p>Borsa a rotelle di alta qualit\u00e0 con scomparto inferiore e spazio extra per l'imballaggio.<br \/>\nIl materiale ripstop di alta qualit\u00e0 impedisce che la borsa si apra; elegante design completamente nero per un aspetto elegante quando si viaggia e si fa sport; base in poliestere 1680D estremamente resistente; ampio scomparto principale e tasca anteriore con cerniera; scomparto inferiore per riporre separatamente scarpe e oggetti simili; tasca laterale con scomparto per il bagnato e fori di ventilazione; tasca interna in rete integrata per gli oggetti di valore; ruote resistenti con cuscinetti a sfera stabili; maniglia trolley retrattile; dimensioni (L x P x A) circa. 76x35x45 cm; Volume circa 120 litri<br \/>\n100% Poliestere<\/p>","protected":false},"excerpt":{"rendered":"<p>Hochwertige Rollentasche mit Bodenfach und extra viel Packraum. Hochwertiges Ripstop-Material verhindert Aufreissen der Tasche; Edles All-Black Design f\u00fcr den stilvollen Auftritt auf Reisen und beim Sport; Boden aus extrem widerstandsf\u00e4higem 1680D Polyester; Ger\u00e4umiges Hauptfach und Fronttasche mit Reissverschluss; Bodenfach f\u00fcr die getrennte Aufbewahrung von Schuhen und \u00c4hnlichem; Seitentasche mit Nassfach und Ventilationsl\u00f6chern; Integrierte Mesh-Innentasche f\u00fcr [&hellip;]<\/p>\n","protected":false},"featured_media":618664,"template":"","meta":[],"product_brand":[],"product_cat":[4195,4209],"product_tag":[],"class_list":{"0":"post-618644","1":"product","2":"type-product","3":"status-publish","4":"has-post-thumbnail","6":"product_cat-rucksaecke-taschen","7":"product_cat-zubehoer","8":"pa_brand-erima","9":"pa_brand-type-sportswear","10":"pa_filter-color-schwarz","12":"first","13":"instock","14":"sale","15":"taxable","16":"shipping-taxable","17":"purchasable","18":"product-type-variable","19":"add-to-wishlist-before_image"},"exclude_global_add_ons":[],"addons":[],"acf":[],"_links":{"self":[{"href":"https:\/\/shop.kustom.ch\/it\/wp-json\/wp\/v2\/product\/618644"}],"collection":[{"href":"https:\/\/shop.kustom.ch\/it\/wp-json\/wp\/v2\/product"}],"about":[{"href":"https:\/\/shop.kustom.ch\/it\/wp-json\/wp\/v2\/types\/product"}],"wp:featuredmedia":[{"embeddable":true,"href":"https:\/\/shop.kustom.ch\/it\/wp-json\/wp\/v2\/media\/618664"}],"wp:attachment":[{"href":"https:\/\/shop.kustom.ch\/it\/wp-json\/wp\/v2\/media?parent=618644"}],"wp:term":[{"taxonomy":"product_brand","embeddable":true,"href":"https:\/\/shop.kustom.ch\/it\/wp-json\/wp\/v2\/product_brand?post=618644"},{"taxonomy":"product_cat","embeddable":true,"href":"https:\/\/shop.kustom.ch\/it\/wp-json\/wp\/v2\/product_cat?post=618644"},{"taxonomy":"product_tag","embeddable":true,"href":"https:\/\/shop.kustom.ch\/it\/wp-json\/wp\/v2\/product_tag?post=618644"}],"curies":[{"name":"wp","href":"https:\/\/api.w.org\/{rel}","templated":true}]}}