{"id":618523,"date":"2025-03-12T02:49:56","date_gmt":"2025-03-12T01:49:56","guid":{"rendered":"https:\/\/shop.kustom.ch\/?post_type=product&#038;p=618523"},"modified":"2026-03-31T12:48:39","modified_gmt":"2026-03-31T11:48:39","slug":"evo-flex","status":"publish","type":"product","link":"https:\/\/shop.kustom.ch\/it\/prodotto\/evo-flex\/","title":{"rendered":"Evo Flex"},"content":{"rendered":"<p>Flessibilit\u00e0 rivoluzionaria. Protezione eccezionale. Comfort di calzata ottimale.<br \/>\nIncluse le calze tubolari skin-friendly; Scudo: Piastra estremamente flessibile con tecnologia ERIMA HASG, Massimo assorbimento degli urti, Ventilazione attraverso i fori di aerazione, Costruzione stampata ad iniezione senza cuciture, Forma ergonomica, Interno skin-friendly, Lavabile in lavatrice; Chiusura: Pu\u00f2 essere fissata con calze tubolari<br \/>\n100% HASG<br \/>\nTaglia: taglia XS, S, M<\/p>","protected":false},"excerpt":{"rendered":"<p>Revolution\u00e4re Flexibilit\u00e4t. \u00dcberragender Schutz. Optimaler Tragekomfort. Inkl. hautfreundlichen Tube Socks; Schild: Extrem flexible Platine mit ERIMA HASG-Technology, Maximale Stossd\u00e4mpfung, Ventilation durch L\u00fcftungsl\u00f6cher, Gespritzte Konstruktion ohne N\u00e4hte, Ergonomische Form, Hautfreundliche Innenseite, Waschmaschinengeeignet; Verschluss: Fixierbar durch Tube Socks 100% HASG Gr\u00f6sse: Gr. XS, S, M<\/p>","protected":false},"featured_media":618540,"template":"","meta":[],"product_brand":[],"product_cat":[4196],"product_tag":[],"class_list":{"0":"post-618523","1":"product","2":"type-product","3":"status-publish","4":"has-post-thumbnail","6":"product_cat-schienbeinschoner","7":"pa_brand-erima","8":"pa_brand-type-sportswear","9":"pa_filter-color-schwarz","11":"first","12":"instock","13":"sale","14":"taxable","15":"shipping-taxable","16":"purchasable","17":"product-type-variable","18":"add-to-wishlist-before_image"},"exclude_global_add_ons":[],"addons":[],"acf":[],"_links":{"self":[{"href":"https:\/\/shop.kustom.ch\/it\/wp-json\/wp\/v2\/product\/618523"}],"collection":[{"href":"https:\/\/shop.kustom.ch\/it\/wp-json\/wp\/v2\/product"}],"about":[{"href":"https:\/\/shop.kustom.ch\/it\/wp-json\/wp\/v2\/types\/product"}],"wp:featuredmedia":[{"embeddable":true,"href":"https:\/\/shop.kustom.ch\/it\/wp-json\/wp\/v2\/media\/618540"}],"wp:attachment":[{"href":"https:\/\/shop.kustom.ch\/it\/wp-json\/wp\/v2\/media?parent=618523"}],"wp:term":[{"taxonomy":"product_brand","embeddable":true,"href":"https:\/\/shop.kustom.ch\/it\/wp-json\/wp\/v2\/product_brand?post=618523"},{"taxonomy":"product_cat","embeddable":true,"href":"https:\/\/shop.kustom.ch\/it\/wp-json\/wp\/v2\/product_cat?post=618523"},{"taxonomy":"product_tag","embeddable":true,"href":"https:\/\/shop.kustom.ch\/it\/wp-json\/wp\/v2\/product_tag?post=618523"}],"curies":[{"name":"wp","href":"https:\/\/api.w.org\/{rel}","templated":true}]}}