{"id":618498,"date":"2025-03-12T02:49:28","date_gmt":"2025-03-12T01:49:28","guid":{"rendered":"https:\/\/shop.kustom.ch\/?post_type=product&#038;p=618498"},"modified":"2026-03-31T12:48:07","modified_gmt":"2026-03-31T11:48:07","slug":"magic-white-training","status":"publish","type":"product","link":"https:\/\/shop.kustom.ch\/it\/prodotto\/magic-white-training\/","title":{"rendered":"Magia Bianca Formazione"},"content":{"rendered":"<p>Presa ideale per il vostro allenamento - senza resina.<br \/>\nPallamano entry-level di alta qualit\u00e0 per sale senza resina; Dual Shock System per una presa morbida; materiale della tomaia in PU da 0,9 mm - aderente - completamente privo di resina; vescica in lattice - rimbalzo ottimale anche con una minore pressione dell'aria; dimensioni e peso ridotti per una migliore maneggevolezza, in conformit\u00e0 con le specifiche dei palloni senza resina; non adatto all'uso con la resina;<\/p>","protected":false},"excerpt":{"rendered":"<p>Idealer Grip f\u00fcr dein Training \u2013 ohne Harz. Hochwertiger Einstiegshandball f\u00fcr harzfreie Hallen; Dual Shock System f\u00fcr weichen Grip; 0,9 mm PU Obermaterial &#8211; griffig &#8211; ganz ohne Harz; Latexblase \u2013 optimaler R\u00fccksprung auch bei weniger Luftdruck; Verringerte Gr\u00f6sse und Gewicht f\u00fcr bessere Handhabung, entsprechend der Vorgaben f\u00fcr harzfreie B\u00e4lle; Nicht f\u00fcr die Verwendung mit [&hellip;]<\/p>\n","protected":false},"featured_media":618512,"template":"","meta":[],"product_brand":[],"product_cat":[4175,4209],"product_tag":[],"class_list":{"0":"post-618498","1":"product","2":"type-product","3":"status-publish","4":"has-post-thumbnail","6":"product_cat-baelle","7":"product_cat-zubehoer","8":"pa_filter-color-rot","9":"pa_filter-color-weiss","11":"first","12":"instock","13":"taxable","14":"shipping-taxable","15":"purchasable","16":"product-type-variable","17":"add-to-wishlist-before_image"},"exclude_global_add_ons":[],"addons":[],"acf":[],"_links":{"self":[{"href":"https:\/\/shop.kustom.ch\/it\/wp-json\/wp\/v2\/product\/618498"}],"collection":[{"href":"https:\/\/shop.kustom.ch\/it\/wp-json\/wp\/v2\/product"}],"about":[{"href":"https:\/\/shop.kustom.ch\/it\/wp-json\/wp\/v2\/types\/product"}],"wp:featuredmedia":[{"embeddable":true,"href":"https:\/\/shop.kustom.ch\/it\/wp-json\/wp\/v2\/media\/618512"}],"wp:attachment":[{"href":"https:\/\/shop.kustom.ch\/it\/wp-json\/wp\/v2\/media?parent=618498"}],"wp:term":[{"taxonomy":"product_brand","embeddable":true,"href":"https:\/\/shop.kustom.ch\/it\/wp-json\/wp\/v2\/product_brand?post=618498"},{"taxonomy":"product_cat","embeddable":true,"href":"https:\/\/shop.kustom.ch\/it\/wp-json\/wp\/v2\/product_cat?post=618498"},{"taxonomy":"product_tag","embeddable":true,"href":"https:\/\/shop.kustom.ch\/it\/wp-json\/wp\/v2\/product_tag?post=618498"}],"curies":[{"name":"wp","href":"https:\/\/api.w.org\/{rel}","templated":true}]}}