{"id":618497,"date":"2025-03-12T02:49:27","date_gmt":"2025-03-12T01:49:27","guid":{"rendered":"https:\/\/shop.kustom.ch\/?post_type=product&#038;p=618497"},"modified":"2026-03-31T12:48:06","modified_gmt":"2026-03-31T11:48:06","slug":"magic-white-pro","status":"publish","type":"product","link":"https:\/\/shop.kustom.ch\/it\/prodotto\/magic-white-pro\/","title":{"rendered":"Magico Bianco Pro"},"content":{"rendered":"<p>Aderenza eccezionale, senza resina.<br \/>\nLa versione da competizione della Magic White; il sistema Triple Shock garantisce una sensazione di gioco estremamente morbida e un rimbalzo eccezionale anche con una pressione dell'aria ridotta; materiale esterno in PU da 1,5 mm ancora pi\u00f9 resistente per una presa eccezionale, senza resina; presa rigenerabile: basta lavarla sotto l'acqua corrente e la palla torner\u00e0 subito pulita e la presa come nuova; Caratteristiche di gioco e presa imbattibili anche nei tiri acrobatici; Dimensioni e peso ridotti per una migliore maneggevolezza, in conformit\u00e0 con le specifiche IHF per palloni senza resina; Cuciture quasi impercettibili grazie alla tecnologia Hydro Stitching; Camera d'aria in lattice naturale; Non adatto all'uso con resina<\/p>","protected":false},"excerpt":{"rendered":"<p>\u00dcberragender Grip \u2013 ganz ohne Harz. Die Matchversion des Magic White; Triple Shock System sorgt f\u00fcr extrem weiches Spielgef\u00fchl und herausragenden Rebound auch bei geringem Luftdruck; Noch st\u00e4rkeres 1,5 mm PU-Obermaterial f\u00fcr \u00fcberragenden Grip \u2013 ganz ohne Harz; Regenerierbarer Grip: Einfach unter fliessendem Wasser abwaschen \u2013 Der Ball ist schnell wieder sauber und der Grip [&hellip;]<\/p>\n","protected":false},"featured_media":618509,"template":"","meta":[],"product_brand":[],"product_cat":[4175,4209],"product_tag":[],"class_list":{"0":"post-618497","1":"product","2":"type-product","3":"status-publish","4":"has-post-thumbnail","6":"product_cat-baelle","7":"product_cat-zubehoer","8":"pa_brand-erima","9":"pa_brand-type-sportswear","10":"pa_filter-color-rot","11":"pa_filter-color-weiss","13":"first","14":"outofstock","15":"sale","16":"taxable","17":"shipping-taxable","18":"purchasable","19":"product-type-variable","20":"add-to-wishlist-before_image"},"exclude_global_add_ons":[],"addons":[],"acf":[],"_links":{"self":[{"href":"https:\/\/shop.kustom.ch\/it\/wp-json\/wp\/v2\/product\/618497"}],"collection":[{"href":"https:\/\/shop.kustom.ch\/it\/wp-json\/wp\/v2\/product"}],"about":[{"href":"https:\/\/shop.kustom.ch\/it\/wp-json\/wp\/v2\/types\/product"}],"wp:featuredmedia":[{"embeddable":true,"href":"https:\/\/shop.kustom.ch\/it\/wp-json\/wp\/v2\/media\/618509"}],"wp:attachment":[{"href":"https:\/\/shop.kustom.ch\/it\/wp-json\/wp\/v2\/media?parent=618497"}],"wp:term":[{"taxonomy":"product_brand","embeddable":true,"href":"https:\/\/shop.kustom.ch\/it\/wp-json\/wp\/v2\/product_brand?post=618497"},{"taxonomy":"product_cat","embeddable":true,"href":"https:\/\/shop.kustom.ch\/it\/wp-json\/wp\/v2\/product_cat?post=618497"},{"taxonomy":"product_tag","embeddable":true,"href":"https:\/\/shop.kustom.ch\/it\/wp-json\/wp\/v2\/product_tag?post=618497"}],"curies":[{"name":"wp","href":"https:\/\/api.w.org\/{rel}","templated":true}]}}