{"id":618479,"date":"2025-03-12T02:48:54","date_gmt":"2025-03-12T01:48:54","guid":{"rendered":"https:\/\/shop.kustom.ch\/?post_type=product&#038;p=618479"},"modified":"2026-03-31T12:48:02","modified_gmt":"2026-03-31T11:48:02","slug":"erima-flash-duro","status":"publish","type":"product","link":"https:\/\/shop.kustom.ch\/it\/prodotto\/erima-flash-duro\/","title":{"rendered":"ERIMA FLASH Duro"},"content":{"rendered":"<p>La nostra palla ibrida - cucita e incollata - per una durata estrema e caratteristiche di gioco perfette a ogni livello.<br \/>\nRotondit\u00e0 perfetta per il massimo piacere di gioco grazie alla tecnologia ibrida ERIMA; presa forte grazie al materiale superiore in PU di alta qualit\u00e0 da 1,2 mm; pallone da allenamento durevole - adatto a tutti i giocatori di pallamano; rimbalzo ottimale grazie alla morbida vescica in lattice; misure ERIMA per un controllo ottimale del pallone in ogni fascia d'et\u00e0; adatto per giocare con la resina<\/p>","protected":false},"excerpt":{"rendered":"<p>Unser Hybridball \u2013 gen\u00e4ht und geklebt \u2013 f\u00fcr ultimative Haltbarkeit und perfekte Spieleigenschaften auf jedem Niveau. Vollkommene Rundheit f\u00fcr ultimatives Spielvergn\u00fcgen dank der ERIMA Hybrid Technologie; Starker Grip dank hochwertigem 1,2 mm PU-Obermaterial; Langlebiger Trainingsball \u2013 f\u00fcr jeden Handballer geeignet; Optimaler R\u00fccksprung dank weicher Latexblase; ERIMA Gr\u00f6ssen f\u00fcr optimale Kontrolle des Balles in jeder Altersklasse; [&hellip;]<\/p>\n","protected":false},"featured_media":618491,"template":"","meta":[],"product_brand":[],"product_cat":[4175,4209],"product_tag":[],"class_list":{"0":"post-618479","1":"product","2":"type-product","3":"status-publish","4":"has-post-thumbnail","6":"product_cat-baelle","7":"product_cat-zubehoer","8":"pa_filter-color-blau","10":"first","11":"instock","12":"taxable","13":"shipping-taxable","14":"purchasable","15":"product-type-variable","16":"add-to-wishlist-before_image"},"exclude_global_add_ons":[],"addons":[],"acf":[],"_links":{"self":[{"href":"https:\/\/shop.kustom.ch\/it\/wp-json\/wp\/v2\/product\/618479"}],"collection":[{"href":"https:\/\/shop.kustom.ch\/it\/wp-json\/wp\/v2\/product"}],"about":[{"href":"https:\/\/shop.kustom.ch\/it\/wp-json\/wp\/v2\/types\/product"}],"wp:featuredmedia":[{"embeddable":true,"href":"https:\/\/shop.kustom.ch\/it\/wp-json\/wp\/v2\/media\/618491"}],"wp:attachment":[{"href":"https:\/\/shop.kustom.ch\/it\/wp-json\/wp\/v2\/media?parent=618479"}],"wp:term":[{"taxonomy":"product_brand","embeddable":true,"href":"https:\/\/shop.kustom.ch\/it\/wp-json\/wp\/v2\/product_brand?post=618479"},{"taxonomy":"product_cat","embeddable":true,"href":"https:\/\/shop.kustom.ch\/it\/wp-json\/wp\/v2\/product_cat?post=618479"},{"taxonomy":"product_tag","embeddable":true,"href":"https:\/\/shop.kustom.ch\/it\/wp-json\/wp\/v2\/product_tag?post=618479"}],"curies":[{"name":"wp","href":"https:\/\/api.w.org\/{rel}","templated":true}]}}