{"id":618454,"date":"2025-03-12T02:48:16","date_gmt":"2025-03-12T01:48:16","guid":{"rendered":"https:\/\/shop.kustom.ch\/?post_type=product&#038;p=618454"},"modified":"2026-03-31T12:47:33","modified_gmt":"2026-03-31T11:47:33","slug":"erima-hybrid-training-2","status":"publish","type":"product","link":"https:\/\/shop.kustom.ch\/it\/prodotto\/erima-hybrid-training-2\/","title":{"rendered":"Formazione ibrida ERIMA"},"content":{"rendered":"<p>Innovativo pallone da allenamento che combina i vantaggi della tecnologia incollata e cucita.<br \/>\nIl pioniere della tecnologia ibrida - senza rivali dal 2015; tecnologia ibrida ERIMA; materiale della tomaia in PU di 1,0 mm di spessore con struttura 3D; comportamento di volo preciso e migliore controllo della palla; eccellente sensazione di palla e trasferimento di potenza ottimale; vescica SR avvolta con valvola ABS; assorbimento minimo di acqua e sporcizia; perfettamente adatto a ogni situazione - su qualsiasi superficie, in qualsiasi condizione atmosferica; morbido e robusto anche a temperature gelide; inchiostri di stampa a base d'acqua<\/p>","protected":false},"excerpt":{"rendered":"<p>Innovativer Trainingsball, der die Vorteile der geklebten und der gen\u00e4hten Technologie vereint. Der Pionier der Hybrid Technologie \u2013 unerreicht seit 2015; ERIMA Hybrid Technologie; 1,0 mm starkes PU-Obermaterial mit 3D-Struktur; Pr\u00e4zises Flugverhalten und bessere Ballkontrolle; Exzellentes Ballgef\u00fchl und optimale Kraft\u00fcbertragung; Umwickelte SR-Blase mit ABS-Ventil; Minimale Aufnahme von Wasser und Schmutz; F\u00fcr jede Situation perfekt geeignet [&hellip;]<\/p>\n","protected":false},"featured_media":618472,"template":"","meta":[],"product_brand":[],"product_cat":[4175,4209],"product_tag":[],"class_list":{"0":"post-618454","1":"product","2":"type-product","3":"status-publish","4":"has-post-thumbnail","6":"product_cat-baelle","7":"product_cat-zubehoer","8":"pa_brand-erima","9":"pa_brand-type-sportswear","10":"pa_filter-color-blau","11":"pa_filter-color-gelb","12":"pa_filter-color-weiss","14":"first","15":"instock","16":"sale","17":"taxable","18":"shipping-taxable","19":"purchasable","20":"product-type-variable","21":"add-to-wishlist-before_image"},"exclude_global_add_ons":[],"addons":[],"acf":[],"_links":{"self":[{"href":"https:\/\/shop.kustom.ch\/it\/wp-json\/wp\/v2\/product\/618454"}],"collection":[{"href":"https:\/\/shop.kustom.ch\/it\/wp-json\/wp\/v2\/product"}],"about":[{"href":"https:\/\/shop.kustom.ch\/it\/wp-json\/wp\/v2\/types\/product"}],"wp:featuredmedia":[{"embeddable":true,"href":"https:\/\/shop.kustom.ch\/it\/wp-json\/wp\/v2\/media\/618472"}],"wp:attachment":[{"href":"https:\/\/shop.kustom.ch\/it\/wp-json\/wp\/v2\/media?parent=618454"}],"wp:term":[{"taxonomy":"product_brand","embeddable":true,"href":"https:\/\/shop.kustom.ch\/it\/wp-json\/wp\/v2\/product_brand?post=618454"},{"taxonomy":"product_cat","embeddable":true,"href":"https:\/\/shop.kustom.ch\/it\/wp-json\/wp\/v2\/product_cat?post=618454"},{"taxonomy":"product_tag","embeddable":true,"href":"https:\/\/shop.kustom.ch\/it\/wp-json\/wp\/v2\/product_tag?post=618454"}],"curies":[{"name":"wp","href":"https:\/\/api.w.org\/{rel}","templated":true}]}}