{"id":618452,"date":"2025-03-12T02:48:16","date_gmt":"2025-03-12T01:48:16","guid":{"rendered":"https:\/\/shop.kustom.ch\/?post_type=product&#038;p=618452"},"modified":"2026-03-31T12:47:31","modified_gmt":"2026-03-31T11:47:31","slug":"senzor-star-lite-350-2","status":"publish","type":"product","link":"https:\/\/shop.kustom.ch\/it\/prodotto\/senzor-star-lite-350-2\/","title":{"rendered":"SENZOR-STAR Lite 350"},"content":{"rendered":"<p>Peso ridotto, dimensioni normali - pallone perfetto per l'allenamento dei giovani.<br \/>\nNuovo design in colori vivaci per un alto valore di riconoscimento; materiale PU resistente con struttura 3D per caratteristiche di volo perfette; valvola ABS\/vescica in lattice; tecnologia RESIST-Digital di ultima generazione per una tenuta duratura e una rotondit\u00e0 perfetta; le cuciture interne riducono l'assorbimento dell'acqua; inchiostri di stampa sostenibili a base d'acqua; peso ridotto a circa 350 g.<\/p>","protected":false},"excerpt":{"rendered":"<p>Reduziertes Gewicht, normale Gr\u00f6sse \u2013 perfekter Ball f\u00fcr das Training im Nachwuchsbereich. Neues Design in kr\u00e4ftigen Farben f\u00fcr hohen Wiedererkennungswert; Langlebiges PU-Material mit 3D-Struktur f\u00fcr perfekte Flugeigenschaften; ABS Ventil\/Latex-Blase; Neueste RESIST-Digital Technology f\u00fcr langen Halt und perfekte Rundheit; Innenliegende N\u00e4hte verringern Wasseraufnahme; Nachhaltige, wasserbasierte Druckfarben; Reduziertes Gewicht auf ca. 350g<\/p>","protected":false},"featured_media":618466,"template":"","meta":[],"product_brand":[],"product_cat":[4175,4209],"product_tag":[],"class_list":{"0":"post-618452","1":"product","2":"type-product","3":"status-publish","4":"has-post-thumbnail","6":"product_cat-baelle","7":"product_cat-zubehoer","8":"pa_brand-erima","9":"pa_brand-type-sportswear","10":"pa_filter-color-blau","12":"first","13":"instock","14":"sale","15":"taxable","16":"shipping-taxable","17":"purchasable","18":"product-type-variable","19":"add-to-wishlist-before_image"},"exclude_global_add_ons":[],"addons":[],"acf":[],"_links":{"self":[{"href":"https:\/\/shop.kustom.ch\/it\/wp-json\/wp\/v2\/product\/618452"}],"collection":[{"href":"https:\/\/shop.kustom.ch\/it\/wp-json\/wp\/v2\/product"}],"about":[{"href":"https:\/\/shop.kustom.ch\/it\/wp-json\/wp\/v2\/types\/product"}],"wp:featuredmedia":[{"embeddable":true,"href":"https:\/\/shop.kustom.ch\/it\/wp-json\/wp\/v2\/media\/618466"}],"wp:attachment":[{"href":"https:\/\/shop.kustom.ch\/it\/wp-json\/wp\/v2\/media?parent=618452"}],"wp:term":[{"taxonomy":"product_brand","embeddable":true,"href":"https:\/\/shop.kustom.ch\/it\/wp-json\/wp\/v2\/product_brand?post=618452"},{"taxonomy":"product_cat","embeddable":true,"href":"https:\/\/shop.kustom.ch\/it\/wp-json\/wp\/v2\/product_cat?post=618452"},{"taxonomy":"product_tag","embeddable":true,"href":"https:\/\/shop.kustom.ch\/it\/wp-json\/wp\/v2\/product_tag?post=618452"}],"curies":[{"name":"wp","href":"https:\/\/api.w.org\/{rel}","templated":true}]}}