{"id":616861,"date":"2025-03-12T02:35:48","date_gmt":"2025-03-12T01:35:48","guid":{"rendered":"https:\/\/shop.kustom.ch\/?post_type=product&#038;p=616861"},"modified":"2026-03-31T12:38:15","modified_gmt":"2026-03-31T11:38:15","slug":"cmpt-t-shirt","status":"publish","type":"product","link":"https:\/\/shop.kustom.ch\/it\/prodotto\/cmpt-t-shirt\/","title":{"rendered":"Maglietta CMPT"},"content":{"rendered":"<p>Elevato comfort, taglio casual e colori di tendenza.<br \/>\nSensazione molto morbida grazie alla finitura al carbonio; taglio casual; scollo rotondo a costine; logo stampato tono su tono<br \/>\n100% Cotone<\/p>","protected":false},"excerpt":{"rendered":"<p>Hoher Tragekomfort, l\u00e4ssiger Schnitt &amp; angesagte Farben. Sehr weiches Tragegef\u00fchl durch Carbon-Finish; L\u00e4ssiger Schnitt; Gerippter Rundhalsausschnitt; Gedrucktes Ton-in-Ton Logo 100% Baumwolle<\/p>","protected":false},"featured_media":616865,"template":"","meta":[],"product_brand":[],"product_cat":[4193,4201],"product_tag":[],"class_list":{"0":"post-616861","1":"product","2":"type-product","3":"status-publish","4":"has-post-thumbnail","6":"product_cat-polos","7":"product_cat-t-shirts","8":"pa_brand-erima","9":"pa_brand-type-sportswear","10":"pa_filter-color-beige","11":"pa_filter-color-blau","12":"pa_filter-color-braun","13":"pa_filter-color-grau","14":"pa_filter-color-gruen","15":"pa_filter-color-pink","16":"pa_filter-color-schwarz","17":"pa_filter-color-weiss","19":"first","20":"instock","21":"sale","22":"taxable","23":"shipping-taxable","24":"purchasable","25":"product-type-variable","26":"add-to-wishlist-before_image"},"exclude_global_add_ons":[],"addons":[],"acf":[],"_links":{"self":[{"href":"https:\/\/shop.kustom.ch\/it\/wp-json\/wp\/v2\/product\/616861"}],"collection":[{"href":"https:\/\/shop.kustom.ch\/it\/wp-json\/wp\/v2\/product"}],"about":[{"href":"https:\/\/shop.kustom.ch\/it\/wp-json\/wp\/v2\/types\/product"}],"wp:featuredmedia":[{"embeddable":true,"href":"https:\/\/shop.kustom.ch\/it\/wp-json\/wp\/v2\/media\/616865"}],"wp:attachment":[{"href":"https:\/\/shop.kustom.ch\/it\/wp-json\/wp\/v2\/media?parent=616861"}],"wp:term":[{"taxonomy":"product_brand","embeddable":true,"href":"https:\/\/shop.kustom.ch\/it\/wp-json\/wp\/v2\/product_brand?post=616861"},{"taxonomy":"product_cat","embeddable":true,"href":"https:\/\/shop.kustom.ch\/it\/wp-json\/wp\/v2\/product_cat?post=616861"},{"taxonomy":"product_tag","embeddable":true,"href":"https:\/\/shop.kustom.ch\/it\/wp-json\/wp\/v2\/product_tag?post=616861"}],"curies":[{"name":"wp","href":"https:\/\/api.w.org\/{rel}","templated":true}]}}