{"id":616262,"date":"2025-03-12T02:32:01","date_gmt":"2025-03-12T01:32:01","guid":{"rendered":"https:\/\/shop.kustom.ch\/?post_type=product&#038;p=616262"},"modified":"2026-03-31T12:36:27","modified_gmt":"2026-03-31T11:36:27","slug":"ts-hoody","status":"publish","type":"product","link":"https:\/\/shop.kustom.ch\/it\/prodotto\/ts-hoody\/","title":{"rendered":"Felpa con cappuccio TS"},"content":{"rendered":"<p>Semplice, elegante e super confortevole.<br \/>\nMisto cotone dal tocco morbido; interno spazzolato; taglio ampio unisex per uomo e donna; cappuccio foderato; logo ricamato tono su tono sulla zona delle spalle; inserti a coste sui lati; tasca a canguro; polsini e orlo a coste; con Better Cotton; articolo unisex: Le donne sono pregate di scegliere una taglia in meno<br \/>\nCotone 60%, poliestere 40%<\/p>","protected":false},"excerpt":{"rendered":"<p>Schlicht, stylisch &amp; super bequem. Baumwollmix mit Soft Touch; Innen flauschig angeraut; Lockerer Unisex Schnitt f\u00fcr Damen und Herren; Gef\u00fctterte Kapuze; Gesticktes Ton-in-Ton Logo auf der Schulterpartie; Rippeins\u00e4tze an den Seiten; K\u00e4ngurutasche; Gerippte B\u00fcndchen und Saum; Mit Better Cotton; Unisex Artikel: Damen w\u00e4hlen bitte eine Gr\u00f6sse kleiner 60% Baumwolle, 40% Polyester<\/p>","protected":false},"featured_media":616315,"template":"","meta":[],"product_brand":[],"product_cat":[4184],"product_tag":[],"class_list":{"0":"post-616262","1":"product","2":"type-product","3":"status-publish","4":"has-post-thumbnail","6":"product_cat-hoodies-pullover","7":"pa_brand-erima","8":"pa_brand-type-sportswear","9":"pa_filter-color-beige","10":"pa_filter-color-blau","11":"pa_filter-color-braun","12":"pa_filter-color-grau","13":"pa_filter-color-gruen","14":"pa_filter-color-rot","15":"pa_filter-color-schwarz","17":"first","18":"instock","19":"sale","20":"taxable","21":"shipping-taxable","22":"purchasable","23":"product-type-variable","24":"add-to-wishlist-before_image"},"exclude_global_add_ons":[],"addons":[],"acf":[],"_links":{"self":[{"href":"https:\/\/shop.kustom.ch\/it\/wp-json\/wp\/v2\/product\/616262"}],"collection":[{"href":"https:\/\/shop.kustom.ch\/it\/wp-json\/wp\/v2\/product"}],"about":[{"href":"https:\/\/shop.kustom.ch\/it\/wp-json\/wp\/v2\/types\/product"}],"wp:featuredmedia":[{"embeddable":true,"href":"https:\/\/shop.kustom.ch\/it\/wp-json\/wp\/v2\/media\/616315"}],"wp:attachment":[{"href":"https:\/\/shop.kustom.ch\/it\/wp-json\/wp\/v2\/media?parent=616262"}],"wp:term":[{"taxonomy":"product_brand","embeddable":true,"href":"https:\/\/shop.kustom.ch\/it\/wp-json\/wp\/v2\/product_brand?post=616262"},{"taxonomy":"product_cat","embeddable":true,"href":"https:\/\/shop.kustom.ch\/it\/wp-json\/wp\/v2\/product_cat?post=616262"},{"taxonomy":"product_tag","embeddable":true,"href":"https:\/\/shop.kustom.ch\/it\/wp-json\/wp\/v2\/product_tag?post=616262"}],"curies":[{"name":"wp","href":"https:\/\/api.w.org\/{rel}","templated":true}]}}