{"id":613639,"date":"2025-03-06T04:56:52","date_gmt":"2025-03-06T03:56:52","guid":{"rendered":"https:\/\/shop.kustom.ch\/?post_type=product&#038;p=613639"},"modified":"2026-04-01T07:16:30","modified_gmt":"2026-04-01T06:16:30","slug":"fhb-original-michel-strickmuetze","status":"publish","type":"product","link":"https:\/\/shop.kustom.ch\/it\/prodotto\/fhb-original-michel-strickmuetze\/","title":{"rendered":"Cappello in maglia MICHEL"},"content":{"rendered":"<p>Dimensioni:<br \/>\nTaglia unica<br \/>\nIn forma:<br \/>\nLe cuciture nella parte superiore assicurano una buona vestibilit\u00e0, n\u00e9 troppo larga n\u00e9 troppo stretta.<br \/>\nRimane in forma.<br \/>\nNessuna usura.<br \/>\nFodera interna:<br \/>\nLa calda fodera in pile Thinsulate rende il cappello invernale antivento e traspirante.<br \/>\nDesign:<br \/>\nSemplice e senza tempo.<br \/>\nServizio logo:<br \/>\nMichel pu\u00f2 essere personalizzato.<br \/>\nChe si tratti di ricamo diretto, emblemi ricamati o trasferimenti termici, esistono diversi metodi di finitura.<br \/>\nIn linea di principio, tutti e tre i metodi di finitura sono possibili in Michel.<br \/>\nPer la personalizzazione e le collocazioni speciali, rivolgersi al proprio rivenditore specializzato.<br \/>\nProdotto in:<br \/>\nCina<\/p>","protected":false},"excerpt":{"rendered":"<p>Gr\u00f6sse: Einheitsgr\u00f6sse Passform: Kann unterschiedlich breit umgeschlagen werden.Die N\u00e4hte oben sorgen f\u00fcr guten Sitz &#8211; nicht zu locker und nicht zu stramm. Bleibt in Form. Kein Ausleiern. Innenfutter: Durch das w\u00e4rmende Thinsulate-Innenfutter aus Fleece ist die Winterm\u00fctze winddicht und atmungsaktiv. Design: Schlicht und zeitlos. Logo-Service: Michel kann individuell veredelt werden. Ob Direkteinstickung, Stickemblem oder Thermotransfers [&hellip;]<\/p>\n","protected":false},"featured_media":672247,"template":"","meta":[],"product_brand":[],"product_cat":[4177],"product_tag":[],"class_list":{"0":"post-613639","1":"product","2":"type-product","3":"status-publish","4":"has-post-thumbnail","6":"product_cat-caps-muetzen","7":"pa_brand-fhb","8":"pa_brand-type-workwear","9":"pa_filter-color-grau","10":"pa_filter-color-marine","11":"pa_filter-color-schwarz","13":"first","14":"instock","15":"sale","16":"taxable","17":"shipping-taxable","18":"purchasable","19":"product-type-variable","20":"add-to-wishlist-before_image"},"exclude_global_add_ons":[],"addons":[],"acf":[],"_links":{"self":[{"href":"https:\/\/shop.kustom.ch\/it\/wp-json\/wp\/v2\/product\/613639"}],"collection":[{"href":"https:\/\/shop.kustom.ch\/it\/wp-json\/wp\/v2\/product"}],"about":[{"href":"https:\/\/shop.kustom.ch\/it\/wp-json\/wp\/v2\/types\/product"}],"wp:featuredmedia":[{"embeddable":true,"href":"https:\/\/shop.kustom.ch\/it\/wp-json\/wp\/v2\/media\/672247"}],"wp:attachment":[{"href":"https:\/\/shop.kustom.ch\/it\/wp-json\/wp\/v2\/media?parent=613639"}],"wp:term":[{"taxonomy":"product_brand","embeddable":true,"href":"https:\/\/shop.kustom.ch\/it\/wp-json\/wp\/v2\/product_brand?post=613639"},{"taxonomy":"product_cat","embeddable":true,"href":"https:\/\/shop.kustom.ch\/it\/wp-json\/wp\/v2\/product_cat?post=613639"},{"taxonomy":"product_tag","embeddable":true,"href":"https:\/\/shop.kustom.ch\/it\/wp-json\/wp\/v2\/product_tag?post=613639"}],"curies":[{"name":"wp","href":"https:\/\/api.w.org\/{rel}","templated":true}]}}