{"id":613429,"date":"2025-03-06T04:54:19","date_gmt":"2025-03-06T03:54:19","guid":{"rendered":"https:\/\/shop.kustom.ch\/?post_type=product&#038;p=613429"},"modified":"2026-04-01T07:23:32","modified_gmt":"2026-04-01T06:23:32","slug":"fhb-original-udo-cap-uni","status":"publish","type":"product","link":"https:\/\/shop.kustom.ch\/it\/prodotto\/fhb-original-udo-cap-uni\/","title":{"rendered":"UDO Cap Uni"},"content":{"rendered":"<p>Dimensioni:<br \/>\nTaglia unica, regolabile.<br \/>\nDettagli:<br \/>\nVisiera prestampata.<br \/>\nChiusura metallica di alta qualit\u00e0 per regolare la larghezza in base alle dimensioni della testa.<br \/>\nFibbia in metallo con logo FHB.Superficie ruvida, sensazione di morbidezza.La naturale traspirabilit\u00e0 del cotone e i fori di aerazione garantiscono un piacevole comfort di calzata.<br \/>\nDesign senza tempo Il colore a contrasto sul bordo del picco fornisce un piccolo accento di colore rosso ricco Costruzione robusta in un classico design a 6 pannelli e finitura durevole.<br \/>\nServizio logo:<br \/>\nL'abbigliamento pu\u00f2 essere personalizzato.<br \/>\nChe si tratti di ricamo diretto, di emblemi ricamati o di trasferimenti termici, esistono diversi metodi di finitura: rivolgetevi al vostro rivenditore specializzato per le vostre personalizzazioni e collocazioni speciali.<br \/>\nSito di produzione:<br \/>\nCina<\/p>","protected":false},"excerpt":{"rendered":"<p>Gr\u00f6sse: Einheitsgr\u00f6sse.Verstellbar. Details: Vorgeformter Schirm. Hochwertiger Metallklappenverschluss zur Weitenregulierung an die individuelle Kopfgr\u00f6sse. Metallschnalle mit FHB-Logo.Angeraute Oberfl\u00e4che, weicher Griff.F\u00fcr einen angenehmen Tragekomfort sorgt die nat\u00fcrliche Atmungsaktivit\u00e4t der Baumwolle und die Luftl\u00f6cher. Zeitloses Design.Die Kontrastfarbe am Schirmrand sorgt in sattem Rot f\u00fcr einen kleinen Farbakzent\u00a0Formstabile Konstruktion im klassischen 6-Panel-Design und langlebige Verarbeitung. Logo-Service: Deine Kleidung kann [&hellip;]<\/p>\n","protected":false},"featured_media":672327,"template":"","meta":[],"product_brand":[],"product_cat":[4177],"product_tag":[],"class_list":{"0":"post-613429","1":"product","2":"type-product","3":"status-publish","4":"has-post-thumbnail","6":"product_cat-caps-muetzen","7":"pa_brand-fhb","8":"pa_brand-type-workwear","9":"pa_filter-color-beige","10":"pa_filter-color-schwarz","12":"first","13":"instock","14":"sale","15":"taxable","16":"shipping-taxable","17":"purchasable","18":"product-type-variable","19":"add-to-wishlist-before_image"},"exclude_global_add_ons":[],"addons":[],"acf":[],"_links":{"self":[{"href":"https:\/\/shop.kustom.ch\/it\/wp-json\/wp\/v2\/product\/613429"}],"collection":[{"href":"https:\/\/shop.kustom.ch\/it\/wp-json\/wp\/v2\/product"}],"about":[{"href":"https:\/\/shop.kustom.ch\/it\/wp-json\/wp\/v2\/types\/product"}],"wp:featuredmedia":[{"embeddable":true,"href":"https:\/\/shop.kustom.ch\/it\/wp-json\/wp\/v2\/media\/672327"}],"wp:attachment":[{"href":"https:\/\/shop.kustom.ch\/it\/wp-json\/wp\/v2\/media?parent=613429"}],"wp:term":[{"taxonomy":"product_brand","embeddable":true,"href":"https:\/\/shop.kustom.ch\/it\/wp-json\/wp\/v2\/product_brand?post=613429"},{"taxonomy":"product_cat","embeddable":true,"href":"https:\/\/shop.kustom.ch\/it\/wp-json\/wp\/v2\/product_cat?post=613429"},{"taxonomy":"product_tag","embeddable":true,"href":"https:\/\/shop.kustom.ch\/it\/wp-json\/wp\/v2\/product_tag?post=613429"}],"curies":[{"name":"wp","href":"https:\/\/api.w.org\/{rel}","templated":true}]}}