{"id":613425,"date":"2025-03-06T04:54:18","date_gmt":"2025-03-06T03:54:18","guid":{"rendered":"https:\/\/shop.kustom.ch\/?post_type=product&#038;p=613425"},"modified":"2026-04-01T07:37:43","modified_gmt":"2026-04-01T06:37:43","slug":"fhb-original-luis-dachdecker-cap","status":"publish","type":"product","link":"https:\/\/shop.kustom.ch\/it\/prodotto\/fhb-original-luis-dachdecker-cap\/","title":{"rendered":"Cappello per tetto LUIS"},"content":{"rendered":"<p>Dimensioni:<br \/>\nTaglia unicaRegolabile<br \/>\nGilda:<br \/>\nTettoia<br \/>\nDettagli:<br \/>\nInsegna della gilda ricamata sul davanti, dimensioni circa.<br \/>\n4,8 cm Paralume prestampato.<br \/>\nChiusura metallica di alta qualit\u00e0 per regolare la larghezza in base alle dimensioni della testa.<br \/>\nFibbia in metallo con logo FHB.Superficie ruvida, sensazione di morbidezza.La naturale traspirabilit\u00e0 del cotone e i fori di aerazione garantiscono un piacevole comfort di calzata.<br \/>\nDesign senza tempo Il colore a contrasto sul bordo del picco fornisce un piccolo accento di colore rosso ricco Costruzione robusta in un classico design a 6 pannelli e finitura durevole.<br \/>\nServizio logo:<br \/>\nLuis pu\u00f2 essere personalizzato.<br \/>\nChe si tratti di ricamo diretto, emblemi ricamati o trasferimenti termici, esistono diversi metodi di finitura.<br \/>\nIn linea di principio, tutti e tre i metodi di innesto sono possibili con Luis.<br \/>\nPer la personalizzazione e le collocazioni speciali, rivolgersi al proprio rivenditore specializzato.<br \/>\nSito di produzione:<br \/>\nCina<\/p>","protected":false},"excerpt":{"rendered":"<p>Gr\u00f6sse: Einheitsgr\u00f6sseVerstellbar Zunft: Dachdecker Details: Gesticktes Zunftzeichen auf der Frontseite, Gr\u00f6sse ca. 4,8 cm.Vorgeformter Schirm. Hochwertiger Metallklappenverschluss zur Weitenregulierung an die individuelle Kopfgr\u00f6sse. Metallschnalle mit FHB-Logo.Angeraute Oberfl\u00e4che, weicher Griff.F\u00fcr einen angenehmen Tragekomfort sorgt die nat\u00fcrliche Atmungsaktivit\u00e4t der Baumwolle und die Luftl\u00f6cher. Zeitloses Design.Die Kontrastfarbe am Schirmrand sorgt in sattem Rot f\u00fcr einen kleinen Farbakzent\u00a0Formstabile Konstruktion [&hellip;]<\/p>\n","protected":false},"featured_media":672210,"template":"","meta":[],"product_brand":[],"product_cat":[4177],"product_tag":[],"class_list":{"0":"post-613425","1":"product","2":"type-product","3":"status-publish","4":"has-post-thumbnail","6":"product_cat-caps-muetzen","7":"pa_brand-fhb","8":"pa_brand-type-workwear","9":"pa_filter-color-schwarz","11":"first","12":"instock","13":"sale","14":"taxable","15":"shipping-taxable","16":"purchasable","17":"product-type-variable","18":"add-to-wishlist-before_image"},"exclude_global_add_ons":[],"addons":[],"acf":[],"_links":{"self":[{"href":"https:\/\/shop.kustom.ch\/it\/wp-json\/wp\/v2\/product\/613425"}],"collection":[{"href":"https:\/\/shop.kustom.ch\/it\/wp-json\/wp\/v2\/product"}],"about":[{"href":"https:\/\/shop.kustom.ch\/it\/wp-json\/wp\/v2\/types\/product"}],"wp:featuredmedia":[{"embeddable":true,"href":"https:\/\/shop.kustom.ch\/it\/wp-json\/wp\/v2\/media\/672210"}],"wp:attachment":[{"href":"https:\/\/shop.kustom.ch\/it\/wp-json\/wp\/v2\/media?parent=613425"}],"wp:term":[{"taxonomy":"product_brand","embeddable":true,"href":"https:\/\/shop.kustom.ch\/it\/wp-json\/wp\/v2\/product_brand?post=613425"},{"taxonomy":"product_cat","embeddable":true,"href":"https:\/\/shop.kustom.ch\/it\/wp-json\/wp\/v2\/product_cat?post=613425"},{"taxonomy":"product_tag","embeddable":true,"href":"https:\/\/shop.kustom.ch\/it\/wp-json\/wp\/v2\/product_tag?post=613425"}],"curies":[{"name":"wp","href":"https:\/\/api.w.org\/{rel}","templated":true}]}}