{"id":613418,"date":"2025-03-06T04:53:41","date_gmt":"2025-03-06T03:53:41","guid":{"rendered":"https:\/\/shop.kustom.ch\/?post_type=product&#038;p=613418"},"modified":"2026-04-01T07:24:27","modified_gmt":"2026-04-01T06:24:27","slug":"fhb-original-niklas-cap-wasserdicht","status":"publish","type":"product","link":"https:\/\/shop.kustom.ch\/it\/prodotto\/fhb-original-niklas-cap-wasserdicht\/","title":{"rendered":"Cappello NIKLAS impermeabile"},"content":{"rendered":"<p>Impermeabile, traspirante, antivento, cuciture nastrate all'interno.<br \/>\nQuesto impedisce all'acqua di penetrare attraverso i fori e la traspirabilit\u00e0 assicura un'eccellente circolazione dell'aria.Taglia unica.La taglia del berretto \u00e8 regolabile.<br \/>\nIn questo modo \u00e8 possibile regolare la larghezza individualmente.<br \/>\nMolto leggero, solo 60 g.<br \/>\nGrazie alla sua struttura flessibile e alla visiera pieghevole, il berretto pu\u00f2 essere facilmente ripiegato e riposto rapidamente nella tasca della giacca o nello zaino.Design senza tempo.Logo FHB sul retro della regolazione.<br \/>\nServizio logo:<br \/>\nNiklas pu\u00f2 essere personalizzato.<br \/>\nChe si tratti di ricamo diretto, emblemi ricamati o trasferimenti termici, esistono diversi metodi di finitura.<br \/>\nTutti e tre i metodi di innesto sono possibili con Niklas.<br \/>\nPer la personalizzazione e le collocazioni speciali, rivolgersi al proprio rivenditore specializzato.<br \/>\nProdotto in:<br \/>\nCina<\/p>","protected":false},"excerpt":{"rendered":"<p>Wasserdicht, atmungsaktiv, winddicht.Verschweisste N\u00e4hte im Inneren. Dadurch wird verhindert, dass Wasser \u00fcber die Nadell\u00f6cher eindringen kann.Die Atmungsaktivit\u00e4t sorgt f\u00fcr eine hervorragende Luftzirkulation.Einheitsgr\u00f6sse.Die Gr\u00f6sse der Kappe ist verstellbar. So kannst du die Weite individuell einstellen. Mit nur 60 g sehr leicht. Durch die flexible Konstruktion und den biegsamen Schirm l\u00e4sst sich die Kappe leicht zusammenfalten und [&hellip;]<\/p>\n","protected":false},"featured_media":672250,"template":"","meta":[],"product_brand":[],"product_cat":[4177],"product_tag":[],"class_list":{"0":"post-613418","1":"product","2":"type-product","3":"status-publish","4":"has-post-thumbnail","6":"product_cat-caps-muetzen","7":"pa_brand-fhb","8":"pa_brand-type-workwear","9":"pa_filter-color-orange","10":"pa_filter-color-schwarz","12":"first","13":"instock","14":"sale","15":"taxable","16":"shipping-taxable","17":"purchasable","18":"product-type-variable","19":"add-to-wishlist-before_image"},"exclude_global_add_ons":[],"addons":[],"acf":[],"_links":{"self":[{"href":"https:\/\/shop.kustom.ch\/it\/wp-json\/wp\/v2\/product\/613418"}],"collection":[{"href":"https:\/\/shop.kustom.ch\/it\/wp-json\/wp\/v2\/product"}],"about":[{"href":"https:\/\/shop.kustom.ch\/it\/wp-json\/wp\/v2\/types\/product"}],"wp:featuredmedia":[{"embeddable":true,"href":"https:\/\/shop.kustom.ch\/it\/wp-json\/wp\/v2\/media\/672250"}],"wp:attachment":[{"href":"https:\/\/shop.kustom.ch\/it\/wp-json\/wp\/v2\/media?parent=613418"}],"wp:term":[{"taxonomy":"product_brand","embeddable":true,"href":"https:\/\/shop.kustom.ch\/it\/wp-json\/wp\/v2\/product_brand?post=613418"},{"taxonomy":"product_cat","embeddable":true,"href":"https:\/\/shop.kustom.ch\/it\/wp-json\/wp\/v2\/product_cat?post=613418"},{"taxonomy":"product_tag","embeddable":true,"href":"https:\/\/shop.kustom.ch\/it\/wp-json\/wp\/v2\/product_tag?post=613418"}],"curies":[{"name":"wp","href":"https:\/\/api.w.org\/{rel}","templated":true}]}}