{"id":613395,"date":"2025-03-06T04:53:37","date_gmt":"2025-03-06T03:53:37","guid":{"rendered":"https:\/\/shop.kustom.ch\/?post_type=product&#038;p=613395"},"modified":"2026-04-01T07:25:33","modified_gmt":"2026-04-01T06:25:33","slug":"fhb-original-alois-arbeitshemd","status":"publish","type":"product","link":"https:\/\/shop.kustom.ch\/it\/prodotto\/fhb-original-alois-arbeitshemd\/","title":{"rendered":"Camicia da lavoro ALOIS"},"content":{"rendered":"<p>In forma:<br \/>\nQuesta comoda camicia da lavoro ha un taglio ampio e dritto.<br \/>\nIl taglio pi\u00f9 lungo impedisce ai pantaloni di sfilarsi rapidamente, mentre l'ampiezza delle maniche \u00e8 regolabile e lo spacco della manica lunga facilita l'arrotolamento.<br \/>\nBorse:<br \/>\n2 ampie tasche con patta richiudibili.<br \/>\nElaborazione:<br \/>\nTutte le cuciture sono rifinite come cuciture a strappo di lunga durata.<br \/>\nRobusti bottoni da camicia extra large, tutti i bottoni sono avvolti dal sistema Ascolite e quindi assicurati, rinforzi a barra alle estremit\u00e0 delle tasche.<br \/>\nLavoro e tempo libero:<br \/>\nQuesta camicia elegante non \u00e8 adatta solo per il lavoro.<br \/>\nAlois si abbina bene ai jeans nel tempo libero. Materiale: cotone 100%<\/p>","protected":false},"excerpt":{"rendered":"<p>Passform: Das bequeme Arbeitshemd ist locker und gerade geschnitten. Die l\u00e4ngere Schnittform verhindert ein schnelles Rausrutschen aus der Hose.Die \u00c4rmelweite ist verstellbar.Langer \u00c4rmelschlitz f\u00fcr ein besseres Hochkrempeln. Taschen: 2 grosse, verschliessbare Pattentaschen. Verarbeitung: Alle N\u00e4hte sind als langlebige Kappnaht verarbeitet. Robuste extra grosse Hemdenkn\u00f6pfe.Alle Kn\u00f6pfe werden mit dem Ascolite-System umwickelt und so gesichert.Riegelverst\u00e4rkungen an den [&hellip;]<\/p>\n","protected":false},"featured_media":671878,"template":"","meta":[],"product_brand":[],"product_cat":[9874],"product_tag":[],"class_list":{"0":"post-613395","1":"product","2":"type-product","3":"status-publish","4":"has-post-thumbnail","6":"product_cat-hemden","7":"pa_brand-fhb","8":"pa_brand-type-workwear","9":"pa_filter-color-gruen-oliv","10":"pa_filter-color-marine-royalblau","11":"pa_filter-color-schwarz-beige","13":"first","14":"instock","15":"sale","16":"taxable","17":"shipping-taxable","18":"purchasable","19":"product-type-variable","20":"add-to-wishlist-before_image"},"exclude_global_add_ons":[],"addons":[],"acf":[],"_links":{"self":[{"href":"https:\/\/shop.kustom.ch\/it\/wp-json\/wp\/v2\/product\/613395"}],"collection":[{"href":"https:\/\/shop.kustom.ch\/it\/wp-json\/wp\/v2\/product"}],"about":[{"href":"https:\/\/shop.kustom.ch\/it\/wp-json\/wp\/v2\/types\/product"}],"wp:featuredmedia":[{"embeddable":true,"href":"https:\/\/shop.kustom.ch\/it\/wp-json\/wp\/v2\/media\/671878"}],"wp:attachment":[{"href":"https:\/\/shop.kustom.ch\/it\/wp-json\/wp\/v2\/media?parent=613395"}],"wp:term":[{"taxonomy":"product_brand","embeddable":true,"href":"https:\/\/shop.kustom.ch\/it\/wp-json\/wp\/v2\/product_brand?post=613395"},{"taxonomy":"product_cat","embeddable":true,"href":"https:\/\/shop.kustom.ch\/it\/wp-json\/wp\/v2\/product_cat?post=613395"},{"taxonomy":"product_tag","embeddable":true,"href":"https:\/\/shop.kustom.ch\/it\/wp-json\/wp\/v2\/product_tag?post=613395"}],"curies":[{"name":"wp","href":"https:\/\/api.w.org\/{rel}","templated":true}]}}