{"id":613305,"date":"2025-03-06T04:52:57","date_gmt":"2025-03-06T03:52:57","guid":{"rendered":"https:\/\/shop.kustom.ch\/?post_type=product&#038;p=613305"},"modified":"2026-04-01T07:19:09","modified_gmt":"2026-04-01T06:19:09","slug":"fhb-original-marc-t-shirt-zweifarbig","status":"publish","type":"product","link":"https:\/\/shop.kustom.ch\/it\/prodotto\/fhb-original-marc-t-shirt-zweifarbig\/","title":{"rendered":"Maglietta MARC"},"content":{"rendered":"<p>Vestibilit\u00e0 moderna.<br \/>\nIl taglio sottile e dritto si adatta al corpo.Scollo rotondo elasticizzato.Impunture sulla scollatura, sulle maniche e sull'orlo.Rinforzo con nastro per il collo e doppio strato a mezzaluna.Nessuna cucitura sulle spalle.Buone possibilit\u00e0 di decorazione sul davanti, sul retro e sulle maniche.<br \/>\nL'area di contrasto sul retro si trova sopra la posizione di arrivo.<br \/>\nDesign chiaro e senza tempo. Materiale: cotone filato ad anelli 100%<\/p>","protected":false},"excerpt":{"rendered":"<p>Moderne Passform. Sitzt k\u00f6rpernah durch schmalen, geraden Schnitt.Elastischer Rundhalsausschnitt.Steppn\u00e4hte am Halsausschnitt sowie \u00c4rmel und Saum.Verst\u00e4rkung durch Nackenband und Doppellage in Halbmondform.Keine Schulternaht.Gute Veredelungsm\u00f6glichkeiten vorne, hinten und an den \u00c4rmeln. Der Kontrastbereich hinten liegt oberhalb der Veredelungsposition. Klares, zeitlose Design.. Material: 100% Ringspinn-Baumwolle<\/p>","protected":false},"featured_media":672217,"template":"","meta":[],"product_brand":[],"product_cat":[4201],"product_tag":[],"class_list":{"0":"post-613305","1":"product","2":"type-product","3":"status-publish","4":"has-post-thumbnail","6":"product_cat-t-shirts","7":"pa_brand-fhb","8":"pa_brand-type-workwear","9":"pa_filter-color-anthrazit-schwarz","10":"pa_filter-color-beige-schwarz","11":"pa_filter-color-grau-schwarz","12":"pa_filter-color-gruen-schwarz","13":"pa_filter-color-marine-schwarz","14":"pa_filter-color-oliv-schwarz","15":"pa_filter-color-rot-schwarz","16":"pa_filter-color-royalblau-schwarz","17":"pa_filter-color-weiss-anthrazit","19":"first","20":"instock","21":"sale","22":"taxable","23":"shipping-taxable","24":"purchasable","25":"product-type-variable","26":"add-to-wishlist-before_image"},"exclude_global_add_ons":[],"addons":[],"acf":[],"_links":{"self":[{"href":"https:\/\/shop.kustom.ch\/it\/wp-json\/wp\/v2\/product\/613305"}],"collection":[{"href":"https:\/\/shop.kustom.ch\/it\/wp-json\/wp\/v2\/product"}],"about":[{"href":"https:\/\/shop.kustom.ch\/it\/wp-json\/wp\/v2\/types\/product"}],"wp:featuredmedia":[{"embeddable":true,"href":"https:\/\/shop.kustom.ch\/it\/wp-json\/wp\/v2\/media\/672217"}],"wp:attachment":[{"href":"https:\/\/shop.kustom.ch\/it\/wp-json\/wp\/v2\/media?parent=613305"}],"wp:term":[{"taxonomy":"product_brand","embeddable":true,"href":"https:\/\/shop.kustom.ch\/it\/wp-json\/wp\/v2\/product_brand?post=613305"},{"taxonomy":"product_cat","embeddable":true,"href":"https:\/\/shop.kustom.ch\/it\/wp-json\/wp\/v2\/product_cat?post=613305"},{"taxonomy":"product_tag","embeddable":true,"href":"https:\/\/shop.kustom.ch\/it\/wp-json\/wp\/v2\/product_tag?post=613305"}],"curies":[{"name":"wp","href":"https:\/\/api.w.org\/{rel}","templated":true}]}}