{"id":613285,"date":"2025-03-06T04:52:27","date_gmt":"2025-03-06T03:52:27","guid":{"rendered":"https:\/\/shop.kustom.ch\/?post_type=product&#038;p=613285"},"modified":"2026-04-01T07:36:57","modified_gmt":"2026-04-01T06:36:57","slug":"fhb-original-lenn-arbeitshemd-unisex","status":"publish","type":"product","link":"https:\/\/shop.kustom.ch\/it\/prodotto\/fhb-original-lenn-arbeitshemd-unisex\/","title":{"rendered":"Camicia da lavoro LENN unisex"},"content":{"rendered":"<p>Questa camicia da lavoro con collo alto in stile slip-on \u00e8 l'alternativa al classico perenne del nostro assortimento, prodotta in una qualit\u00e0 pi\u00f9 leggera, senza pieghe sul davanti, con una vestibilit\u00e0 pi\u00f9 stretta e la speciale lavorazione FHB, robusta e di alta qualit\u00e0, 1 taschino sul petto, scollatura profonda per entrare e uscire facilmente, finitura di facile manutenzione, attenzione anche XXS nel programma<\/p>","protected":false},"excerpt":{"rendered":"<p>Questa camicia da lavoro con collo alto in stile slip-on \u00e8 l'alternativa al classico perenne del nostro assortimento, prodotta in una qualit\u00e0 pi\u00f9 leggera, senza pieghe sul davanti, con una vestibilit\u00e0 pi\u00f9 stretta e la speciale lavorazione FHB, robusta e di alta qualit\u00e0, 1 taschino sul petto, scollatura profonda per entrare e uscire facilmente, finitura di facile manutenzione, attenzione anche XXS nel programma<\/p>","protected":false},"featured_media":610029,"template":"","meta":[],"product_brand":[],"product_cat":[4201],"product_tag":[],"class_list":{"0":"post-613285","1":"product","2":"type-product","3":"status-publish","4":"has-post-thumbnail","6":"product_cat-t-shirts","7":"pa_brand-fhb","8":"pa_brand-type-workwear","10":"first","11":"instock","12":"sale","13":"taxable","14":"shipping-taxable","15":"purchasable","16":"product-type-variable","17":"add-to-wishlist-before_image"},"exclude_global_add_ons":[],"addons":[],"acf":[],"_links":{"self":[{"href":"https:\/\/shop.kustom.ch\/it\/wp-json\/wp\/v2\/product\/613285"}],"collection":[{"href":"https:\/\/shop.kustom.ch\/it\/wp-json\/wp\/v2\/product"}],"about":[{"href":"https:\/\/shop.kustom.ch\/it\/wp-json\/wp\/v2\/types\/product"}],"wp:featuredmedia":[{"embeddable":true,"href":"https:\/\/shop.kustom.ch\/it\/wp-json\/wp\/v2\/media\/610029"}],"wp:attachment":[{"href":"https:\/\/shop.kustom.ch\/it\/wp-json\/wp\/v2\/media?parent=613285"}],"wp:term":[{"taxonomy":"product_brand","embeddable":true,"href":"https:\/\/shop.kustom.ch\/it\/wp-json\/wp\/v2\/product_brand?post=613285"},{"taxonomy":"product_cat","embeddable":true,"href":"https:\/\/shop.kustom.ch\/it\/wp-json\/wp\/v2\/product_cat?post=613285"},{"taxonomy":"product_tag","embeddable":true,"href":"https:\/\/shop.kustom.ch\/it\/wp-json\/wp\/v2\/product_tag?post=613285"}],"curies":[{"name":"wp","href":"https:\/\/api.w.org\/{rel}","templated":true}]}}