{"id":613165,"date":"2025-03-06T04:49:43","date_gmt":"2025-03-06T03:49:43","guid":{"rendered":"https:\/\/shop.kustom.ch\/?post_type=product&#038;p=613165"},"modified":"2026-04-01T07:25:39","modified_gmt":"2026-04-01T06:25:39","slug":"fhb-original-theodor-hosentraeger-extra-schmal","status":"publish","type":"product","link":"https:\/\/shop.kustom.ch\/it\/prodotto\/fhb-original-theodor-hosentraeger-extra-schmal\/","title":{"rendered":"Bretelle THEODOR"},"content":{"rendered":"<p>Dimensioni:<br \/>\n120 cmInfinitamente regolabile grazie alle fibbie metalliche facilmente regolabili, la lunghezza delle bretelle pu\u00f2 essere adattata individualmente alle dimensioni e alla forma del corpo.<br \/>\nNella sua dimensione massima, la bretella \u00e8 lunga 120 cm.<br \/>\nDettagli:<br \/>\nCinghie extra strette, larghe 1,8 cmCinghie elasticizzate per una vestibilit\u00e0 particolarmente confortevoleLa croce posteriore \u00e8 in vera pelle.<br \/>\nLa pelle si adatta bene al corpo ed \u00e8 anche molto resistente.<br \/>\n3 clip in acciaio robusto color argento antico con logo FHB, clip delicate, gli inserti in plastica integrati nelle clip garantiscono una tenuta molto stabile e allo stesso tempo proteggono i pantaloni da eventuali danni.<br \/>\nProdotto in:<br \/>\nUcraina<\/p>","protected":false},"excerpt":{"rendered":"<p>Gr\u00f6sse: 120 cmStufenlos verstellbar \u0096 dank der leicht verstellbarer Metall-Schnallen kann die L\u00e4nge der Hosentr\u00e4ger individuell an die K\u00f6rpergr\u00f6sse und K\u00f6rperform angepasst werden. In seiner maximalen Gr\u00f6sse ist der Hosentr\u00e4ger 120 cm lang. Details: Extra schmaler, 1,8 cm breiter Tr\u00e4ger.Elastische Tr\u00e4ger f\u00fcr einen besonders angenehmen TragekomfortDas R\u00fcckenkreuz ist aus echtem Leder. Leder passt sich gut [&hellip;]<\/p>\n","protected":false},"featured_media":672310,"template":"","meta":[],"product_brand":[],"product_cat":[4209],"product_tag":[],"class_list":{"0":"post-613165","1":"product","2":"type-product","3":"status-publish","4":"has-post-thumbnail","6":"product_cat-zubehoer","7":"pa_brand-fhb","8":"pa_brand-type-workwear","9":"pa_filter-color-grau-anthrazit","11":"first","12":"instock","13":"sale","14":"taxable","15":"shipping-taxable","16":"purchasable","17":"product-type-variable","18":"add-to-wishlist-before_image"},"exclude_global_add_ons":[],"addons":[],"acf":[],"_links":{"self":[{"href":"https:\/\/shop.kustom.ch\/it\/wp-json\/wp\/v2\/product\/613165"}],"collection":[{"href":"https:\/\/shop.kustom.ch\/it\/wp-json\/wp\/v2\/product"}],"about":[{"href":"https:\/\/shop.kustom.ch\/it\/wp-json\/wp\/v2\/types\/product"}],"wp:featuredmedia":[{"embeddable":true,"href":"https:\/\/shop.kustom.ch\/it\/wp-json\/wp\/v2\/media\/672310"}],"wp:attachment":[{"href":"https:\/\/shop.kustom.ch\/it\/wp-json\/wp\/v2\/media?parent=613165"}],"wp:term":[{"taxonomy":"product_brand","embeddable":true,"href":"https:\/\/shop.kustom.ch\/it\/wp-json\/wp\/v2\/product_brand?post=613165"},{"taxonomy":"product_cat","embeddable":true,"href":"https:\/\/shop.kustom.ch\/it\/wp-json\/wp\/v2\/product_cat?post=613165"},{"taxonomy":"product_tag","embeddable":true,"href":"https:\/\/shop.kustom.ch\/it\/wp-json\/wp\/v2\/product_tag?post=613165"}],"curies":[{"name":"wp","href":"https:\/\/api.w.org\/{rel}","templated":true}]}}