{"id":613151,"date":"2025-03-06T04:49:41","date_gmt":"2025-03-06T03:49:41","guid":{"rendered":"https:\/\/shop.kustom.ch\/?post_type=product&#038;p=613151"},"modified":"2026-04-01T07:10:59","modified_gmt":"2026-04-01T06:10:59","slug":"fhb-original-eduard-hosentraeger-dachdecker","status":"publish","type":"product","link":"https:\/\/shop.kustom.ch\/it\/prodotto\/fhb-original-eduard-hosentraeger-dachdecker\/","title":{"rendered":"EDUARD Bretelle per tetti"},"content":{"rendered":"<p>Gilda:<br \/>\nTettoia<br \/>\nDimensioni:<br \/>\n120 cm Infinitamente regolabile Grazie alle fibbie metalliche facilmente regolabili, la lunghezza delle bretelle pu\u00f2 essere adattata individualmente alle dimensioni e alla forma del corpo.<br \/>\nNella sua dimensione massima, la bretella \u00e8 lunga 120 cm.<br \/>\nDettagli:<br \/>\nBretelle robuste, larghe 4 cm Bretelle elasticizzate ed estensibili per una vestibilit\u00e0 confortevole Le bretelle a X sono particolarmente vantaggiose sul lavoro.<br \/>\nLe cinghie incrociate sulla schiena offrono un sostegno particolarmente efficace.<br \/>\nLa croce posteriore \u00e8 in vera pelle.<br \/>\nLa pelle si adatta bene al corpo ed \u00e8 molto resistente.<br \/>\n4 robuste clip in acciaio FHB Le bretelle con 4 clip trattengono i pantaloni in modo pi\u00f9 uniforme rispetto ai modelli con 3 clip, che hanno solo una clip al centro sul retro.Clip delicate Gli inserti in plastica integrati nelle clip garantiscono una tenuta molto stabile e allo stesso tempo proteggono i pantaloni da eventuali danni.<br \/>\nProdotto in:<br \/>\nGermania<\/p>","protected":false},"excerpt":{"rendered":"<p>Zunft: Dachdecker Gr\u00f6sse: 120 cm.Stufenlos verstellbar \u0096 dank der leicht verstellbarer Metall-Schnallen kann die L\u00e4nge der Hosentr\u00e4ger individuell an die K\u00f6rpergr\u00f6sse und K\u00f6rperform angepasst werden. In seiner maximalen Gr\u00f6sse ist der Hosentr\u00e4ger 120 cm lang. Details: Zunftzeichen gesticktStabiler, 4 cm breiter Tr\u00e4ger.Elastisch \u0096 dehnbare Tr\u00e4ger f\u00fcr einen angenehmen TragekomfortX-Form \u0096 besonders bei der Arbeit sind [&hellip;]<\/p>\n","protected":false},"featured_media":671980,"template":"","meta":[],"product_brand":[],"product_cat":[4209],"product_tag":[],"class_list":{"0":"post-613151","1":"product","2":"type-product","3":"status-publish","4":"has-post-thumbnail","6":"product_cat-zubehoer","7":"pa_brand-fhb","8":"pa_brand-type-workwear","9":"pa_filter-color-schwarz","11":"first","12":"instock","13":"sale","14":"taxable","15":"shipping-taxable","16":"purchasable","17":"product-type-variable","18":"add-to-wishlist-before_image"},"exclude_global_add_ons":[],"addons":[],"acf":[],"_links":{"self":[{"href":"https:\/\/shop.kustom.ch\/it\/wp-json\/wp\/v2\/product\/613151"}],"collection":[{"href":"https:\/\/shop.kustom.ch\/it\/wp-json\/wp\/v2\/product"}],"about":[{"href":"https:\/\/shop.kustom.ch\/it\/wp-json\/wp\/v2\/types\/product"}],"wp:featuredmedia":[{"embeddable":true,"href":"https:\/\/shop.kustom.ch\/it\/wp-json\/wp\/v2\/media\/671980"}],"wp:attachment":[{"href":"https:\/\/shop.kustom.ch\/it\/wp-json\/wp\/v2\/media?parent=613151"}],"wp:term":[{"taxonomy":"product_brand","embeddable":true,"href":"https:\/\/shop.kustom.ch\/it\/wp-json\/wp\/v2\/product_brand?post=613151"},{"taxonomy":"product_cat","embeddable":true,"href":"https:\/\/shop.kustom.ch\/it\/wp-json\/wp\/v2\/product_cat?post=613151"},{"taxonomy":"product_tag","embeddable":true,"href":"https:\/\/shop.kustom.ch\/it\/wp-json\/wp\/v2\/product_tag?post=613151"}],"curies":[{"name":"wp","href":"https:\/\/api.w.org\/{rel}","templated":true}]}}