{"id":613124,"date":"2025-03-06T04:48:29","date_gmt":"2025-03-06T03:48:29","guid":{"rendered":"https:\/\/shop.kustom.ch\/?post_type=product&#038;p=613124"},"modified":"2026-04-01T07:34:57","modified_gmt":"2026-04-01T06:34:57","slug":"fhb-original-ben-staude-langarm","status":"publish","type":"product","link":"https:\/\/shop.kustom.ch\/it\/prodotto\/fhb-original-ben-staude-langarm\/","title":{"rendered":"BEN Perennial manica lunga"},"content":{"rendered":"<p>La camicia classica ha una vestibilit\u00e0 ampia e un taglio dritto.<br \/>\nIl taglio pi\u00f9 lungo impedisce ai pantaloni di scivolare via rapidamente e il petto plissettato tipico di una vera e propria perenne.<br \/>\nColletto rialzato con altezza ridotta come un'originale camicia da lavoro.Forma slip-on con scollatura bassa per entrare e uscire facilmente.Camicia a maniche lunghe con classici spacchi sulle maniche.Il tessuto robusto conferisce alla camicia una sensazione stabile e granulosa e un'elevata durata.Tutte le cuciture sono rifinite come cuciture cadute.<br \/>\nTutti i bottoni sono avvolti con il sistema Ascolite e quindi assicurati.Chi perde i bottoni quando lavora davanti alla pancia con una camicia classica sar\u00e0 felice qui: non ci sono bottoni.Aree pulite e ampie per il vostro logo - davanti, dietro e sulle maniche. Materiale: cotone 100% sanforizzato<\/p>","protected":false},"excerpt":{"rendered":"<p>Das klassische Hemd hat eine lockere Passform und ist gerade geschnitten. Die l\u00e4ngere Schnittform verhindert ein schnelles Rausrutschen aus der Hose.Typische Faltenbrust einer z\u00fcnftigen Staude. Stehkragen mit niedriger H\u00f6he wie bei einem urspr\u00fcngliche Arbeitshemd.Schlupfform mit tiefem Ausschnitt f\u00fcr ein leichtes Rein und Raus.Lang\u00e4rmeliges Hemd mit klassischer \u00c4rmelschlitzverarbeitung.Das starke Gewebe verleiht dem Hemd einen stabilen, k\u00f6rnigen [&hellip;]<\/p>\n","protected":false},"featured_media":671913,"template":"","meta":[],"product_brand":[],"product_cat":[4201],"product_tag":[],"class_list":{"0":"post-613124","1":"product","2":"type-product","3":"status-publish","4":"has-post-thumbnail","6":"product_cat-t-shirts","7":"pa_brand-fhb","8":"pa_brand-type-workwear","9":"pa_filter-color-weiss","11":"first","12":"instock","13":"sale","14":"taxable","15":"shipping-taxable","16":"purchasable","17":"product-type-variable","18":"add-to-wishlist-before_image"},"exclude_global_add_ons":[],"addons":[],"acf":[],"_links":{"self":[{"href":"https:\/\/shop.kustom.ch\/it\/wp-json\/wp\/v2\/product\/613124"}],"collection":[{"href":"https:\/\/shop.kustom.ch\/it\/wp-json\/wp\/v2\/product"}],"about":[{"href":"https:\/\/shop.kustom.ch\/it\/wp-json\/wp\/v2\/types\/product"}],"wp:featuredmedia":[{"embeddable":true,"href":"https:\/\/shop.kustom.ch\/it\/wp-json\/wp\/v2\/media\/671913"}],"wp:attachment":[{"href":"https:\/\/shop.kustom.ch\/it\/wp-json\/wp\/v2\/media?parent=613124"}],"wp:term":[{"taxonomy":"product_brand","embeddable":true,"href":"https:\/\/shop.kustom.ch\/it\/wp-json\/wp\/v2\/product_brand?post=613124"},{"taxonomy":"product_cat","embeddable":true,"href":"https:\/\/shop.kustom.ch\/it\/wp-json\/wp\/v2\/product_cat?post=613124"},{"taxonomy":"product_tag","embeddable":true,"href":"https:\/\/shop.kustom.ch\/it\/wp-json\/wp\/v2\/product_tag?post=613124"}],"curies":[{"name":"wp","href":"https:\/\/api.w.org\/{rel}","templated":true}]}}