{"id":613040,"date":"2025-03-06T04:43:35","date_gmt":"2025-03-06T03:43:35","guid":{"rendered":"https:\/\/shop.kustom.ch\/?post_type=product&#038;p=613040"},"modified":"2026-04-01T07:18:46","modified_gmt":"2026-04-01T06:18:46","slug":"fhb-original-max-holstertasche-rechts","status":"publish","type":"product","link":"https:\/\/shop.kustom.ch\/it\/prodotto\/fhb-original-max-holstertasche-rechts\/","title":{"rendered":"Tasca per fondina MAX a destra"},"content":{"rendered":"<p>Massa:<br \/>\nAltezza 26,5 cm (altezza della borsa senza chiusure 23 cm)Larghezza 20 cm<br \/>\nSpazio di archiviazione aggiuntivo:<br \/>\n2 ampie tasche a volume sovrapposto offrono spazio sufficiente per chiodi, viti, lame di coltelli da taglio, trapani, guanti, graffette e molto altro ancora.Lembo con chiusura a velcro per coprire gli scomparti.Il lembo pu\u00f2 essere fatto scorrere nello scomparto posteriore durante il lavoro per avere sempre pieno accesso al contenuto.Apertura extra ampia.Max \u00e8 attaccato ai passanti della cintura sul lato destro dei pantaloni.<br \/>\nMateriale particolarmente robusto:<br \/>\nCORDURA\u00ae \u00e8 un tessuto estremamente robusto.<br \/>\n\u00c8 fino a dieci volte pi\u00f9 resistente all'abrasione rispetto al cotone.<br \/>\nLa speciale tecnica di tessitura e il rivestimento garantiscono questa eccezionale durata.<br \/>\nIl materiale \u00e8 particolarmente resistente agli strappi e alle forature.<br \/>\nCi\u00f2 significa che chiodi, viti e altri oggetti appuntiti sono perfettamente protetti. Un altro punto a favore: CORDURA\u00ae \u00e8 altamente idrorepellente.<br \/>\nIl contenuto \u00e8 protetto dall'umidit\u00e0.<br \/>\nInnovativa chiusura a sgancio rapido:<br \/>\nGrazie all'innovativa chiusura rapida, la borsa degli attrezzi pu\u00f2 essere facilmente agganciata e rimossa dai passanti della cintura in pochi secondi.<br \/>\nLa chiusura flessibile \u00e8 stata sviluppata insieme a YKK.<br \/>\nLe due chiusure hanno la distanza giusta per i passanti dei nostri pantaloni da lavoro e dei pantaloni della gilda.<\/p>","protected":false},"excerpt":{"rendered":"<p>Masse: H\u00f6he 26,5 cm (Taschenh\u00f6he ohne Verschl\u00fcsse 23 cm)Breite 20 cm Zus\u00e4tzlicher Stauraum: 2 ger\u00e4umige, aufeinander liegende Volumentaschen bieten genug Platz f\u00fcr N\u00e4gel, Schrauben, Cuttermesser-Klingen, Bohrer, Handschuhe, Tackerklammern und vieles mehr.Pattenklappe mit Klettverschluss zur Abdeckung der F\u00e4cher.Die Patte kann w\u00e4hrend der Arbeit in das hintere Fach geschoben werden, um permanent vollen Zugriff auf den Inhalt [&hellip;]<\/p>\n","protected":false},"featured_media":672243,"template":"","meta":[],"product_brand":[],"product_cat":[4209],"product_tag":[],"class_list":{"0":"post-613040","1":"product","2":"type-product","3":"status-publish","4":"has-post-thumbnail","6":"product_cat-zubehoer","7":"pa_brand-fhb","8":"pa_brand-type-workwear","9":"pa_filter-color-schwarz","11":"first","12":"instock","13":"sale","14":"taxable","15":"shipping-taxable","16":"purchasable","17":"product-type-variable","18":"add-to-wishlist-before_image"},"exclude_global_add_ons":[],"addons":[],"acf":[],"_links":{"self":[{"href":"https:\/\/shop.kustom.ch\/it\/wp-json\/wp\/v2\/product\/613040"}],"collection":[{"href":"https:\/\/shop.kustom.ch\/it\/wp-json\/wp\/v2\/product"}],"about":[{"href":"https:\/\/shop.kustom.ch\/it\/wp-json\/wp\/v2\/types\/product"}],"wp:featuredmedia":[{"embeddable":true,"href":"https:\/\/shop.kustom.ch\/it\/wp-json\/wp\/v2\/media\/672243"}],"wp:attachment":[{"href":"https:\/\/shop.kustom.ch\/it\/wp-json\/wp\/v2\/media?parent=613040"}],"wp:term":[{"taxonomy":"product_brand","embeddable":true,"href":"https:\/\/shop.kustom.ch\/it\/wp-json\/wp\/v2\/product_brand?post=613040"},{"taxonomy":"product_cat","embeddable":true,"href":"https:\/\/shop.kustom.ch\/it\/wp-json\/wp\/v2\/product_cat?post=613040"},{"taxonomy":"product_tag","embeddable":true,"href":"https:\/\/shop.kustom.ch\/it\/wp-json\/wp\/v2\/product_tag?post=613040"}],"curies":[{"name":"wp","href":"https:\/\/api.w.org\/{rel}","templated":true}]}}