{"id":612908,"date":"2025-03-06T04:40:12","date_gmt":"2025-03-06T03:40:12","guid":{"rendered":"https:\/\/shop.kustom.ch\/?post_type=product&#038;p=612908"},"modified":"2026-04-01T07:35:16","modified_gmt":"2026-04-01T06:35:16","slug":"fhb-original-julian-sneaker-flach-en-iso-20345-s3","status":"publish","type":"product","link":"https:\/\/shop.kustom.ch\/it\/prodotto\/fhb-original-julian-sneaker-flach-en-iso-20345-s3\/","title":{"rendered":"JULIAN sneaker piatta EN ISO 25-S3"},"content":{"rendered":"<p>Norm:<br \/>\nCertificato secondo la norma EN ISO 20345<br \/>\nClasse di protezione:<br \/>\nS3<br \/>\nIn forma:<br \/>\nLarghezza del piede 11,5 cm di altezza dell'albero.<br \/>\nLa scarpa allacciata pu\u00f2 essere chiusa con 10 occhielli in metallo.<br \/>\nProtezione dalla penetrazione:<br \/>\nProtezione dalla penetrazione senza metallo, in tessuto.<br \/>\nLa suola antiperforazione protegge dalle lesioni causate da piccoli oggetti in giro, come chiodi o vetri rotti.<br \/>\nProtezione della punta del piede:<br \/>\nL'ampio puntale in plastica rinforzata con fibra di vetro protegge in modo affidabile le dita dei piedi dalla caduta di oggetti.<br \/>\nOffre inoltre spazio sufficiente per le dita dei piedi.<br \/>\nSuola:<br \/>\nLa suola \u00e8 flessibile e presenta le migliori propriet\u00e0 di ammortizzazione, che favoriscono il naturale comportamento di rotolamento.<br \/>\nI lati della suola sono rinforzati con un inserto aggiuntivo per alleviare la pressione sul piede e aumentare il comfort dell'utilizzatore, rendendoli particolarmente resistenti all'abrasione e dimensionalmente stabili.<br \/>\nSoletta:<br \/>\nLa soletta morbida e ammortizzante assicura un elevato comfort di camminata.<br \/>\nLa forma anatomica sostiene il piede in un movimento di rotolamento naturale, mentre la soletta traspirante regola bene l'umidit\u00e0 e garantisce un clima piacevole per il piede.<br \/>\nFodera interna:<br \/>\nAll'interno delle scarpe, una fodera tessile traspirante e funzionale assicura una regolazione ottimale dell'umidit\u00e0 e una rapida asciugatura delle scarpe, mentre il rivestimento interno resistente \u00e8 altamente resistente all'abrasione e quindi durevole. Materiale: pelle di bufalo<\/p>","protected":false},"excerpt":{"rendered":"<p>Norm: Zertifiziert nach EN ISO 20345 Schutzklasse: S3 Passform: Fussweite 11.Halbhoher Schaft. Schn\u00fcrschuh mit 10 Metall\u00f6sen verschliessbar. Durchtrittschutz: Textiler, metallfreier Durchtrittschutz. Die durchtrittsichere Sohle sch\u00fctzt vor Verletzungen durch herumliegenden Kleinteile, wie z.B. N\u00e4gel oder Scherben. Zehenschutz: Die breite Zehenschutzkappe aus glasfaserverst\u00e4rktem Kunststoff sch\u00fctzt deine Zehen zuverl\u00e4ssig vor herabfallenden Gegenst\u00e4nden. Sie bietet zudem noch gen\u00fcgend Raum [&hellip;]<\/p>\n","protected":false},"featured_media":672159,"template":"","meta":[],"product_brand":[],"product_cat":[4197],"product_tag":[],"class_list":{"0":"post-612908","1":"product","2":"type-product","3":"status-publish","4":"has-post-thumbnail","6":"product_cat-schuhe-sandalen","7":"pa_brand-fhb","8":"pa_brand-type-workwear","9":"pa_filter-color-schwarz","11":"first","12":"instock","13":"sale","14":"taxable","15":"shipping-taxable","16":"purchasable","17":"product-type-variable","18":"add-to-wishlist-before_image"},"exclude_global_add_ons":[],"addons":[],"acf":[],"_links":{"self":[{"href":"https:\/\/shop.kustom.ch\/it\/wp-json\/wp\/v2\/product\/612908"}],"collection":[{"href":"https:\/\/shop.kustom.ch\/it\/wp-json\/wp\/v2\/product"}],"about":[{"href":"https:\/\/shop.kustom.ch\/it\/wp-json\/wp\/v2\/types\/product"}],"wp:featuredmedia":[{"embeddable":true,"href":"https:\/\/shop.kustom.ch\/it\/wp-json\/wp\/v2\/media\/672159"}],"wp:attachment":[{"href":"https:\/\/shop.kustom.ch\/it\/wp-json\/wp\/v2\/media?parent=612908"}],"wp:term":[{"taxonomy":"product_brand","embeddable":true,"href":"https:\/\/shop.kustom.ch\/it\/wp-json\/wp\/v2\/product_brand?post=612908"},{"taxonomy":"product_cat","embeddable":true,"href":"https:\/\/shop.kustom.ch\/it\/wp-json\/wp\/v2\/product_cat?post=612908"},{"taxonomy":"product_tag","embeddable":true,"href":"https:\/\/shop.kustom.ch\/it\/wp-json\/wp\/v2\/product_tag?post=612908"}],"curies":[{"name":"wp","href":"https:\/\/api.w.org\/{rel}","templated":true}]}}