{"id":612845,"date":"2025-03-06T04:39:25","date_gmt":"2025-03-06T03:39:25","guid":{"rendered":"https:\/\/shop.kustom.ch\/?post_type=product&#038;p=612845"},"modified":"2026-04-01T07:35:24","modified_gmt":"2026-04-01T06:35:24","slug":"fhb-original-ole-zunfthose-zwirn-doppel-pilot","status":"publish","type":"product","link":"https:\/\/shop.kustom.ch\/it\/prodotto\/fhb-original-ole-zunfthose-zwirn-doppel-pilot\/","title":{"rendered":"Pantaloni della gilda OLE doppio pilota attorcigliato"},"content":{"rendered":"<p>In forma:<br \/>\nI pantaloni della gilda hanno un taglio comodo e si adattano in modo ampio e confortevole, e sono tagliati leggermente pi\u00f9 larghi sulle cosce in modo da non limitare i movimenti, anche con un regolo pieghevole nella tasca laterale.<br \/>\nCirconferenza della larghezza del piede:<br \/>\n48 cm<br \/>\nBorse:<br \/>\nTasche a soffietto a destra e a sinistra.Tasche voluminose con ampia apertura.Le borse a tasca fissa sono realizzate in tessuto foderato resistente (300 g\/m\u00b2).<br \/>\n1 tasca posteriore con bottone, i passanti per la cintura hanno la giusta distanza per le tasche delle fondine FHB Max e Moritz.<br \/>\nChiusure a zip:<br \/>\nLe cerniere dorate ed extra-large di YKK con estremit\u00e0 solide sono particolarmente robuste e durevoli.<br \/>\nElaborazione:<br \/>\nLe robuste cuciture doppie rinforzano i pantaloni per una maggiore durata.<br \/>\nGli angoli con doppia cucitura e i profili in ecopelle proteggono gli angoli della borsa da strappi, anche in caso di carichi pesanti.<br \/>\nIl vostro logo:<br \/>\nOttime opzioni di finitura per posizionare perfettamente il vostro logo. Materiale: cotone 100%<\/p>","protected":false},"excerpt":{"rendered":"<p>Passform: Die Zunfthose ist bequem geschnitten und sitzt locker und angenehm.An den Oberschenkeln ist die Zunfthose etwas weiter geschnitten, damit sie dich auch mit Zollstock in der seitlichen Tasche nicht in der Bewegung einschr\u00e4nkt. Fussweitenumfang: 48 cm Taschen: Zollstocktaschen rechts und links.Ger\u00e4umige Volumentaschen mit breitem Eingriff.Feste Taschenbeutel sind aus strapazierf\u00e4higem Futterstoffgewebe (300 g\/m\u00b2) gefertigt. 1 [&hellip;]<\/p>\n","protected":false},"featured_media":672255,"template":"","meta":[],"product_brand":[],"product_cat":[4185],"product_tag":[],"class_list":{"0":"post-612845","1":"product","2":"type-product","3":"status-publish","4":"has-post-thumbnail","6":"product_cat-hosen","7":"pa_brand-fhb","8":"pa_brand-type-workwear","9":"pa_filter-color-hamburger-streifen","11":"first","12":"instock","13":"sale","14":"taxable","15":"shipping-taxable","16":"purchasable","17":"product-type-variable","18":"add-to-wishlist-before_image"},"exclude_global_add_ons":[],"addons":[],"acf":[],"_links":{"self":[{"href":"https:\/\/shop.kustom.ch\/it\/wp-json\/wp\/v2\/product\/612845"}],"collection":[{"href":"https:\/\/shop.kustom.ch\/it\/wp-json\/wp\/v2\/product"}],"about":[{"href":"https:\/\/shop.kustom.ch\/it\/wp-json\/wp\/v2\/types\/product"}],"wp:featuredmedia":[{"embeddable":true,"href":"https:\/\/shop.kustom.ch\/it\/wp-json\/wp\/v2\/media\/672255"}],"wp:attachment":[{"href":"https:\/\/shop.kustom.ch\/it\/wp-json\/wp\/v2\/media?parent=612845"}],"wp:term":[{"taxonomy":"product_brand","embeddable":true,"href":"https:\/\/shop.kustom.ch\/it\/wp-json\/wp\/v2\/product_brand?post=612845"},{"taxonomy":"product_cat","embeddable":true,"href":"https:\/\/shop.kustom.ch\/it\/wp-json\/wp\/v2\/product_cat?post=612845"},{"taxonomy":"product_tag","embeddable":true,"href":"https:\/\/shop.kustom.ch\/it\/wp-json\/wp\/v2\/product_tag?post=612845"}],"curies":[{"name":"wp","href":"https:\/\/api.w.org\/{rel}","templated":true}]}}