{"id":612438,"date":"2025-03-06T04:35:32","date_gmt":"2025-03-06T03:35:32","guid":{"rendered":"https:\/\/shop.kustom.ch\/?post_type=product&#038;p=612438"},"modified":"2026-04-01T07:04:12","modified_gmt":"2026-04-01T06:04:12","slug":"fhb-original-rob-zip-sweatshirt-unisex","status":"publish","type":"product","link":"https:\/\/shop.kustom.ch\/it\/prodotto\/fhb-original-rob-zip-sweatshirt-unisex\/","title":{"rendered":"Felpa con zip ROB unisex"},"content":{"rendered":"<p>Questa tuta di alta qualit\u00e0 e resistenza, realizzata in morbido tessuto di jersey di cotone con interno in spugna francese (speciale struttura ad anello), la rende leggera e comoda da indossare, vestibilit\u00e0 slim, cerniera frontale YKK fino alla parte superiore del colletto, scollatura profonda per facilitare l'ingresso e l'uscita, maglia a costine pesanti da 450 g\/mq sull'orlo e sui polsini che ne prolunga la durata, 2 tasche laterali ben integrate con cerniera nascosta ne sottolineano l'alta funzionalit\u00e0, adatta per la lavanderia industriale<\/p>","protected":false},"excerpt":{"rendered":"<p>dieser hochwertige und strapazierf\u00e4hige Troyer aus einem weichen Baumwolljersey-Mischgewebe sorgt mit seiner French-Terry-Innenseite (besondere Schlaufenstruktur) f\u00fcr ein leichtes und komfortables Tragegef\u00fchl, schmale Passform, YKK-Frontrei\u00dfverschluss bis in die Kragenspitze, tiefer Ausschnitt f\u00fcr ein bequemes Rein und Raus, 450g\/qm schwerer Rippenstrick am Saum und an den B\u00fcndchen verl\u00e4ngert die Lebensdauer, 2 gut integrierte Seitentaschen mit verdecktem Rei\u00dfverschluss [&hellip;]<\/p>\n","protected":false},"featured_media":609801,"template":"","meta":[],"product_brand":[],"product_cat":[4201],"product_tag":[],"class_list":{"0":"post-612438","1":"product","2":"type-product","3":"status-publish","4":"has-post-thumbnail","6":"product_cat-t-shirts","7":"pa_brand-fhb","8":"pa_brand-type-workwear","9":"pa_filter-color-beige","10":"pa_filter-color-blau","11":"pa_filter-color-grau","12":"pa_filter-color-gruen","13":"pa_filter-color-rot","14":"pa_filter-color-schwarz","15":"pa_filter-color-weiss","17":"first","18":"instock","19":"sale","20":"taxable","21":"shipping-taxable","22":"purchasable","23":"product-type-variable","24":"add-to-wishlist-before_image"},"exclude_global_add_ons":[],"addons":[],"acf":[],"_links":{"self":[{"href":"https:\/\/shop.kustom.ch\/it\/wp-json\/wp\/v2\/product\/612438"}],"collection":[{"href":"https:\/\/shop.kustom.ch\/it\/wp-json\/wp\/v2\/product"}],"about":[{"href":"https:\/\/shop.kustom.ch\/it\/wp-json\/wp\/v2\/types\/product"}],"wp:featuredmedia":[{"embeddable":true,"href":"https:\/\/shop.kustom.ch\/it\/wp-json\/wp\/v2\/media\/609801"}],"wp:attachment":[{"href":"https:\/\/shop.kustom.ch\/it\/wp-json\/wp\/v2\/media?parent=612438"}],"wp:term":[{"taxonomy":"product_brand","embeddable":true,"href":"https:\/\/shop.kustom.ch\/it\/wp-json\/wp\/v2\/product_brand?post=612438"},{"taxonomy":"product_cat","embeddable":true,"href":"https:\/\/shop.kustom.ch\/it\/wp-json\/wp\/v2\/product_cat?post=612438"},{"taxonomy":"product_tag","embeddable":true,"href":"https:\/\/shop.kustom.ch\/it\/wp-json\/wp\/v2\/product_tag?post=612438"}],"curies":[{"name":"wp","href":"https:\/\/api.w.org\/{rel}","templated":true}]}}