{"id":612325,"date":"2025-03-06T04:34:35","date_gmt":"2025-03-06T03:34:35","guid":{"rendered":"https:\/\/shop.kustom.ch\/?post_type=product&#038;p=612325"},"modified":"2026-04-01T07:22:33","modified_gmt":"2026-04-01T06:22:33","slug":"fhb-original-quentin-hoodie-jacke-unisex","status":"publish","type":"product","link":"https:\/\/shop.kustom.ch\/it\/prodotto\/fhb-original-quentin-hoodie-jacke-unisex\/","title":{"rendered":"QUENTIN giacca con cappuccio unisex"},"content":{"rendered":"<p>Questa giacca con cappuccio di alta qualit\u00e0 e resistenza, realizzata in morbido tessuto di jersey di cotone con interno spazzolato, \u00e8 incredibilmente comoda da indossare. Vestibilit\u00e0 slim, robusta cerniera frontale YKK Vislon, cappuccio a doppio strato e maglia a coste da 450 g\/mq su orlo e polsini ne prolungano la durata, 2 tasche laterali ben integrate con cerniera nascosta sottolineano l'alto livello di funzionalit\u00e0, adatta alla lavanderia industriale.<\/p>","protected":false},"excerpt":{"rendered":"<p>Questa giacca con cappuccio di alta qualit\u00e0 e resistenza, realizzata in morbido tessuto di jersey di cotone con interno spazzolato, \u00e8 incredibilmente comoda da indossare. Vestibilit\u00e0 slim, robusta cerniera frontale YKK Vislon, cappuccio a doppio strato e maglia a coste da 450 g\/mq su orlo e polsini ne prolungano la durata, 2 tasche laterali ben integrate con cerniera nascosta sottolineano l'alto livello di funzionalit\u00e0, adatta alla lavanderia industriale.<\/p>","protected":false},"featured_media":609784,"template":"","meta":[],"product_brand":[],"product_cat":[4201],"product_tag":[],"class_list":{"0":"post-612325","1":"product","2":"type-product","3":"status-publish","4":"has-post-thumbnail","6":"product_cat-t-shirts","7":"pa_brand-fhb","8":"pa_brand-type-workwear","9":"pa_filter-color-beige","10":"pa_filter-color-blau","11":"pa_filter-color-grau","12":"pa_filter-color-gruen","13":"pa_filter-color-rot","14":"pa_filter-color-schwarz","16":"first","17":"instock","18":"sale","19":"taxable","20":"shipping-taxable","21":"purchasable","22":"product-type-variable","23":"add-to-wishlist-before_image"},"exclude_global_add_ons":[],"addons":[],"acf":[],"_links":{"self":[{"href":"https:\/\/shop.kustom.ch\/it\/wp-json\/wp\/v2\/product\/612325"}],"collection":[{"href":"https:\/\/shop.kustom.ch\/it\/wp-json\/wp\/v2\/product"}],"about":[{"href":"https:\/\/shop.kustom.ch\/it\/wp-json\/wp\/v2\/types\/product"}],"wp:featuredmedia":[{"embeddable":true,"href":"https:\/\/shop.kustom.ch\/it\/wp-json\/wp\/v2\/media\/609784"}],"wp:attachment":[{"href":"https:\/\/shop.kustom.ch\/it\/wp-json\/wp\/v2\/media?parent=612325"}],"wp:term":[{"taxonomy":"product_brand","embeddable":true,"href":"https:\/\/shop.kustom.ch\/it\/wp-json\/wp\/v2\/product_brand?post=612325"},{"taxonomy":"product_cat","embeddable":true,"href":"https:\/\/shop.kustom.ch\/it\/wp-json\/wp\/v2\/product_cat?post=612325"},{"taxonomy":"product_tag","embeddable":true,"href":"https:\/\/shop.kustom.ch\/it\/wp-json\/wp\/v2\/product_tag?post=612325"}],"curies":[{"name":"wp","href":"https:\/\/api.w.org\/{rel}","templated":true}]}}