{"id":612234,"date":"2025-03-06T04:33:50","date_gmt":"2025-03-06T03:33:50","guid":{"rendered":"https:\/\/shop.kustom.ch\/?post_type=product&#038;p=612234"},"modified":"2026-04-01T07:11:47","modified_gmt":"2026-04-01T06:11:47","slug":"fhb-original-bennet-hoodie-unisex","status":"publish","type":"product","link":"https:\/\/shop.kustom.ch\/it\/prodotto\/fhb-original-bennet-hoodie-unisex\/","title":{"rendered":"BENNET Felpa con cappuccio unisex"},"content":{"rendered":"<p>questa felpa con cappuccio di alta qualit\u00e0 e resistenza, realizzata in un morbido tessuto di cotone misto jersey con interno spazzolato, \u00e8 incredibilmente comoda da indossare. La vestibilit\u00e0 slim, il cappuccio a doppio strato e la maglia a costine da 450 g\/mq sull'orlo e sui polsini ne prolungano la durata, le 2 tasche laterali ben integrate con cerniera nascosta ne sottolineano l'alta funzionalit\u00e0, adatta alla lavanderia industriale.<\/p>","protected":false},"excerpt":{"rendered":"<p>questa felpa con cappuccio di alta qualit\u00e0 e resistenza, realizzata in un morbido tessuto di cotone misto jersey con interno spazzolato, \u00e8 incredibilmente comoda da indossare. La vestibilit\u00e0 slim, il cappuccio a doppio strato e la maglia a costine da 450 g\/mq sull'orlo e sui polsini ne prolungano la durata, le 2 tasche laterali ben integrate con cerniera nascosta ne sottolineano l'alta funzionalit\u00e0, adatta alla lavanderia industriale.<\/p>","protected":false},"featured_media":609773,"template":"","meta":[],"product_brand":[],"product_cat":[4201],"product_tag":[],"class_list":{"0":"post-612234","1":"product","2":"type-product","3":"status-publish","4":"has-post-thumbnail","6":"product_cat-t-shirts","7":"pa_brand-fhb","8":"pa_brand-type-workwear","9":"pa_filter-color-beige","10":"pa_filter-color-blau","11":"pa_filter-color-grau","12":"pa_filter-color-gruen","13":"pa_filter-color-rot","14":"pa_filter-color-schwarz","16":"first","17":"instock","18":"sale","19":"taxable","20":"shipping-taxable","21":"purchasable","22":"product-type-variable","23":"add-to-wishlist-before_image"},"exclude_global_add_ons":[],"addons":[],"acf":[],"_links":{"self":[{"href":"https:\/\/shop.kustom.ch\/it\/wp-json\/wp\/v2\/product\/612234"}],"collection":[{"href":"https:\/\/shop.kustom.ch\/it\/wp-json\/wp\/v2\/product"}],"about":[{"href":"https:\/\/shop.kustom.ch\/it\/wp-json\/wp\/v2\/types\/product"}],"wp:featuredmedia":[{"embeddable":true,"href":"https:\/\/shop.kustom.ch\/it\/wp-json\/wp\/v2\/media\/609773"}],"wp:attachment":[{"href":"https:\/\/shop.kustom.ch\/it\/wp-json\/wp\/v2\/media?parent=612234"}],"wp:term":[{"taxonomy":"product_brand","embeddable":true,"href":"https:\/\/shop.kustom.ch\/it\/wp-json\/wp\/v2\/product_brand?post=612234"},{"taxonomy":"product_cat","embeddable":true,"href":"https:\/\/shop.kustom.ch\/it\/wp-json\/wp\/v2\/product_cat?post=612234"},{"taxonomy":"product_tag","embeddable":true,"href":"https:\/\/shop.kustom.ch\/it\/wp-json\/wp\/v2\/product_tag?post=612234"}],"curies":[{"name":"wp","href":"https:\/\/api.w.org\/{rel}","templated":true}]}}