{"id":612033,"date":"2025-03-06T04:32:04","date_gmt":"2025-03-06T03:32:04","guid":{"rendered":"https:\/\/shop.kustom.ch\/?post_type=product&#038;p=612033"},"modified":"2026-04-01T07:21:03","modified_gmt":"2026-04-01T06:21:03","slug":"fhb-original-maximilian-hybrid-softshell-jacke","status":"publish","type":"product","link":"https:\/\/shop.kustom.ch\/it\/prodotto\/fhb-original-maximilian-hybrid-softshell-jacke\/","title":{"rendered":"Giacca softshell ibrida MAXIMILIAN"},"content":{"rendered":"<p>In forma:<br \/>\nMaximilian ha un taglio sportivo.<br \/>\nLa moderna giacca da lavoro si adatta al corpo senza limitare i movimenti, anche se sotto si indossa una felpa come strato intermedio.<br \/>\nLa schiena \u00e8 leggermente pi\u00f9 lunga e copre la zona lombare anche quando si \u00e8 piegati o inginocchiati, il che \u00e8 particolarmente comodo nelle giornate pi\u00f9 fredde.<br \/>\nIl tessuto softshell FHB di alta qualit\u00e0 \u00e8 elastico ed estremamente flessibile.<br \/>\nRegolazione della larghezza:<br \/>\nLa vita pu\u00f2 essere regolata alla larghezza ideale con una coulisse e fissata con stopper.<br \/>\nIn questo modo si garantisce una buona vestibilit\u00e0 della giacca e l'assenza di infiltrazioni di freddo fastidioso.<br \/>\nBorse:<br \/>\n2 ampie tasche laterali con zip.<br \/>\nLe tasche sono dotate di una fodera resistente.<br \/>\n1 tasca esterna sul petto con zip.2 tasche interne aperte.<br \/>\nZip funzionale:<br \/>\nZip anteriore YKK a tutta lunghezza, molto scorrevole, con cerniera estesa per facilitare l'uso della zip anche quando si indossano i guanti.<br \/>\nLa cerniera \u00e8 morbidamente sagomata e ha un interno antiscivolo, mentre la mentoniera (zip garage) sul colletto alto impedisce alla cerniera chiusa di graffiarsi.<br \/>\nStriscia di protezione dal vento:<br \/>\nDietro la cerniera anteriore \u00e8 cucito un lembo di protezione per tutta la lunghezza per tenere fuori l'aria fredda.<br \/>\nCappuccio:<br \/>\nIl cappuccio, insieme al colletto a chiusura alta, protegge in modo affidabile la testa dal bagnato e dal vento, mentre la larghezza del cappuccio \u00e8 regolabile e pu\u00f2 essere adattata individualmente al campo visivo.<br \/>\nIl vostro logo:<br \/>\nBuone possibilit\u00e0 di decorazione sul davanti, sul retro e sui lati. Materiale: 96% poliestere, 4% elastan<\/p>","protected":false},"excerpt":{"rendered":"<p>Passform: Maximilian ist sportlich geschnitten. Die moderne Arbeitsjacke sitzt k\u00f6rpernah, ohne dich in deiner Bewegung einzuschr\u00e4nken &#8211; auch wenn du noch ein Sweatshirt als Zwischenschicht darunter tr\u00e4gst. Der R\u00fccken ist leicht verl\u00e4ngert und deckt auch bei gebeugter oder kniender Haltung den R\u00fcckbereich sauber ab, was insbesondere an k\u00e4lteren Tagen sehr angenehm ist. Das hochwertigen FHB-Softshell-Gewebe [&hellip;]<\/p>\n","protected":false},"featured_media":672244,"template":"","meta":[],"product_brand":[],"product_cat":[4186],"product_tag":[],"class_list":{"0":"post-612033","1":"product","2":"type-product","3":"status-publish","4":"has-post-thumbnail","6":"product_cat-jacken","7":"pa_brand-fhb","8":"pa_brand-type-workwear","9":"pa_filter-color-marine","10":"pa_filter-color-schwarz","12":"first","13":"instock","14":"sale","15":"taxable","16":"shipping-taxable","17":"purchasable","18":"product-type-variable","19":"add-to-wishlist-before_image"},"exclude_global_add_ons":[],"addons":[],"acf":[],"_links":{"self":[{"href":"https:\/\/shop.kustom.ch\/it\/wp-json\/wp\/v2\/product\/612033"}],"collection":[{"href":"https:\/\/shop.kustom.ch\/it\/wp-json\/wp\/v2\/product"}],"about":[{"href":"https:\/\/shop.kustom.ch\/it\/wp-json\/wp\/v2\/types\/product"}],"wp:featuredmedia":[{"embeddable":true,"href":"https:\/\/shop.kustom.ch\/it\/wp-json\/wp\/v2\/media\/672244"}],"wp:attachment":[{"href":"https:\/\/shop.kustom.ch\/it\/wp-json\/wp\/v2\/media?parent=612033"}],"wp:term":[{"taxonomy":"product_brand","embeddable":true,"href":"https:\/\/shop.kustom.ch\/it\/wp-json\/wp\/v2\/product_brand?post=612033"},{"taxonomy":"product_cat","embeddable":true,"href":"https:\/\/shop.kustom.ch\/it\/wp-json\/wp\/v2\/product_cat?post=612033"},{"taxonomy":"product_tag","embeddable":true,"href":"https:\/\/shop.kustom.ch\/it\/wp-json\/wp\/v2\/product_tag?post=612033"}],"curies":[{"name":"wp","href":"https:\/\/api.w.org\/{rel}","templated":true}]}}